{"id":16145,"date":"2026-02-27T00:29:19","date_gmt":"2026-02-27T00:29:19","guid":{"rendered":"https:\/\/nordicmart.andreevmaster.com\/product\/songmics-soptunna-i-metall-svart\/"},"modified":"2026-02-27T08:20:02","modified_gmt":"2026-02-27T08:20:02","slug":"songmics-soptunna-i-metall-svart","status":"publish","type":"product","link":"https:\/\/nordicmart.andreevmaster.com\/sv\/produkt\/songmics-soptunna-i-metall-svart\/","title":{"rendered":"SONGMICS soptunna i metall, svart"},"content":{"rendered":"<p>En praktisk vardagshj\u00e4lpare: Saker som du inte l\u00e4ngre beh\u00f6ver f\u00f6rtj\u00e4nar ocks\u00e5 en v\u00e4rdig plats. Denna 3-liters soptunna i tidl\u00f6st svart passar perfekt i ditt badrum, arbetsrum, sovrum eller bredvid din toalettbord. Din komfort \u00e4r v\u00e5rt m\u00e5l: Den inre soptunnan kan enkelt lyftas ur soptunnan med hj\u00e4lp av det praktiska metallhandtaget och reng\u00f6ras utan problem. med hj\u00e4lp av \u00f6ppningen p\u00e5 innerbeh\u00e5llaren h\u00e5lls sopp\u00e5sen sp\u00e4nd och f\u00f6rblir alltid p\u00e5 sin plats; locket st\u00e4ngs l\u00e5ngsamt och mjukt s\u00e5 att den lugna atmosf\u00e4ren i din l\u00e4genhet inte st\u00f6rs; dessutom skyddar papperskorgen din familj fr\u00e5n obehagliga lukter tack vare den luftt\u00e4ta f\u00f6rslutningen. Produktdetaljer:- F\u00e4rg: Svart &#8211; Material: St\u00e5l (ytterbeh\u00e5llare), plast (innerbeh\u00e5llare) &#8211; Storlek: 22 x 16,7 x 25 cm (L x B x H) &#8211; Total h\u00f6jd (med \u00f6ppet lock): 41,5 cm &#8211; Vikt: 0,7 kg Leveransomfattning: &#8211; 1 x soptunna SONGIMCS Anvisningar:- Torka av produkten med en mjuk, fuktig trasa och anv\u00e4nd vid behov milt reng\u00f6ringsmedel. &#8211; St\u00e4ng inte locket helt med handen, eftersom det kan st\u00e4ngas automatiskt. &#8211; H\u00e5ll produkten borta fr\u00e5n vatten. &#8211; St\u00e4ll produkten p\u00e5 ett plant underlag.<\/p>\n","protected":false},"excerpt":{"rendered":"<p>SONGMICS soptunna, avfallskorg, 3 liter, med pedal, innerkorg av plast, softclose, luktfri, vit, 22 x 16,7 x 25 cm<\/p>\n","protected":false},"featured_media":43871,"comment_status":"open","ping_status":"closed","template":"","meta":[],"product_brand":[],"product_cat":[33],"product_tag":[],"class_list":{"0":"post-16145","1":"product","2":"type-product","3":"status-publish","4":"has-post-thumbnail","6":"product_cat-okategoriserad","8":"first","9":"instock","10":"shipping-taxable","11":"purchasable","12":"product-type-simple"},"_links":{"self":[{"href":"https:\/\/nordicmart.andreevmaster.com\/sv\/wp-json\/wp\/v2\/product\/16145","targetHints":{"allow":["GET"]}}],"collection":[{"href":"https:\/\/nordicmart.andreevmaster.com\/sv\/wp-json\/wp\/v2\/product"}],"about":[{"href":"https:\/\/nordicmart.andreevmaster.com\/sv\/wp-json\/wp\/v2\/types\/product"}],"replies":[{"embeddable":true,"href":"https:\/\/nordicmart.andreevmaster.com\/sv\/wp-json\/wp\/v2\/comments?post=16145"}],"wp:featuredmedia":[{"embeddable":true,"href":"https:\/\/nordicmart.andreevmaster.com\/sv\/wp-json\/wp\/v2\/media\/43871"}],"wp:attachment":[{"href":"https:\/\/nordicmart.andreevmaster.com\/sv\/wp-json\/wp\/v2\/media?parent=16145"}],"wp:term":[{"taxonomy":"product_brand","embeddable":true,"href":"https:\/\/nordicmart.andreevmaster.com\/sv\/wp-json\/wp\/v2\/product_brand?post=16145"},{"taxonomy":"product_cat","embeddable":true,"href":"https:\/\/nordicmart.andreevmaster.com\/sv\/wp-json\/wp\/v2\/product_cat?post=16145"},{"taxonomy":"product_tag","embeddable":true,"href":"https:\/\/nordicmart.andreevmaster.com\/sv\/wp-json\/wp\/v2\/product_tag?post=16145"}],"curies":[{"name":"wp","href":"https:\/\/api.w.org\/{rel}","templated":true}]}}