{"id":16144,"date":"2026-02-27T00:29:19","date_gmt":"2026-02-27T00:29:19","guid":{"rendered":"https:\/\/nordicmart.andreevmaster.com\/product\/songmics-soptunna-5-liter-med-lock-och-innerbehallare-i-svart-stal\/"},"modified":"2026-02-27T08:20:02","modified_gmt":"2026-02-27T08:20:02","slug":"songmics-soptunna-5-liter-med-lock-och-innerbehallare-i-svart-stal","status":"publish","type":"product","link":"https:\/\/nordicmart.andreevmaster.com\/sv\/produkt\/songmics-soptunna-5-liter-med-lock-och-innerbehallare-i-svart-stal\/","title":{"rendered":"SONGMICS soptunna 5 liter med lock och innerbeh\u00e5llare i svart st\u00e5l"},"content":{"rendered":"<p>SONGMICS soptunna, 5 liters kosmetisk soptunna, pedalsoptunna i st\u00e5l, med innerbeh\u00e5llare, lock och handtag, mjukst\u00e4ngning, luftt\u00e4t, f\u00f6r badrum, toalett, gr\u00e5 LTB14GS<br \/>\n&#8211; F\u00e4rg: Vit<br \/>\n&#8211; Material: Ytterbeh\u00e5llare av st\u00e5l, lock av ABS, innerbeh\u00e5llare av plast<br \/>\n&#8211; Storlek (utan fotpedal): 22 x 20,5 x 30,5 cm (L x B x H)<br \/>\n&#8211; Total h\u00f6jd (med \u00f6ppet lock): 47,5 cm<br \/>\n&#8211; Storlek p\u00e5 innerbeh\u00e5llare: 18 x 18 x 29 cm (L x B x H)<br \/>\n&#8211; Storlek p\u00e5 fotpedalen: 5,5 x 5 cm (L x B)<br \/>\n&#8211; Kapacitet: 5 liter<br \/>\n&#8211; Vikt: 1,2 kg<\/p>\n","protected":false},"excerpt":{"rendered":"<p>SONGMICS soptunna, 5 liters kosmetisk soptunna, pedalsoptunna i st\u00e5l, med innerbeh\u00e5llare, lock och handtag, mjukst\u00e4ngning, luftt\u00e4t, f\u00f6r badrum, toalett, gr\u00e5 LTB14GS<\/p>\n","protected":false},"featured_media":43870,"comment_status":"open","ping_status":"closed","template":"","meta":[],"product_brand":[],"product_cat":[33],"product_tag":[],"class_list":{"0":"post-16144","1":"product","2":"type-product","3":"status-publish","4":"has-post-thumbnail","6":"product_cat-okategoriserad","8":"first","9":"instock","10":"shipping-taxable","11":"purchasable","12":"product-type-simple"},"_links":{"self":[{"href":"https:\/\/nordicmart.andreevmaster.com\/sv\/wp-json\/wp\/v2\/product\/16144","targetHints":{"allow":["GET"]}}],"collection":[{"href":"https:\/\/nordicmart.andreevmaster.com\/sv\/wp-json\/wp\/v2\/product"}],"about":[{"href":"https:\/\/nordicmart.andreevmaster.com\/sv\/wp-json\/wp\/v2\/types\/product"}],"replies":[{"embeddable":true,"href":"https:\/\/nordicmart.andreevmaster.com\/sv\/wp-json\/wp\/v2\/comments?post=16144"}],"wp:featuredmedia":[{"embeddable":true,"href":"https:\/\/nordicmart.andreevmaster.com\/sv\/wp-json\/wp\/v2\/media\/43870"}],"wp:attachment":[{"href":"https:\/\/nordicmart.andreevmaster.com\/sv\/wp-json\/wp\/v2\/media?parent=16144"}],"wp:term":[{"taxonomy":"product_brand","embeddable":true,"href":"https:\/\/nordicmart.andreevmaster.com\/sv\/wp-json\/wp\/v2\/product_brand?post=16144"},{"taxonomy":"product_cat","embeddable":true,"href":"https:\/\/nordicmart.andreevmaster.com\/sv\/wp-json\/wp\/v2\/product_cat?post=16144"},{"taxonomy":"product_tag","embeddable":true,"href":"https:\/\/nordicmart.andreevmaster.com\/sv\/wp-json\/wp\/v2\/product_tag?post=16144"}],"curies":[{"name":"wp","href":"https:\/\/api.w.org\/{rel}","templated":true}]}}