{"id":16143,"date":"2026-02-27T00:29:19","date_gmt":"2026-02-27T00:29:19","guid":{"rendered":"https:\/\/nordicmart.andreevmaster.com\/product\/songmics-kosmetikspann-3-liter-med-lock-gragron\/"},"modified":"2026-02-27T08:20:01","modified_gmt":"2026-02-27T08:20:01","slug":"songmics-kosmetikspann-3-liter-med-lock-gragron","status":"publish","type":"product","link":"https:\/\/nordicmart.andreevmaster.com\/sv\/produkt\/songmics-kosmetikspann-3-liter-med-lock-gragron\/","title":{"rendered":"SONGMICS kosmetikspann 3 liter med lock, gr\u00e5gr\u00f6n"},"content":{"rendered":"<p>SONGMICS kosmetikspann, 3 liter, badrumspapperskorg, liten papperskorg med lock, mjukst\u00e4ngning, uttagbar innerbeh\u00e5llare av plast, f\u00f6r badrum, kontor, st\u00e5l, svart LTB011B01<br \/>\nLocket st\u00e4ngs mjukt och tyst<br \/>\nRobust och h\u00e5llbar fotpedal<br \/>\nYta av st\u00e5l, l\u00e4tt att reng\u00f6ra<br \/>\nInnerkorg med handtag, l\u00e4tt att ta ut<br \/>\n\u00d6ppning p\u00e5 innerbeh\u00e5llaren h\u00e5ller sopp\u00e5sen sp\u00e4nd s\u00e5 att den inte syns fr\u00e5n utsidan<br \/>\nUtdragbart handtag p\u00e5 baksidan f\u00f6r enkel transport av pedalkorgen<br \/>\nAntislipskuddar s\u00e5 att pedalkorgen inte glider och skyddar golvet mot repor P<br \/>\nroduktdetaljer:F<br \/>\n\u00e4rv: Gr\u00f6n-gr\u00e5<br \/>\naterial: Ytterbeh\u00e5llare av st\u00e5l, lock av ABS-plast, innerbeh\u00e5llare av PP-plast<br \/>\nStorlek (med fotpedal): 23,8 x 18,8 x 25,7 cm (L x B x H)<br \/>\nStorlek (utan fotpedal): 18,8 x 25,7 cm (\u00d8 x H)<br \/>\nesamth\u00f6jd (med \u00f6ppet lock): 41,5 cm<br \/>\nVikt: 0,8 kg<\/p>\n","protected":false},"excerpt":{"rendered":"<p>SONGMICS kosmetikspann, 3 liter, badrumspapperskorg, liten papperskorg med lock, mjukst\u00e4ngning, uttagbar innerbeh\u00e5llare av plast, f\u00f6r badrum, kontor, st\u00e5l, svart LTB011B01<\/p>\n","protected":false},"featured_media":43869,"comment_status":"open","ping_status":"closed","template":"","meta":[],"product_brand":[],"product_cat":[33],"product_tag":[],"class_list":{"0":"post-16143","1":"product","2":"type-product","3":"status-publish","4":"has-post-thumbnail","6":"product_cat-okategoriserad","8":"first","9":"instock","10":"shipping-taxable","11":"purchasable","12":"product-type-simple"},"_links":{"self":[{"href":"https:\/\/nordicmart.andreevmaster.com\/sv\/wp-json\/wp\/v2\/product\/16143","targetHints":{"allow":["GET"]}}],"collection":[{"href":"https:\/\/nordicmart.andreevmaster.com\/sv\/wp-json\/wp\/v2\/product"}],"about":[{"href":"https:\/\/nordicmart.andreevmaster.com\/sv\/wp-json\/wp\/v2\/types\/product"}],"replies":[{"embeddable":true,"href":"https:\/\/nordicmart.andreevmaster.com\/sv\/wp-json\/wp\/v2\/comments?post=16143"}],"wp:featuredmedia":[{"embeddable":true,"href":"https:\/\/nordicmart.andreevmaster.com\/sv\/wp-json\/wp\/v2\/media\/43869"}],"wp:attachment":[{"href":"https:\/\/nordicmart.andreevmaster.com\/sv\/wp-json\/wp\/v2\/media?parent=16143"}],"wp:term":[{"taxonomy":"product_brand","embeddable":true,"href":"https:\/\/nordicmart.andreevmaster.com\/sv\/wp-json\/wp\/v2\/product_brand?post=16143"},{"taxonomy":"product_cat","embeddable":true,"href":"https:\/\/nordicmart.andreevmaster.com\/sv\/wp-json\/wp\/v2\/product_cat?post=16143"},{"taxonomy":"product_tag","embeddable":true,"href":"https:\/\/nordicmart.andreevmaster.com\/sv\/wp-json\/wp\/v2\/product_tag?post=16143"}],"curies":[{"name":"wp","href":"https:\/\/api.w.org\/{rel}","templated":true}]}}