{"id":16141,"date":"2026-02-27T00:29:18","date_gmt":"2026-02-27T00:29:18","guid":{"rendered":"https:\/\/nordicmart.andreevmaster.com\/product\/songmics-kosmetikspann-3-liter\/"},"modified":"2026-02-27T08:20:01","modified_gmt":"2026-02-27T08:20:01","slug":"songmics-kosmetikspann-3-liter","status":"publish","type":"product","link":"https:\/\/nordicmart.andreevmaster.com\/sv\/produkt\/songmics-kosmetikspann-3-liter\/","title":{"rendered":"SONGMICS kosmetikspann 3 liter"},"content":{"rendered":"<p>H\u00f6jdpunkterna i denna 3-liters kosmetikpapperskorg f\u00f6r badrummet i korthet:Locket st\u00e4ngs mjukt och tystRobust och h\u00e5llbar fotpedalYta av st\u00e5l, l\u00e4tt att reng\u00f6raInnerkorg med handtag, l\u00e4tt att ta ut\u00d6ppning p\u00e5 innerkorgen: h\u00e5ller sopp\u00e5sen sp\u00e4nd s\u00e5 att den inte syns fr\u00e5n utsidan Utdragbart handtag p\u00e5 baksidan f\u00f6r enkel transport av pedalsoptr\u00e4skaren Halkskydd s\u00e5 att pedalsoptr\u00e4skaren inte glider och skyddar golvet mot repor Produktdetaljer:F\u00e4rg: SvartMaterial: Ytterbeh\u00e5llare av st\u00e5l, lock av ABS-plast, innerbeh\u00e5llare av PP-plastStorlek (med fotpedal): 23,8 x 18,8 x 25,7 (L x B x H)Storlek (utan fotpedal): 18,8 x 18,8 x 25,7 cm (L x B x H) Total h\u00f6jd (med \u00f6ppet lock): 41,5 cm Vikt: 0,8 kg Leveransomfattning: 1 x kosmetikpapperskorg SONGMICS Anvisningar: Torka av produkten med en l\u00e4tt fuktad trasa och torka den med en mjuk trasa. Vid behov kan du \u00e4ven anv\u00e4nda ett milt reng\u00f6ringsmedel.<\/p>\n","protected":false},"excerpt":{"rendered":"<p>SONGMICS kosmetikspann, 3 liter, badrumspapperskorg, liten papperskorg med lock, mjukst\u00e4ngning, uttagbar innerbeh\u00e5llare av plast, f\u00f6r badrum, kontor, st\u00e5l, svart LTB011B01<\/p>\n","protected":false},"featured_media":43867,"comment_status":"open","ping_status":"closed","template":"","meta":[],"product_brand":[],"product_cat":[33],"product_tag":[],"class_list":{"0":"post-16141","1":"product","2":"type-product","3":"status-publish","4":"has-post-thumbnail","6":"product_cat-okategoriserad","8":"first","9":"instock","10":"shipping-taxable","11":"purchasable","12":"product-type-simple"},"_links":{"self":[{"href":"https:\/\/nordicmart.andreevmaster.com\/sv\/wp-json\/wp\/v2\/product\/16141","targetHints":{"allow":["GET"]}}],"collection":[{"href":"https:\/\/nordicmart.andreevmaster.com\/sv\/wp-json\/wp\/v2\/product"}],"about":[{"href":"https:\/\/nordicmart.andreevmaster.com\/sv\/wp-json\/wp\/v2\/types\/product"}],"replies":[{"embeddable":true,"href":"https:\/\/nordicmart.andreevmaster.com\/sv\/wp-json\/wp\/v2\/comments?post=16141"}],"wp:featuredmedia":[{"embeddable":true,"href":"https:\/\/nordicmart.andreevmaster.com\/sv\/wp-json\/wp\/v2\/media\/43867"}],"wp:attachment":[{"href":"https:\/\/nordicmart.andreevmaster.com\/sv\/wp-json\/wp\/v2\/media?parent=16141"}],"wp:term":[{"taxonomy":"product_brand","embeddable":true,"href":"https:\/\/nordicmart.andreevmaster.com\/sv\/wp-json\/wp\/v2\/product_brand?post=16141"},{"taxonomy":"product_cat","embeddable":true,"href":"https:\/\/nordicmart.andreevmaster.com\/sv\/wp-json\/wp\/v2\/product_cat?post=16141"},{"taxonomy":"product_tag","embeddable":true,"href":"https:\/\/nordicmart.andreevmaster.com\/sv\/wp-json\/wp\/v2\/product_tag?post=16141"}],"curies":[{"name":"wp","href":"https:\/\/api.w.org\/{rel}","templated":true}]}}