{"id":16140,"date":"2026-02-27T00:29:18","date_gmt":"2026-02-27T00:29:18","guid":{"rendered":"https:\/\/nordicmart.andreevmaster.com\/product\/songmics-soptunna-for-badrum-10-l-med-lock-i-stal\/"},"modified":"2026-02-27T08:20:01","modified_gmt":"2026-02-27T08:20:01","slug":"songmics-soptunna-for-badrum-10-l-med-lock-i-stal","status":"publish","type":"product","link":"https:\/\/nordicmart.andreevmaster.com\/sv\/produkt\/songmics-soptunna-for-badrum-10-l-med-lock-i-stal\/","title":{"rendered":"SONGMICS Soptunna f\u00f6r badrum 10 l med lock i st\u00e5l"},"content":{"rendered":"<p>SONGMICS kosmetikspann, 10 liter, badrumspapperskorg, med lock, pedalpapperskorg, liten papperskorg, smal f\u00f6r sm\u00e5 utrymmen, st\u00e5l, softclose<br \/>\nF\u00e4rg: bl\u00e4ck svart<br \/>\nMaterial: Ytterbeh\u00e5llare av st\u00e5l, innerbeh\u00e5llare av PP-plast, sockel av ABS-plast<br \/>\nStorlek: 34,5 x 18,5 x 39 cm (L x B x H)<br \/>\nTotal h\u00f6jd (med \u00f6ppet lock): 61 cm<br \/>\nStorlek p\u00e5 innerbeh\u00e5llare: 24,5 x 16,6 x 34,5 cm (L x B x H)<br \/>\nKapacitet: 10 liter<br \/>\nVikt: 1,8 kg<br \/>\nLeveransomfattning:<br \/>\n1 x kosmetikbeh\u00e5llare<\/p>\n","protected":false},"excerpt":{"rendered":"<p>SONGMICS kosmetikspann, 10 liter, badrumspapperskorg, med lock, pedalpapperskorg, liten papperskorg, smal f\u00f6r sm\u00e5 utrymmen, st\u00e5l, softclose<\/p>\n","protected":false},"featured_media":43866,"comment_status":"open","ping_status":"closed","template":"","meta":[],"product_brand":[],"product_cat":[33],"product_tag":[],"class_list":{"0":"post-16140","1":"product","2":"type-product","3":"status-publish","4":"has-post-thumbnail","6":"product_cat-okategoriserad","8":"first","9":"instock","10":"shipping-taxable","11":"purchasable","12":"product-type-simple"},"_links":{"self":[{"href":"https:\/\/nordicmart.andreevmaster.com\/sv\/wp-json\/wp\/v2\/product\/16140","targetHints":{"allow":["GET"]}}],"collection":[{"href":"https:\/\/nordicmart.andreevmaster.com\/sv\/wp-json\/wp\/v2\/product"}],"about":[{"href":"https:\/\/nordicmart.andreevmaster.com\/sv\/wp-json\/wp\/v2\/types\/product"}],"replies":[{"embeddable":true,"href":"https:\/\/nordicmart.andreevmaster.com\/sv\/wp-json\/wp\/v2\/comments?post=16140"}],"wp:featuredmedia":[{"embeddable":true,"href":"https:\/\/nordicmart.andreevmaster.com\/sv\/wp-json\/wp\/v2\/media\/43866"}],"wp:attachment":[{"href":"https:\/\/nordicmart.andreevmaster.com\/sv\/wp-json\/wp\/v2\/media?parent=16140"}],"wp:term":[{"taxonomy":"product_brand","embeddable":true,"href":"https:\/\/nordicmart.andreevmaster.com\/sv\/wp-json\/wp\/v2\/product_brand?post=16140"},{"taxonomy":"product_cat","embeddable":true,"href":"https:\/\/nordicmart.andreevmaster.com\/sv\/wp-json\/wp\/v2\/product_cat?post=16140"},{"taxonomy":"product_tag","embeddable":true,"href":"https:\/\/nordicmart.andreevmaster.com\/sv\/wp-json\/wp\/v2\/product_tag?post=16140"}],"curies":[{"name":"wp","href":"https:\/\/api.w.org\/{rel}","templated":true}]}}