{"id":16137,"date":"2026-02-27T00:29:17","date_gmt":"2026-02-27T00:29:17","guid":{"rendered":"https:\/\/nordicmart.andreevmaster.com\/product\/songmics-soptunna-i-rostfritt-stal-30-liter-silver\/"},"modified":"2026-02-27T08:20:00","modified_gmt":"2026-02-27T08:20:00","slug":"songmics-soptunna-i-rostfritt-stal-30-liter-silver","status":"publish","type":"product","link":"https:\/\/nordicmart.andreevmaster.com\/sv\/produkt\/songmics-soptunna-i-rostfritt-stal-30-liter-silver\/","title":{"rendered":"SONGMICS soptunna i rostfritt st\u00e5l 30 liter silver"},"content":{"rendered":"<p>Praktisk: Det \u00e4r sv\u00e5rt att \u00f6ppna locket p\u00e5 en soptunna n\u00e4r man inte har h\u00e4nderna fria. Trampa bara p\u00e5 pedalen p\u00e5 soptunnan f\u00f6r att sl\u00e4nga avfall. Du kan ocks\u00e5 \u00f6ppna den helt med h\u00e4nderna f\u00f6r att h\u00e5lla den \u00f6ppen. Stilfull: Denna 30-liters soptunna kan inte bara ta emot ditt dagliga avfall, utan ocks\u00e5 f\u00f6rsk\u00f6na ditt hem. Rostfritt st\u00e5l, en fingeravtrycksbest\u00e4ndig yta i silver, ett praktiskt handtag p\u00e5 baksidan och en svart innerbeh\u00e5llare \u2013 denna soptunna imponerar med sitt eleganta och chica utseende som ger ditt hem en stilfull touch.Produktdetaljer: F\u00e4rg: Silver Material: Rostfritt st\u00e5l Storlek: 29,4 x 37,4 x 63 cm (L x B x H) Total h\u00f6jd (med \u00f6ppet lock): 93 cm Vikt: 3,6 kg Leveransomfattning: 1 x papperskorg SONGMICS Anvisningar:Torka av produkten med en mjuk, fuktig trasa och anv\u00e4nd vid behov milt reng\u00f6ringsmedel. St\u00e4ng inte locket helt med handen, eftersom det kan st\u00e4ngas automatiskt. Placera produkten p\u00e5 ett plant underlag.<\/p>\n","protected":false},"excerpt":{"rendered":"<p>SONGMICS soptunna, avfallskorg i rostfritt st\u00e5l, 30 liter, innerkorg i plast, med pedal och lock, fingeravtrycksresistent, f\u00f6r k\u00f6k, vardagsrum, kontor, silver LTB006E01<\/p>\n","protected":false},"featured_media":43863,"comment_status":"open","ping_status":"closed","template":"","meta":[],"product_brand":[],"product_cat":[33],"product_tag":[],"class_list":{"0":"post-16137","1":"product","2":"type-product","3":"status-publish","4":"has-post-thumbnail","6":"product_cat-okategoriserad","8":"first","9":"instock","10":"shipping-taxable","11":"purchasable","12":"product-type-simple"},"_links":{"self":[{"href":"https:\/\/nordicmart.andreevmaster.com\/sv\/wp-json\/wp\/v2\/product\/16137","targetHints":{"allow":["GET"]}}],"collection":[{"href":"https:\/\/nordicmart.andreevmaster.com\/sv\/wp-json\/wp\/v2\/product"}],"about":[{"href":"https:\/\/nordicmart.andreevmaster.com\/sv\/wp-json\/wp\/v2\/types\/product"}],"replies":[{"embeddable":true,"href":"https:\/\/nordicmart.andreevmaster.com\/sv\/wp-json\/wp\/v2\/comments?post=16137"}],"wp:featuredmedia":[{"embeddable":true,"href":"https:\/\/nordicmart.andreevmaster.com\/sv\/wp-json\/wp\/v2\/media\/43863"}],"wp:attachment":[{"href":"https:\/\/nordicmart.andreevmaster.com\/sv\/wp-json\/wp\/v2\/media?parent=16137"}],"wp:term":[{"taxonomy":"product_brand","embeddable":true,"href":"https:\/\/nordicmart.andreevmaster.com\/sv\/wp-json\/wp\/v2\/product_brand?post=16137"},{"taxonomy":"product_cat","embeddable":true,"href":"https:\/\/nordicmart.andreevmaster.com\/sv\/wp-json\/wp\/v2\/product_cat?post=16137"},{"taxonomy":"product_tag","embeddable":true,"href":"https:\/\/nordicmart.andreevmaster.com\/sv\/wp-json\/wp\/v2\/product_tag?post=16137"}],"curies":[{"name":"wp","href":"https:\/\/api.w.org\/{rel}","templated":true}]}}