{"id":16134,"date":"2026-02-27T00:29:16","date_gmt":"2026-02-27T00:29:16","guid":{"rendered":"https:\/\/nordicmart.andreevmaster.com\/product\/songmics-pedalsoptunna-med-innerbehallare-kramvit\/"},"modified":"2026-02-27T08:20:00","modified_gmt":"2026-02-27T08:20:00","slug":"songmics-pedalsoptunna-med-innerbehallare-kramvit","status":"publish","type":"product","link":"https:\/\/nordicmart.andreevmaster.com\/sv\/produkt\/songmics-pedalsoptunna-med-innerbehallare-kramvit\/","title":{"rendered":"SONGMICS pedalsoptunna med innerbeh\u00e5llare kr\u00e4mvit"},"content":{"rendered":"<p>30 liters papperskorg med pedal, softclose Ett rent och snyggt hem ger mer komfort i vardagen. Multifunktionell K\u00f6k Sovrum Badrum Barnrum \u00c5tervinning kan ocks\u00e5 vara enkelt: Allt du beh\u00f6ver g\u00f6ra \u00e4r att trampa p\u00e5 pedalen och sl\u00e4nga avfallet i innerbeh\u00e5llaren. Du beh\u00f6ver inte ens r\u00f6ra papperskorgen med handen, vilket garanterar god hygien. Dessutom beh\u00f6ver du inte oroa dig f\u00f6r att din hund ska v\u00e4lta papperskorgen och att allt k\u00f6ksavfall hamnar p\u00e5 golvet. Locket \u00f6ppnas bara n\u00e4r du trycker p\u00e5 pedalen. En smart l\u00f6sning f\u00f6r avfallshantering: Denna 30-liters papperskorg \u00e4r robust och kompakt och imponerar med sin genomt\u00e4nkta design. Den inre soptunnan kan enkelt tas ut och reng\u00f6ras med hj\u00e4lp av handtagen p\u00e5 sidan; \u00f6ppningen p\u00e5 baksidan av den inre soptunnan f\u00f6rhindrar att din sopp\u00e5se glider hela tiden. Produktdetaljer: F\u00e4rg: kr\u00e4mvit Material: st\u00e5l, inre soptunna av plast Storlek: 34 x 25 x 61,5 cm (L x B x H) Storlek inre soptunna: 32 x 22,5 x 52 cm (L x B x H) Total h\u00f6jd (med \u00f6ppet lock): 82 cm Vikt: 4,5 kg Kapacitet: 30 liter Leveransomfattning: 1 x soptunna SONGMICS Anm\u00e4rkningar: Placera produkten p\u00e5 ett plant underlag.St\u00e4ng inte locket helt f\u00f6r hand, eftersom det kan st\u00e4ngas automatiskt. Torka av produkten med en mjuk, fuktig trasa och anv\u00e4nd vid behov ett milt reng\u00f6ringsmedel.<\/p>\n","protected":false},"excerpt":{"rendered":"<p>SONGMICS papperskorg i rostfritt st\u00e5l, 30 L pedalpapperskorg med lock, 34,5 x 27,5 x 61,5 cm, silver, LTB01L<\/p>\n","protected":false},"featured_media":43860,"comment_status":"open","ping_status":"closed","template":"","meta":[],"product_brand":[],"product_cat":[33],"product_tag":[],"class_list":{"0":"post-16134","1":"product","2":"type-product","3":"status-publish","4":"has-post-thumbnail","6":"product_cat-okategoriserad","8":"first","9":"instock","10":"shipping-taxable","11":"purchasable","12":"product-type-simple"},"_links":{"self":[{"href":"https:\/\/nordicmart.andreevmaster.com\/sv\/wp-json\/wp\/v2\/product\/16134","targetHints":{"allow":["GET"]}}],"collection":[{"href":"https:\/\/nordicmart.andreevmaster.com\/sv\/wp-json\/wp\/v2\/product"}],"about":[{"href":"https:\/\/nordicmart.andreevmaster.com\/sv\/wp-json\/wp\/v2\/types\/product"}],"replies":[{"embeddable":true,"href":"https:\/\/nordicmart.andreevmaster.com\/sv\/wp-json\/wp\/v2\/comments?post=16134"}],"wp:featuredmedia":[{"embeddable":true,"href":"https:\/\/nordicmart.andreevmaster.com\/sv\/wp-json\/wp\/v2\/media\/43860"}],"wp:attachment":[{"href":"https:\/\/nordicmart.andreevmaster.com\/sv\/wp-json\/wp\/v2\/media?parent=16134"}],"wp:term":[{"taxonomy":"product_brand","embeddable":true,"href":"https:\/\/nordicmart.andreevmaster.com\/sv\/wp-json\/wp\/v2\/product_brand?post=16134"},{"taxonomy":"product_cat","embeddable":true,"href":"https:\/\/nordicmart.andreevmaster.com\/sv\/wp-json\/wp\/v2\/product_cat?post=16134"},{"taxonomy":"product_tag","embeddable":true,"href":"https:\/\/nordicmart.andreevmaster.com\/sv\/wp-json\/wp\/v2\/product_tag?post=16134"}],"curies":[{"name":"wp","href":"https:\/\/api.w.org\/{rel}","templated":true}]}}