{"id":16132,"date":"2026-02-27T00:29:16","date_gmt":"2026-02-27T00:29:16","guid":{"rendered":"https:\/\/nordicmart.andreevmaster.com\/product\/vasagle-flexibelt-stativ-i-industriell-design\/"},"modified":"2026-02-27T08:19:59","modified_gmt":"2026-02-27T08:19:59","slug":"vasagle-flexibelt-stativ-i-industriell-design","status":"publish","type":"product","link":"https:\/\/nordicmart.andreevmaster.com\/sv\/produkt\/vasagle-flexibelt-stativ-i-industriell-design\/","title":{"rendered":"VASAGLE Flexibelt stativ i industriell design"},"content":{"rendered":"<p>Med det multifunktionella hyllsystemet i trendig vintage-stil fr\u00e5n v\u00e5rt nya varum\u00e4rke &#8221;VASAGLE&#8221; kan du skapa precis det som designerna hade i \u00e5tanke: en medelhavsatmosf\u00e4r mitt i ditt eget hem. L\u00e5t murgr\u00f6na kl\u00e4ttra Anv\u00e4nd det multifunktionella hyllsystemet som en v\u00e4xtst\u00e4llning och visa upp dina krukv\u00e4xter p\u00e5 fyra niv\u00e5er. Du f\u00e5r en fantastisk effekt om du placerar en kl\u00e4tterv\u00e4xt som murgr\u00f6na p\u00e5 den \u00f6versta hyllan p\u00e5 n\u00e4stan 1 meters h\u00f6jd. Men \u00e4ven andra popul\u00e4ra krukv\u00e4xter som alpenviol eller kaktusar passar utm\u00e4rkt p\u00e5 gallerplattorna som \u00e4r placerade med 30 respektive 28 cm mellanrum.B\u00f6cker, dekoration, k\u00f6ksredskap Tack vare sin enkla elegans kan hyllan anv\u00e4ndas f\u00f6r m\u00e5nga andra \u00e4ndam\u00e5l och i olika rum, till exempel som bokhylla i vardagsrummet eller som smart f\u00f6rvaring f\u00f6r livsmedel i k\u00f6ket. Dessutom passar m\u00f6beln utm\u00e4rkt till v\u00e5rt TV-bord i samma stil. Produktdetaljer: &#8211; F\u00e4rg: Vintage, svart (matt) &#8211; Material: sp\u00e5nskiva (15 mm), j\u00e4rn &#8211; Total storlek: 40 x 99,5 x 40 cm (B x H x D) &#8211; Vikt: 8 kg &#8211; Lastkapacitet hyllplan: 10 kg per plan &#8211; Avst\u00e5nd mellan gallerplattorna: 30 cm (\u00f6versta planet), 28 cm &#8211; Leveransomfattning:- 1 x multifunktionshylla &#8211; 1 x tillbeh\u00f6rsp\u00e5se &#8211; 1 x bruksanvisning (DE, EN, FR, ES, IT) VASAGLE Anm\u00e4rkningar: &#8211; Placera produkten p\u00e5 en torr plats. &#8211; Placera inga tunga f\u00f6rem\u00e5l p\u00e5 m\u00f6beln. &#8211; Anv\u00e4nd tippskyddet.<\/p>\n","protected":false},"excerpt":{"rendered":"<p>VASAGLE St\u00e4llning i industriell design, bokhylla, k\u00f6kshylla med 4 hyllplan, stabil hylla med metallram, enkel montering, sovrum, k\u00f6k, vardagsrum, balkong, vintage LSS04BX<\/p>\n","protected":false},"featured_media":43858,"comment_status":"open","ping_status":"closed","template":"","meta":[],"product_brand":[],"product_cat":[33],"product_tag":[],"class_list":{"0":"post-16132","1":"product","2":"type-product","3":"status-publish","4":"has-post-thumbnail","6":"product_cat-okategoriserad","8":"first","9":"instock","10":"shipping-taxable","11":"purchasable","12":"product-type-simple"},"_links":{"self":[{"href":"https:\/\/nordicmart.andreevmaster.com\/sv\/wp-json\/wp\/v2\/product\/16132","targetHints":{"allow":["GET"]}}],"collection":[{"href":"https:\/\/nordicmart.andreevmaster.com\/sv\/wp-json\/wp\/v2\/product"}],"about":[{"href":"https:\/\/nordicmart.andreevmaster.com\/sv\/wp-json\/wp\/v2\/types\/product"}],"replies":[{"embeddable":true,"href":"https:\/\/nordicmart.andreevmaster.com\/sv\/wp-json\/wp\/v2\/comments?post=16132"}],"wp:featuredmedia":[{"embeddable":true,"href":"https:\/\/nordicmart.andreevmaster.com\/sv\/wp-json\/wp\/v2\/media\/43858"}],"wp:attachment":[{"href":"https:\/\/nordicmart.andreevmaster.com\/sv\/wp-json\/wp\/v2\/media?parent=16132"}],"wp:term":[{"taxonomy":"product_brand","embeddable":true,"href":"https:\/\/nordicmart.andreevmaster.com\/sv\/wp-json\/wp\/v2\/product_brand?post=16132"},{"taxonomy":"product_cat","embeddable":true,"href":"https:\/\/nordicmart.andreevmaster.com\/sv\/wp-json\/wp\/v2\/product_cat?post=16132"},{"taxonomy":"product_tag","embeddable":true,"href":"https:\/\/nordicmart.andreevmaster.com\/sv\/wp-json\/wp\/v2\/product_tag?post=16132"}],"curies":[{"name":"wp","href":"https:\/\/api.w.org\/{rel}","templated":true}]}}