{"id":16131,"date":"2026-02-27T00:29:16","date_gmt":"2026-02-27T00:29:16","guid":{"rendered":"https:\/\/nordicmart.andreevmaster.com\/product\/songmics-skostall-med-8-hyllplan-skoforvaring-skoskap\/"},"modified":"2026-02-27T08:19:59","modified_gmt":"2026-02-27T08:19:59","slug":"songmics-skostall-med-8-hyllplan-skoforvaring-skoskap","status":"publish","type":"product","link":"https:\/\/nordicmart.andreevmaster.com\/sv\/produkt\/songmics-skostall-med-8-hyllplan-skoforvaring-skoskap\/","title":{"rendered":"SONGMICS skost\u00e4ll med 8 hyllplan, skof\u00f6rvaring, skosk\u00e5p"},"content":{"rendered":"<p>Din f\u00f6rvaringsexpert Irriterar det dig att din skokollektion alltid hamnar i kaos? Oroa dig inte! Detta skost\u00e4ll med 8 hyllor fr\u00e5n SONGMICS kommer som r\u00e4ddad i n\u00f6den. De f\u00f6rst\u00e4rkta metallr\u00f6ren och de h\u00f6gkvalitativa plastkopplingarna garanterar h\u00f6g stabilitet och god belastningsf\u00f6rm\u00e5ga, s\u00e5 att detta st\u00e4ll utan problem kan h\u00e5lla 16-20 par skor. Dessutom \u00e4r hyllorna av non-woven-tyg slitstarka och l\u00e4tta att reng\u00f6ra. Tack vare sin l\u00e5ga vikt kan du dessutom transportera detta skost\u00e4ll vart du vill. Den som f\u00e5r ordning p\u00e5 kaoset har kontroll \u00f6ver sitt liv! Unna dig detta platsbesparande skost\u00e4ll med 8 hyllor och h\u00e5ll ordning p\u00e5 skokaoset. Produktdetaljer: &#8211; F\u00e4rg: Svart &#8211; Material: Metallr\u00f6r, non-woven-tyg, plastkopplingar &#8211; Storlek: 46 x 28 x 145 cm (L x B x H) &#8211; Vikt: 2 kg &#8211; Max. statisk belastningskapacitet per niv\u00e5: 3 kg &#8211; Max. statisk belastningskapacitet totalt: 24 kg Leveransomfattning:- 1 x skost\u00e4ll med 8 hyllplan &#8211; 1 x tippskydd &#8211; 1 x bruksanvisning (DE, EN, FR, ES, IT) SONGMICS Anm\u00e4rkningar: &#8211; Av s\u00e4kerhetssk\u00e4l \u00e4r det f\u00f6rbjudet f\u00f6r barn att kl\u00e4ttra p\u00e5 eller leka med produkten. &#8211; F\u00e4st denna produkt p\u00e5 v\u00e4ggen med det medf\u00f6ljande tippskyddet f\u00f6r att garantera s\u00e4ker anv\u00e4ndning.<\/p>\n","protected":false},"excerpt":{"rendered":"<p>SONGMICS skost\u00e4ll med 8 hyllplan, stativ, multifunktionellt, skof\u00f6rvaring, metallram, non-woven-tyg, f\u00f6r 16\u201320 par skor, hall, sovrum, k\u00f6k, 46 x 28 x 145 cm, svart LSR24BK<\/p>\n","protected":false},"featured_media":43857,"comment_status":"open","ping_status":"closed","template":"","meta":[],"product_brand":[],"product_cat":[33],"product_tag":[],"class_list":{"0":"post-16131","1":"product","2":"type-product","3":"status-publish","4":"has-post-thumbnail","6":"product_cat-okategoriserad","8":"first","9":"instock","10":"shipping-taxable","11":"purchasable","12":"product-type-simple"},"_links":{"self":[{"href":"https:\/\/nordicmart.andreevmaster.com\/sv\/wp-json\/wp\/v2\/product\/16131","targetHints":{"allow":["GET"]}}],"collection":[{"href":"https:\/\/nordicmart.andreevmaster.com\/sv\/wp-json\/wp\/v2\/product"}],"about":[{"href":"https:\/\/nordicmart.andreevmaster.com\/sv\/wp-json\/wp\/v2\/types\/product"}],"replies":[{"embeddable":true,"href":"https:\/\/nordicmart.andreevmaster.com\/sv\/wp-json\/wp\/v2\/comments?post=16131"}],"wp:featuredmedia":[{"embeddable":true,"href":"https:\/\/nordicmart.andreevmaster.com\/sv\/wp-json\/wp\/v2\/media\/43857"}],"wp:attachment":[{"href":"https:\/\/nordicmart.andreevmaster.com\/sv\/wp-json\/wp\/v2\/media?parent=16131"}],"wp:term":[{"taxonomy":"product_brand","embeddable":true,"href":"https:\/\/nordicmart.andreevmaster.com\/sv\/wp-json\/wp\/v2\/product_brand?post=16131"},{"taxonomy":"product_cat","embeddable":true,"href":"https:\/\/nordicmart.andreevmaster.com\/sv\/wp-json\/wp\/v2\/product_cat?post=16131"},{"taxonomy":"product_tag","embeddable":true,"href":"https:\/\/nordicmart.andreevmaster.com\/sv\/wp-json\/wp\/v2\/product_tag?post=16131"}],"curies":[{"name":"wp","href":"https:\/\/api.w.org\/{rel}","templated":true}]}}