{"id":16126,"date":"2026-02-27T00:29:14","date_gmt":"2026-02-27T00:29:14","guid":{"rendered":"https:\/\/nordicmart.andreevmaster.com\/product\/songmics-skohylla-10-nivaer-33-x-33-x-173-cm-med-hyllplan-av-non-woven-tyg\/"},"modified":"2026-02-27T08:19:58","modified_gmt":"2026-02-27T08:19:58","slug":"songmics-skohylla-10-nivaer-33-x-33-x-173-cm-med-hyllplan-av-non-woven-tyg","status":"publish","type":"product","link":"https:\/\/nordicmart.andreevmaster.com\/sv\/produkt\/songmics-skohylla-10-nivaer-33-x-33-x-173-cm-med-hyllplan-av-non-woven-tyg\/","title":{"rendered":"SONGMICS skohylla 10 niv\u00e5er 33 x 33 x 173 cm med hyllplan av non-woven-tyg"},"content":{"rendered":"<p>SONGMICS skost\u00e4ll, skof\u00f6rvaring, 10 niv\u00e5er, \u00f6ppen skosk\u00e5p, skof\u00f6rvaring, smal, 33 x 33 x 173 cm, metallstativ, hyllor av non-woven-tyg, f\u00f6r hall, sovrum, svart LSR110B02<br \/>\nF\u00e4rg: Gr\u00e5<br \/>\nMaterial: hyllor av non-woven-tyg, metallr\u00f6r, plastkopplingar<br \/>\nStorlek: 33 x 33 x 173 cm (D x B x H)<br \/>\nAvst\u00e5nd mellan hyllorna: 17 cm<br \/>\nVikt: 1,5 kg<br \/>\nMax. statisk belastningskapacitet per hylla: 5 kg<\/p>\n","protected":false},"excerpt":{"rendered":"<p>SONGMICS skost\u00e4ll, skof\u00f6rvaring, 10 niv\u00e5er, \u00f6ppen skosk\u00e5p, skof\u00f6rvaring, smal, 33 x 33 x 173 cm, metallstativ, hyllor av non-woven-tyg, f\u00f6r hall, sovrum, svart LSR110B02<\/p>\n","protected":false},"featured_media":43852,"comment_status":"open","ping_status":"closed","template":"","meta":[],"product_brand":[],"product_cat":[33],"product_tag":[],"class_list":{"0":"post-16126","1":"product","2":"type-product","3":"status-publish","4":"has-post-thumbnail","6":"product_cat-okategoriserad","8":"first","9":"instock","10":"shipping-taxable","11":"purchasable","12":"product-type-simple"},"_links":{"self":[{"href":"https:\/\/nordicmart.andreevmaster.com\/sv\/wp-json\/wp\/v2\/product\/16126","targetHints":{"allow":["GET"]}}],"collection":[{"href":"https:\/\/nordicmart.andreevmaster.com\/sv\/wp-json\/wp\/v2\/product"}],"about":[{"href":"https:\/\/nordicmart.andreevmaster.com\/sv\/wp-json\/wp\/v2\/types\/product"}],"replies":[{"embeddable":true,"href":"https:\/\/nordicmart.andreevmaster.com\/sv\/wp-json\/wp\/v2\/comments?post=16126"}],"wp:featuredmedia":[{"embeddable":true,"href":"https:\/\/nordicmart.andreevmaster.com\/sv\/wp-json\/wp\/v2\/media\/43852"}],"wp:attachment":[{"href":"https:\/\/nordicmart.andreevmaster.com\/sv\/wp-json\/wp\/v2\/media?parent=16126"}],"wp:term":[{"taxonomy":"product_brand","embeddable":true,"href":"https:\/\/nordicmart.andreevmaster.com\/sv\/wp-json\/wp\/v2\/product_brand?post=16126"},{"taxonomy":"product_cat","embeddable":true,"href":"https:\/\/nordicmart.andreevmaster.com\/sv\/wp-json\/wp\/v2\/product_cat?post=16126"},{"taxonomy":"product_tag","embeddable":true,"href":"https:\/\/nordicmart.andreevmaster.com\/sv\/wp-json\/wp\/v2\/product_tag?post=16126"}],"curies":[{"name":"wp","href":"https:\/\/api.w.org\/{rel}","templated":true}]}}