{"id":16125,"date":"2026-02-27T00:29:14","date_gmt":"2026-02-27T00:29:14","guid":{"rendered":"https:\/\/nordicmart.andreevmaster.com\/product\/songmics-skostall-med-10-hyllplan-33-x-33-x-173-cm\/"},"modified":"2026-02-27T08:19:58","modified_gmt":"2026-02-27T08:19:58","slug":"songmics-skostall-med-10-hyllplan-33-x-33-x-173-cm","status":"publish","type":"product","link":"https:\/\/nordicmart.andreevmaster.com\/sv\/produkt\/songmics-skostall-med-10-hyllplan-33-x-33-x-173-cm\/","title":{"rendered":"SONGMICS skost\u00e4ll med 10 hyllplan 33 x 33 x 173 cm"},"content":{"rendered":"<p>Produktdetaljer: F\u00e4rg: Svart Material: metallr\u00f6r, non-woven-tyg, plastkoppling Storlek: 33 x 33 x 173 cm (L x B x H) Avst\u00e5nd mellan hyllorna: 17 cm Vikt: 1,5 kg Max. statisk belastningskapacitet per hylla: 5 kg Leveransomfattning: 1 x skohylla 1 x tillbeh\u00f6rspaket 2 x tippskydd 1 x bruksanvisning SONGMICS Anm\u00e4rkningar:Av s\u00e4kerhetssk\u00e4l \u00e4r det f\u00f6rbjudet f\u00f6r barn att kl\u00e4ttra p\u00e5 eller leka med produkten. F\u00e4st denna produkt p\u00e5 v\u00e4ggen med det medf\u00f6ljande tippskyddet f\u00f6r att garantera s\u00e4ker anv\u00e4ndning.<\/p>\n","protected":false},"excerpt":{"rendered":"<p>SONGMICS skost\u00e4ll, skof\u00f6rvaring, 10 niv\u00e5er, \u00f6ppen skosk\u00e5p, skof\u00f6rvaring, smal, 33 x 33 x 173 cm, metallstativ, hyllor av non-woven-tyg, f\u00f6r hall, sovrum, svart LSR110B02<\/p>\n","protected":false},"featured_media":43851,"comment_status":"open","ping_status":"closed","template":"","meta":[],"product_brand":[],"product_cat":[33],"product_tag":[],"class_list":{"0":"post-16125","1":"product","2":"type-product","3":"status-publish","4":"has-post-thumbnail","6":"product_cat-okategoriserad","8":"first","9":"instock","10":"shipping-taxable","11":"purchasable","12":"product-type-simple"},"_links":{"self":[{"href":"https:\/\/nordicmart.andreevmaster.com\/sv\/wp-json\/wp\/v2\/product\/16125","targetHints":{"allow":["GET"]}}],"collection":[{"href":"https:\/\/nordicmart.andreevmaster.com\/sv\/wp-json\/wp\/v2\/product"}],"about":[{"href":"https:\/\/nordicmart.andreevmaster.com\/sv\/wp-json\/wp\/v2\/types\/product"}],"replies":[{"embeddable":true,"href":"https:\/\/nordicmart.andreevmaster.com\/sv\/wp-json\/wp\/v2\/comments?post=16125"}],"wp:featuredmedia":[{"embeddable":true,"href":"https:\/\/nordicmart.andreevmaster.com\/sv\/wp-json\/wp\/v2\/media\/43851"}],"wp:attachment":[{"href":"https:\/\/nordicmart.andreevmaster.com\/sv\/wp-json\/wp\/v2\/media?parent=16125"}],"wp:term":[{"taxonomy":"product_brand","embeddable":true,"href":"https:\/\/nordicmart.andreevmaster.com\/sv\/wp-json\/wp\/v2\/product_brand?post=16125"},{"taxonomy":"product_cat","embeddable":true,"href":"https:\/\/nordicmart.andreevmaster.com\/sv\/wp-json\/wp\/v2\/product_cat?post=16125"},{"taxonomy":"product_tag","embeddable":true,"href":"https:\/\/nordicmart.andreevmaster.com\/sv\/wp-json\/wp\/v2\/product_tag?post=16125"}],"curies":[{"name":"wp","href":"https:\/\/api.w.org\/{rel}","templated":true}]}}