{"id":16124,"date":"2026-02-27T00:29:14","date_gmt":"2026-02-27T00:29:14","guid":{"rendered":"https:\/\/nordicmart.andreevmaster.com\/product\/songmics-skostall-10-tyghyllor-svart\/"},"modified":"2026-02-27T08:19:58","modified_gmt":"2026-02-27T08:19:58","slug":"songmics-skostall-10-tyghyllor-svart","status":"publish","type":"product","link":"https:\/\/nordicmart.andreevmaster.com\/sv\/produkt\/songmics-skostall-10-tyghyllor-svart\/","title":{"rendered":"SONGMICS skost\u00e4ll 10 tyghyllor svart"},"content":{"rendered":"<p>Den eleganta skohyllan har en praktisk och elegant stil och \u00e4r l\u00e4tt men \u00e4nd\u00e5 stabil. Hyllan fr\u00e5n Songmics passar med sin minimalistiska sk\u00f6nhet in i alla inredningar! Med 10 hyllplan passar den bra i k\u00e4llaren, barnrummet, hallen eller p\u00e5 vinden och har plats f\u00f6r 60 par skor som kan f\u00f6rvaras \u00f6versk\u00e5dligt. Hyllan \u00e4r enkel att montera och demontera. Se till att den belagda sidan av mellanhyllorna \u00e4r v\u00e4nd upp\u00e5t. Hyllorna kan enkelt reng\u00f6ras med en fuktig trasa. Produktdetaljer: &#8211; F\u00e4rg: svart &#8211; M\u00e5tt: 100 x 175 x 29 cm (B x H x D) &#8211; H\u00f6jd p\u00e5 varje hylla: 17 cm &#8211; Material: Fleece-tyg (100 g\/m\u00b2), j\u00e4rnr\u00f6r (\u03a616 mm) &#8211; F\u00f6rpackningsm\u00e5tt: 98 x 15 x 12 cm &#8211; Vikt: 4,8 kg Leveransomfattning: &#8211; 1 x skohylla<\/p>\n","protected":false},"excerpt":{"rendered":"<p>SONGMICS skost\u00e4ll med 10 niv\u00e5er, skof\u00f6rvaring, organiserare, f\u00f6r upp till 50 par skor, f\u00f6r vardagsrum, kl\u00e4dkammare och hall, non-woven-tyg, 100 x 29 x 175 cm, svart LSR10H<\/p>\n","protected":false},"featured_media":43850,"comment_status":"open","ping_status":"closed","template":"","meta":[],"product_brand":[],"product_cat":[33],"product_tag":[],"class_list":{"0":"post-16124","1":"product","2":"type-product","3":"status-publish","4":"has-post-thumbnail","6":"product_cat-okategoriserad","8":"first","9":"instock","10":"shipping-taxable","11":"purchasable","12":"product-type-simple"},"_links":{"self":[{"href":"https:\/\/nordicmart.andreevmaster.com\/sv\/wp-json\/wp\/v2\/product\/16124","targetHints":{"allow":["GET"]}}],"collection":[{"href":"https:\/\/nordicmart.andreevmaster.com\/sv\/wp-json\/wp\/v2\/product"}],"about":[{"href":"https:\/\/nordicmart.andreevmaster.com\/sv\/wp-json\/wp\/v2\/types\/product"}],"replies":[{"embeddable":true,"href":"https:\/\/nordicmart.andreevmaster.com\/sv\/wp-json\/wp\/v2\/comments?post=16124"}],"wp:featuredmedia":[{"embeddable":true,"href":"https:\/\/nordicmart.andreevmaster.com\/sv\/wp-json\/wp\/v2\/media\/43850"}],"wp:attachment":[{"href":"https:\/\/nordicmart.andreevmaster.com\/sv\/wp-json\/wp\/v2\/media?parent=16124"}],"wp:term":[{"taxonomy":"product_brand","embeddable":true,"href":"https:\/\/nordicmart.andreevmaster.com\/sv\/wp-json\/wp\/v2\/product_brand?post=16124"},{"taxonomy":"product_cat","embeddable":true,"href":"https:\/\/nordicmart.andreevmaster.com\/sv\/wp-json\/wp\/v2\/product_cat?post=16124"},{"taxonomy":"product_tag","embeddable":true,"href":"https:\/\/nordicmart.andreevmaster.com\/sv\/wp-json\/wp\/v2\/product_tag?post=16124"}],"curies":[{"name":"wp","href":"https:\/\/api.w.org\/{rel}","templated":true}]}}