{"id":16122,"date":"2026-02-27T00:29:13","date_gmt":"2026-02-27T00:29:13","guid":{"rendered":"https:\/\/nordicmart.andreevmaster.com\/product\/songmics-skostall-5-tyghyllor-svart\/"},"modified":"2026-02-27T08:19:57","modified_gmt":"2026-02-27T08:19:57","slug":"songmics-skostall-5-tyghyllor-svart","status":"publish","type":"product","link":"https:\/\/nordicmart.andreevmaster.com\/sv\/produkt\/songmics-skostall-5-tyghyllor-svart\/","title":{"rendered":"SONGMICS skost\u00e4ll 5 tyghyllor Svart"},"content":{"rendered":"<p>Denna eleganta skohylla i praktisk och elegant stil \u00e4r l\u00e4tt men \u00e4nd\u00e5 stabil. Hyllan fr\u00e5n Songmics passar med sin minimalistiska sk\u00f6nhet in i alla inredningar!    Med 5 hyllplan passar den bra i k\u00e4llaren, barnrummet, hallen eller p\u00e5 vinden och har plats f\u00f6r 20 par skor som kan f\u00f6rvaras \u00f6versk\u00e5dligt. Hyllan \u00e4r enkel att montera och demontera. Se till att den belagda sidan av mellanhyllorna \u00e4r v\u00e4nd upp\u00e5t. Hyllorna kan enkelt reng\u00f6ras med en fuktig trasa.  Produktdetaljer: F\u00e4rg: svart M\u00e5tt: 88 x 91 x 28 cm (B x H x D) H\u00f6jd p\u00e5 varje hylla: 17 cm Material: Fleece-tyg (75 g\/m\u00b2), st\u00e5lr\u00f6r (\u03a612 mm) F\u00f6rpackningsm\u00e5tt: 85 x 14 x 8 cm Vikt: 1,3 kg Leveransomfattning: 1 x skost\u00e4ll   <\/p>\n","protected":false},"excerpt":{"rendered":"<p>SONGMICS 5-niv\u00e5ers skost\u00e4ll Skost\u00e4ll Skosk\u00e5pa Skosk\u00e5pa f\u00f6r 25 par skor gr\u00e5 88 x 91 x 28 cm LSR05H<\/p>\n","protected":false},"featured_media":43848,"comment_status":"open","ping_status":"closed","template":"","meta":[],"product_brand":[],"product_cat":[33],"product_tag":[],"class_list":{"0":"post-16122","1":"product","2":"type-product","3":"status-publish","4":"has-post-thumbnail","6":"product_cat-okategoriserad","8":"first","9":"instock","10":"shipping-taxable","11":"purchasable","12":"product-type-simple"},"_links":{"self":[{"href":"https:\/\/nordicmart.andreevmaster.com\/sv\/wp-json\/wp\/v2\/product\/16122","targetHints":{"allow":["GET"]}}],"collection":[{"href":"https:\/\/nordicmart.andreevmaster.com\/sv\/wp-json\/wp\/v2\/product"}],"about":[{"href":"https:\/\/nordicmart.andreevmaster.com\/sv\/wp-json\/wp\/v2\/types\/product"}],"replies":[{"embeddable":true,"href":"https:\/\/nordicmart.andreevmaster.com\/sv\/wp-json\/wp\/v2\/comments?post=16122"}],"wp:featuredmedia":[{"embeddable":true,"href":"https:\/\/nordicmart.andreevmaster.com\/sv\/wp-json\/wp\/v2\/media\/43848"}],"wp:attachment":[{"href":"https:\/\/nordicmart.andreevmaster.com\/sv\/wp-json\/wp\/v2\/media?parent=16122"}],"wp:term":[{"taxonomy":"product_brand","embeddable":true,"href":"https:\/\/nordicmart.andreevmaster.com\/sv\/wp-json\/wp\/v2\/product_brand?post=16122"},{"taxonomy":"product_cat","embeddable":true,"href":"https:\/\/nordicmart.andreevmaster.com\/sv\/wp-json\/wp\/v2\/product_cat?post=16122"},{"taxonomy":"product_tag","embeddable":true,"href":"https:\/\/nordicmart.andreevmaster.com\/sv\/wp-json\/wp\/v2\/product_tag?post=16122"}],"curies":[{"name":"wp","href":"https:\/\/api.w.org\/{rel}","templated":true}]}}