{"id":16120,"date":"2026-02-27T00:29:13","date_gmt":"2026-02-27T00:29:13","guid":{"rendered":"https:\/\/nordicmart.andreevmaster.com\/product\/songmics-skohyllor-med-tyghyllor-2-pack\/"},"modified":"2026-02-27T08:19:57","modified_gmt":"2026-02-27T08:19:57","slug":"songmics-skohyllor-med-tyghyllor-2-pack","status":"publish","type":"product","link":"https:\/\/nordicmart.andreevmaster.com\/sv\/produkt\/songmics-skohyllor-med-tyghyllor-2-pack\/","title":{"rendered":"SONGMICS skohyllor med tyghyllor, 2-pack"},"content":{"rendered":"<p>Din f\u00f6rvaringsexpert \u00c4r du tr\u00f6tt p\u00e5 att din skokollektion alltid hamnar i kaos? Oroa dig inte! Denna skohylla med 4 hyllor fr\u00e5n SONGMICS kommer som r\u00e4ddad i n\u00f6den. De f\u00f6rst\u00e4rkta metallr\u00f6ren och de h\u00f6gkvalitativa plastkopplingarna garanterar h\u00f6g stabilitet och god belastningsf\u00f6rm\u00e5ga, s\u00e5 att denna hylla utan problem kan b\u00e4ra dina skor. Dessutom \u00e4r tyghyllorna slitstarka och l\u00e4tta att reng\u00f6ra. Tack vare sin l\u00e5ga vikt \u00e4r hyllan ocks\u00e5 l\u00e4tt att transportera. Den som f\u00e5r ordning p\u00e5 kaoset har kontroll \u00f6ver sitt liv! Unna dig denna platsbesparande st\u00e5ende hylla med 4 hyllplan och h\u00e5ll ordning p\u00e5 skokoset. Produktdetaljer:- F\u00e4rg: Gr\u00e5 &#8211; Material: Metallr\u00f6r, non-woven-tyg, plastkopplingar &#8211; Storlek per hyllplan: 45 x 28 x 80 cm (L x B x H) &#8211; Vikt per hyllplan: 0,7 kg &#8211; Max. statisk belastningskapacitet per hyllplan: 3 kg &#8211; Max. statisk belastningskapacitet per hyllplan: 12 kg Leveransomfattning:- 2 x skohylla med 4 hyllplan &#8211; 2 x tippskydd &#8211; 1 x bruksanvisning (DE, EN, FR, ES, IT) SONGMICS Anm\u00e4rkningar: &#8211; Anv\u00e4nd inte produkten utomhus.- Av s\u00e4kerhetssk\u00e4l \u00e4r det f\u00f6rbjudet f\u00f6r barn att kl\u00e4ttra p\u00e5 eller leka med produkten. &#8211; F\u00e4st produkten p\u00e5 v\u00e4ggen med det medf\u00f6ljande tippskyddet f\u00f6r att garantera s\u00e4ker anv\u00e4ndning.<\/p>\n","protected":false},"excerpt":{"rendered":"<p>SONGMICS skost\u00e4ll med 4 hyllplan, 2-pack, skost\u00e4ll, skof\u00f6rvaring, metallstativ, hyllplan av non-woven-tyg, f\u00f6r hall, sovrum, vardagsrum, 45 x 28 x 80 cm, svart LSR044B02<\/p>\n","protected":false},"featured_media":43846,"comment_status":"open","ping_status":"closed","template":"","meta":[],"product_brand":[],"product_cat":[33],"product_tag":[],"class_list":{"0":"post-16120","1":"product","2":"type-product","3":"status-publish","4":"has-post-thumbnail","6":"product_cat-okategoriserad","8":"first","9":"instock","10":"shipping-taxable","11":"purchasable","12":"product-type-simple"},"_links":{"self":[{"href":"https:\/\/nordicmart.andreevmaster.com\/sv\/wp-json\/wp\/v2\/product\/16120","targetHints":{"allow":["GET"]}}],"collection":[{"href":"https:\/\/nordicmart.andreevmaster.com\/sv\/wp-json\/wp\/v2\/product"}],"about":[{"href":"https:\/\/nordicmart.andreevmaster.com\/sv\/wp-json\/wp\/v2\/types\/product"}],"replies":[{"embeddable":true,"href":"https:\/\/nordicmart.andreevmaster.com\/sv\/wp-json\/wp\/v2\/comments?post=16120"}],"wp:featuredmedia":[{"embeddable":true,"href":"https:\/\/nordicmart.andreevmaster.com\/sv\/wp-json\/wp\/v2\/media\/43846"}],"wp:attachment":[{"href":"https:\/\/nordicmart.andreevmaster.com\/sv\/wp-json\/wp\/v2\/media?parent=16120"}],"wp:term":[{"taxonomy":"product_brand","embeddable":true,"href":"https:\/\/nordicmart.andreevmaster.com\/sv\/wp-json\/wp\/v2\/product_brand?post=16120"},{"taxonomy":"product_cat","embeddable":true,"href":"https:\/\/nordicmart.andreevmaster.com\/sv\/wp-json\/wp\/v2\/product_cat?post=16120"},{"taxonomy":"product_tag","embeddable":true,"href":"https:\/\/nordicmart.andreevmaster.com\/sv\/wp-json\/wp\/v2\/product_tag?post=16120"}],"curies":[{"name":"wp","href":"https:\/\/api.w.org\/{rel}","templated":true}]}}