{"id":16118,"date":"2026-02-27T00:29:12","date_gmt":"2026-02-27T00:29:12","guid":{"rendered":"https:\/\/nordicmart.andreevmaster.com\/product\/songmics-skohylla-med-4-hyllplan-svart\/"},"modified":"2026-02-27T08:19:56","modified_gmt":"2026-02-27T08:19:56","slug":"songmics-skohylla-med-4-hyllplan-svart","status":"publish","type":"product","link":"https:\/\/nordicmart.andreevmaster.com\/sv\/produkt\/songmics-skohylla-med-4-hyllplan-svart\/","title":{"rendered":"SONGMICS skohylla med 4 hyllplan Svart"},"content":{"rendered":"<p>Din f\u00f6rvaringsexpert Irriterar det dig att din skokollektion alltid hamnar i kaos? Oroa dig inte! Denna skohylla med 4 hyllplan fr\u00e5n SONGMICS kommer som r\u00e4ddad i n\u00f6den. De f\u00f6rst\u00e4rkta metallr\u00f6ren och de h\u00f6gkvalitativa plastkopplingarna garanterar h\u00f6g stabilitet och god belastningskapacitet, s\u00e5 att detta rack utan problem kan b\u00e4ra dina skor. Dessutom \u00e4r hyllorna av non-woven-tyg slitstarka och l\u00e4tta att reng\u00f6ra. Tack vare sin l\u00e5ga vikt \u00e4r detta rack dessutom l\u00e4tt att transportera. Den som f\u00e5r ordning p\u00e5 kaoset har kontroll \u00f6ver sitt liv! Unna dig detta platsbesparande stativ med 4 hyllplan och h\u00e5ll ordning p\u00e5 skokoset. Produktdetaljer: &#8211; F\u00e4rg: svart &#8211; Material: metallr\u00f6r, non-woven-tyg, plastkopplingar &#8211; Storlek: 45 x 28 x 80 cm (L x B x H) &#8211; Vikt: 0,7 kg &#8211; Max. statisk belastningskapacitet per hylla: 3 kg &#8211; Max. statisk belastningskapacitet totalt: 12 kg Leveransomfattning: &#8211; 1 x skohylla med 4 hyllplan &#8211; 1 x tippskydd &#8211; 1 x bruksanvisning (DE, EN, FR, ES, IT) SONGMICS Anm\u00e4rkningar:- Anv\u00e4nd inte produkten utomhus. &#8211; Av s\u00e4kerhetssk\u00e4l \u00e4r det f\u00f6rbjudet f\u00f6r barn att kl\u00e4ttra p\u00e5 eller leka med produkten. &#8211; F\u00e4st produkten p\u00e5 v\u00e4ggen med det medf\u00f6ljande tippskyddet f\u00f6r att garantera s\u00e4ker anv\u00e4ndning.<\/p>\n","protected":false},"excerpt":{"rendered":"<p>SONGMICS skost\u00e4ll med 4 hyllplan, skost\u00e4ll, skof\u00f6rvaring, metallstativ, hyllplan av non-woven-tyg, f\u00f6r hall, sovrum, vardagsrum, 45 x 28 x 80 cm, svart LSR004B02<\/p>\n","protected":false},"featured_media":43844,"comment_status":"open","ping_status":"closed","template":"","meta":[],"product_brand":[],"product_cat":[33],"product_tag":[],"class_list":{"0":"post-16118","1":"product","2":"type-product","3":"status-publish","4":"has-post-thumbnail","6":"product_cat-okategoriserad","8":"first","9":"instock","10":"shipping-taxable","11":"purchasable","12":"product-type-simple"},"_links":{"self":[{"href":"https:\/\/nordicmart.andreevmaster.com\/sv\/wp-json\/wp\/v2\/product\/16118","targetHints":{"allow":["GET"]}}],"collection":[{"href":"https:\/\/nordicmart.andreevmaster.com\/sv\/wp-json\/wp\/v2\/product"}],"about":[{"href":"https:\/\/nordicmart.andreevmaster.com\/sv\/wp-json\/wp\/v2\/types\/product"}],"replies":[{"embeddable":true,"href":"https:\/\/nordicmart.andreevmaster.com\/sv\/wp-json\/wp\/v2\/comments?post=16118"}],"wp:featuredmedia":[{"embeddable":true,"href":"https:\/\/nordicmart.andreevmaster.com\/sv\/wp-json\/wp\/v2\/media\/43844"}],"wp:attachment":[{"href":"https:\/\/nordicmart.andreevmaster.com\/sv\/wp-json\/wp\/v2\/media?parent=16118"}],"wp:term":[{"taxonomy":"product_brand","embeddable":true,"href":"https:\/\/nordicmart.andreevmaster.com\/sv\/wp-json\/wp\/v2\/product_brand?post=16118"},{"taxonomy":"product_cat","embeddable":true,"href":"https:\/\/nordicmart.andreevmaster.com\/sv\/wp-json\/wp\/v2\/product_cat?post=16118"},{"taxonomy":"product_tag","embeddable":true,"href":"https:\/\/nordicmart.andreevmaster.com\/sv\/wp-json\/wp\/v2\/product_tag?post=16118"}],"curies":[{"name":"wp","href":"https:\/\/api.w.org\/{rel}","templated":true}]}}