{"id":16109,"date":"2026-02-27T00:29:10","date_gmt":"2026-02-27T00:29:10","guid":{"rendered":"https:\/\/nordicmart.andreevmaster.com\/product\/skor-18-st-plastlada-for-forvaring-av-skor\/"},"modified":"2026-02-27T08:19:55","modified_gmt":"2026-02-27T08:19:55","slug":"skor-18-st-plastlada-for-forvaring-av-skor","status":"publish","type":"product","link":"https:\/\/nordicmart.andreevmaster.com\/sv\/produkt\/skor-18-st-plastlada-for-forvaring-av-skor\/","title":{"rendered":"Skor, 18 st, plastl\u00e5da f\u00f6r f\u00f6rvaring av skor"},"content":{"rendered":"<p>Slut med r\u00f6riga skoh\u00f6gar Kastar du alltid skorna i garderoben, s\u00e5 att skoh\u00f6gen efter ett tag blir r\u00f6rig? Det \u00e4r dags att bryta den d\u00e5liga vanan! Skaffa dessa 18 skokartonger och f\u00f6rvara alla dina skor snyggt och ordnat tills du har n\u00e4sta tillf\u00e4lle att anv\u00e4nda dem. Ordna skorna effektivt Alla skor upp till storlek 42 f\u00e5r plats i dessa kartonger, och de kan f\u00f6rvaras dammfritt. Beh\u00f6ver du dina vita sandaler? Du hittar dem med ett \u00f6gonkast, \u00f6ppnar luckan p\u00e5 r\u00e4tt l\u00e5da och tar helt enkelt ut skorna \u2013 en perfekt l\u00f6sning om du har br\u00e5ttom p\u00e5 morgonen! \u00c4nnu b\u00e4ttre \u00e4r att flera av dessa l\u00e5dor kan staplas p\u00e5 varandra f\u00f6r att spara utrymme, s\u00e5 de passar utm\u00e4rkt i hallen, garderoben eller p\u00e5 f\u00f6rvaringshyllan. Produktinformation: &#8211; F\u00e4rg: genomskinlig ram, svart &#8211; Material: ram av PP (polypropen), lucka av PS (polystyren) &#8211; Storlek per l\u00e5da: 33,3 x 23 x 14 cm (L x B x H) &#8211; Innerm\u00e5tt per l\u00e5da: Leveransens inneh\u00e5ll: &#8211; 18 x skokartong &#8211; 1 x bruksanvisning (DE, EN, FR, ES, IT) SONGMICS Anm\u00e4rkningar: &#8211; F\u00f6lj anvisningarna och videon f\u00f6r att montera produkten. Ta inte is\u00e4r den med v\u00e5ld. &#8211; M\u00e4t dina skor innan du k\u00f6per och kontrollera att de passar i dessa skokartonger.<\/p>\n","protected":false},"excerpt":{"rendered":"<p>Slut med r\u00f6riga skoh\u00f6gar Kastar du alltid skorna i garderoben, s\u00e5 att skoh\u00f6gen efter ett tag blir r\u00f6rig? Det \u00e4r dags att bryta den d\u00e5liga vanan! Skaffa dessa 18 skokartonger och f\u00f6rvara alla dina skor snyggt och ordnat tills du har n\u00e4sta tillf\u00e4lle att anv\u00e4nda dem. Ordna skorna effektivt Alla skor upp till storlek 42 [&hellip;]<\/p>\n","protected":false},"featured_media":0,"comment_status":"open","ping_status":"closed","template":"","meta":[],"product_brand":[],"product_cat":[33],"product_tag":[],"class_list":{"0":"post-16109","1":"product","2":"type-product","3":"status-publish","5":"product_cat-okategoriserad","7":"first","8":"instock","9":"shipping-taxable","10":"product-type-simple"},"_links":{"self":[{"href":"https:\/\/nordicmart.andreevmaster.com\/sv\/wp-json\/wp\/v2\/product\/16109","targetHints":{"allow":["GET"]}}],"collection":[{"href":"https:\/\/nordicmart.andreevmaster.com\/sv\/wp-json\/wp\/v2\/product"}],"about":[{"href":"https:\/\/nordicmart.andreevmaster.com\/sv\/wp-json\/wp\/v2\/types\/product"}],"replies":[{"embeddable":true,"href":"https:\/\/nordicmart.andreevmaster.com\/sv\/wp-json\/wp\/v2\/comments?post=16109"}],"wp:attachment":[{"href":"https:\/\/nordicmart.andreevmaster.com\/sv\/wp-json\/wp\/v2\/media?parent=16109"}],"wp:term":[{"taxonomy":"product_brand","embeddable":true,"href":"https:\/\/nordicmart.andreevmaster.com\/sv\/wp-json\/wp\/v2\/product_brand?post=16109"},{"taxonomy":"product_cat","embeddable":true,"href":"https:\/\/nordicmart.andreevmaster.com\/sv\/wp-json\/wp\/v2\/product_cat?post=16109"},{"taxonomy":"product_tag","embeddable":true,"href":"https:\/\/nordicmart.andreevmaster.com\/sv\/wp-json\/wp\/v2\/product_tag?post=16109"}],"curies":[{"name":"wp","href":"https:\/\/api.w.org\/{rel}","templated":true}]}}