{"id":16106,"date":"2026-02-27T00:29:09","date_gmt":"2026-02-27T00:29:09","guid":{"rendered":"https:\/\/nordicmart.andreevmaster.com\/product\/songmics-skokartonger-12-pack-med-lock-stapelbara-skoorganiserare\/"},"modified":"2026-02-27T08:19:54","modified_gmt":"2026-02-27T08:19:54","slug":"songmics-skokartonger-12-pack-med-lock-stapelbara-skoorganiserare","status":"publish","type":"product","link":"https:\/\/nordicmart.andreevmaster.com\/sv\/produkt\/songmics-skokartonger-12-pack-med-lock-stapelbara-skoorganiserare\/","title":{"rendered":"SONGMICS skokartonger, 12-pack, med lock, stapelbara skoorganiserare"},"content":{"rendered":"<p>SONGMICS f\u00f6rvaringsl\u00e5dorM\u00e5ngsidiga, en praktisk hj\u00e4lpreda f\u00f6r digProduktdetaljer:F\u00e4rg: vitt lock + transparent l\u00e5da Material: PP Produktm\u00e5tt: 35 x 20 x 12,5 cm (B x H x D) Vikt per l\u00e5da: 235 g Leveransomfattning: 12-pack skokartonger 1 x bruksanvisning (DE, EN, FR, ES, IT)<\/p>\n","protected":false},"excerpt":{"rendered":"<p>SONGMICS 12-pack skokartonger F\u00f6rvaringsl\u00e5dor f\u00f6r skor Skof\u00f6rvaring F\u00f6rvaringsl\u00e5da Transparent Med lock Plast f\u00f6r skor upp till storlek 41 LSP12WT<\/p>\n","protected":false},"featured_media":43833,"comment_status":"open","ping_status":"closed","template":"","meta":[],"product_brand":[],"product_cat":[33],"product_tag":[],"class_list":{"0":"post-16106","1":"product","2":"type-product","3":"status-publish","4":"has-post-thumbnail","6":"product_cat-okategoriserad","8":"first","9":"instock","10":"shipping-taxable","11":"purchasable","12":"product-type-simple"},"_links":{"self":[{"href":"https:\/\/nordicmart.andreevmaster.com\/sv\/wp-json\/wp\/v2\/product\/16106","targetHints":{"allow":["GET"]}}],"collection":[{"href":"https:\/\/nordicmart.andreevmaster.com\/sv\/wp-json\/wp\/v2\/product"}],"about":[{"href":"https:\/\/nordicmart.andreevmaster.com\/sv\/wp-json\/wp\/v2\/types\/product"}],"replies":[{"embeddable":true,"href":"https:\/\/nordicmart.andreevmaster.com\/sv\/wp-json\/wp\/v2\/comments?post=16106"}],"wp:featuredmedia":[{"embeddable":true,"href":"https:\/\/nordicmart.andreevmaster.com\/sv\/wp-json\/wp\/v2\/media\/43833"}],"wp:attachment":[{"href":"https:\/\/nordicmart.andreevmaster.com\/sv\/wp-json\/wp\/v2\/media?parent=16106"}],"wp:term":[{"taxonomy":"product_brand","embeddable":true,"href":"https:\/\/nordicmart.andreevmaster.com\/sv\/wp-json\/wp\/v2\/product_brand?post=16106"},{"taxonomy":"product_cat","embeddable":true,"href":"https:\/\/nordicmart.andreevmaster.com\/sv\/wp-json\/wp\/v2\/product_cat?post=16106"},{"taxonomy":"product_tag","embeddable":true,"href":"https:\/\/nordicmart.andreevmaster.com\/sv\/wp-json\/wp\/v2\/product_tag?post=16106"}],"curies":[{"name":"wp","href":"https:\/\/api.w.org\/{rel}","templated":true}]}}