{"id":16104,"date":"2026-02-27T00:29:08","date_gmt":"2026-02-27T00:29:08","guid":{"rendered":"https:\/\/nordicmart.andreevmaster.com\/product\/songmics-skokartong-12-pack-skoorganiserare-i-plast-for-skor-upp-till-storlek-44\/"},"modified":"2026-02-27T08:19:54","modified_gmt":"2026-02-27T08:19:54","slug":"songmics-skokartong-12-pack-skoorganiserare-i-plast-for-skor-upp-till-storlek-44","status":"publish","type":"product","link":"https:\/\/nordicmart.andreevmaster.com\/sv\/produkt\/songmics-skokartong-12-pack-skoorganiserare-i-plast-for-skor-upp-till-storlek-44\/","title":{"rendered":"SONGMICS skokartong 12-pack, skoorganiserare i plast, f\u00f6r skor upp till storlek 44"},"content":{"rendered":"<p>SONGMICS 12-pack skokartonger F\u00f6rvaringsl\u00e5dor f\u00f6r skor Skof\u00f6rvaring F\u00f6rvaringsl\u00e5da Transparent Med lock Plast f\u00f6r skor upp till storlek 41 LSP12WT<br \/>\nSpecifikationer:<br \/>\n&#8211; Storlek per l\u00e5da: 33,5 x 23,2 x 14,3 cm (L x B x H)<br \/>\n&#8211; Innerm\u00e5tt per l\u00e5da: 31,2 x 22,5 x 13,5 cm (L x B x H)<br \/>\n&#8211; Totalvikt: 3,5 kg<br \/>\n&#8211; F\u00e4rg: Transparentgr\u00f6n<br \/>\n&#8211; Material: Kropp av PP (polypropen), d\u00f6rr av PP (polypropen), ram av ABS-plast<\/p>\n","protected":false},"excerpt":{"rendered":"<p>SONGMICS 12-pack skokartonger F\u00f6rvaringsl\u00e5dor f\u00f6r skor Skof\u00f6rvaring F\u00f6rvaringsl\u00e5da Transparent Med lock Plast f\u00f6r skor upp till storlek 41 LSP12WT<\/p>\n","protected":false},"featured_media":43831,"comment_status":"open","ping_status":"closed","template":"","meta":[],"product_brand":[],"product_cat":[33],"product_tag":[],"class_list":{"0":"post-16104","1":"product","2":"type-product","3":"status-publish","4":"has-post-thumbnail","6":"product_cat-okategoriserad","8":"first","9":"instock","10":"shipping-taxable","11":"purchasable","12":"product-type-simple"},"_links":{"self":[{"href":"https:\/\/nordicmart.andreevmaster.com\/sv\/wp-json\/wp\/v2\/product\/16104","targetHints":{"allow":["GET"]}}],"collection":[{"href":"https:\/\/nordicmart.andreevmaster.com\/sv\/wp-json\/wp\/v2\/product"}],"about":[{"href":"https:\/\/nordicmart.andreevmaster.com\/sv\/wp-json\/wp\/v2\/types\/product"}],"replies":[{"embeddable":true,"href":"https:\/\/nordicmart.andreevmaster.com\/sv\/wp-json\/wp\/v2\/comments?post=16104"}],"wp:featuredmedia":[{"embeddable":true,"href":"https:\/\/nordicmart.andreevmaster.com\/sv\/wp-json\/wp\/v2\/media\/43831"}],"wp:attachment":[{"href":"https:\/\/nordicmart.andreevmaster.com\/sv\/wp-json\/wp\/v2\/media?parent=16104"}],"wp:term":[{"taxonomy":"product_brand","embeddable":true,"href":"https:\/\/nordicmart.andreevmaster.com\/sv\/wp-json\/wp\/v2\/product_brand?post=16104"},{"taxonomy":"product_cat","embeddable":true,"href":"https:\/\/nordicmart.andreevmaster.com\/sv\/wp-json\/wp\/v2\/product_cat?post=16104"},{"taxonomy":"product_tag","embeddable":true,"href":"https:\/\/nordicmart.andreevmaster.com\/sv\/wp-json\/wp\/v2\/product_tag?post=16104"}],"curies":[{"name":"wp","href":"https:\/\/api.w.org\/{rel}","templated":true}]}}