{"id":16094,"date":"2026-02-27T00:29:06","date_gmt":"2026-02-27T00:29:06","guid":{"rendered":"https:\/\/nordicmart.andreevmaster.com\/product\/songmics-skokartonger-18-pack-skoorganiserare-i-plast\/"},"modified":"2026-02-27T08:19:52","modified_gmt":"2026-02-27T08:19:52","slug":"songmics-skokartonger-18-pack-skoorganiserare-i-plast","status":"publish","type":"product","link":"https:\/\/nordicmart.andreevmaster.com\/sv\/produkt\/songmics-skokartonger-18-pack-skoorganiserare-i-plast\/","title":{"rendered":"SONGMICS skokartonger, 18-pack, skoorganiserare i plast"},"content":{"rendered":"<p>Skorl\u00e5dor, 18-pack, skoorganiserare i plast, hopf\u00e4llbara och stapelbara, skor upp till storlek 44, transparentgr\u00e5<br \/>\nProduktdetaljer:<br \/>\n&#8211; F\u00e4rg: Transparentgr\u00e5<br \/>\n&#8211; Material: Kropp av PP (polypropen), d\u00f6rr av PP (polypropen), ram av ABS-plast<br \/>\n&#8211; Storlek per l\u00e5da: 33,5 x 23,2 x 14,3 cm (L x B x H)<br \/>\n&#8211; Innerm\u00e5tt per l\u00e5da: 31,2 x 22,5 x 13,5 cm (L x B x H)<br \/>\n&#8211; Totalvikt: 5,3 kg<\/p>\n<p>Leveransomfattning:<br \/>\n&#8211; 18 x skokartong<br \/>\n&#8211; 1 x bruksanvisning<\/p>\n<p>SONGMICS Anm\u00e4rkningar:<br \/>\n&#8211; F\u00f6lj stegen i instruktionen och monteringsvideon n\u00e4r du monterar l\u00e5dorna. Ta inte is\u00e4r dem med v\u00e5ld.<br \/>\n&#8211; M\u00e4t dina skor och kontrollera storleken p\u00e5 motsvarande l\u00e5dor innan du k\u00f6per.<\/p>\n","protected":false},"excerpt":{"rendered":"<p>Skorl\u00e5dor, 18-pack, skoorganiserare i plast, hopf\u00e4llbara och stapelbara, skor upp till storlek 44, transparentgr\u00e5<\/p>\n","protected":false},"featured_media":43823,"comment_status":"open","ping_status":"closed","template":"","meta":[],"product_brand":[],"product_cat":[33],"product_tag":[],"class_list":{"0":"post-16094","1":"product","2":"type-product","3":"status-publish","4":"has-post-thumbnail","6":"product_cat-okategoriserad","8":"first","9":"instock","10":"shipping-taxable","11":"purchasable","12":"product-type-simple"},"_links":{"self":[{"href":"https:\/\/nordicmart.andreevmaster.com\/sv\/wp-json\/wp\/v2\/product\/16094","targetHints":{"allow":["GET"]}}],"collection":[{"href":"https:\/\/nordicmart.andreevmaster.com\/sv\/wp-json\/wp\/v2\/product"}],"about":[{"href":"https:\/\/nordicmart.andreevmaster.com\/sv\/wp-json\/wp\/v2\/types\/product"}],"replies":[{"embeddable":true,"href":"https:\/\/nordicmart.andreevmaster.com\/sv\/wp-json\/wp\/v2\/comments?post=16094"}],"wp:featuredmedia":[{"embeddable":true,"href":"https:\/\/nordicmart.andreevmaster.com\/sv\/wp-json\/wp\/v2\/media\/43823"}],"wp:attachment":[{"href":"https:\/\/nordicmart.andreevmaster.com\/sv\/wp-json\/wp\/v2\/media?parent=16094"}],"wp:term":[{"taxonomy":"product_brand","embeddable":true,"href":"https:\/\/nordicmart.andreevmaster.com\/sv\/wp-json\/wp\/v2\/product_brand?post=16094"},{"taxonomy":"product_cat","embeddable":true,"href":"https:\/\/nordicmart.andreevmaster.com\/sv\/wp-json\/wp\/v2\/product_cat?post=16094"},{"taxonomy":"product_tag","embeddable":true,"href":"https:\/\/nordicmart.andreevmaster.com\/sv\/wp-json\/wp\/v2\/product_tag?post=16094"}],"curies":[{"name":"wp","href":"https:\/\/api.w.org\/{rel}","templated":true}]}}