{"id":16093,"date":"2026-02-27T00:29:06","date_gmt":"2026-02-27T00:29:06","guid":{"rendered":"https:\/\/nordicmart.andreevmaster.com\/product\/songmics-skokartonger-12-pack-skoorganiserare-i-plast\/"},"modified":"2026-02-27T08:19:51","modified_gmt":"2026-02-27T08:19:51","slug":"songmics-skokartonger-12-pack-skoorganiserare-i-plast","status":"publish","type":"product","link":"https:\/\/nordicmart.andreevmaster.com\/sv\/produkt\/songmics-skokartonger-12-pack-skoorganiserare-i-plast\/","title":{"rendered":"SONGMICS skokartonger, 12-pack, skoorganiserare i plast"},"content":{"rendered":"<p>Skorl\u00e5dor, 12-pack, skoorganiserare i plast, hopf\u00e4llbara och stapelbara, skor upp till storlek 44, transparent-bl\u00e4ck svart<br \/>\n&#8211; F\u00e4rg: transparent-bl\u00e4ck svart<br \/>\n&#8211; Material: Kropp av PP (polypropen), d\u00f6rr av PP (polypropen), ram av ABS-plast<br \/>\n&#8211; Storlek per l\u00e5da: 33,5 x 23,2 x 14,3 cm (L x B x H)<br \/>\n&#8211; Innerm\u00e5tt per l\u00e5da: 31,2 x 22,5 x 13,5 cm (L x B x H)<br \/>\n&#8211; Totalvikt: 3,5 kg<\/p>\n","protected":false},"excerpt":{"rendered":"<p>Skorl\u00e5dor, 12-pack, skoorganiserare i plast, hopf\u00e4llbara och stapelbara, skor upp till storlek 44, transparent-bl\u00e4ck svart<\/p>\n","protected":false},"featured_media":43822,"comment_status":"open","ping_status":"closed","template":"","meta":[],"product_brand":[],"product_cat":[33],"product_tag":[],"class_list":{"0":"post-16093","1":"product","2":"type-product","3":"status-publish","4":"has-post-thumbnail","6":"product_cat-okategoriserad","8":"first","9":"instock","10":"shipping-taxable","11":"purchasable","12":"product-type-simple"},"_links":{"self":[{"href":"https:\/\/nordicmart.andreevmaster.com\/sv\/wp-json\/wp\/v2\/product\/16093","targetHints":{"allow":["GET"]}}],"collection":[{"href":"https:\/\/nordicmart.andreevmaster.com\/sv\/wp-json\/wp\/v2\/product"}],"about":[{"href":"https:\/\/nordicmart.andreevmaster.com\/sv\/wp-json\/wp\/v2\/types\/product"}],"replies":[{"embeddable":true,"href":"https:\/\/nordicmart.andreevmaster.com\/sv\/wp-json\/wp\/v2\/comments?post=16093"}],"wp:featuredmedia":[{"embeddable":true,"href":"https:\/\/nordicmart.andreevmaster.com\/sv\/wp-json\/wp\/v2\/media\/43822"}],"wp:attachment":[{"href":"https:\/\/nordicmart.andreevmaster.com\/sv\/wp-json\/wp\/v2\/media?parent=16093"}],"wp:term":[{"taxonomy":"product_brand","embeddable":true,"href":"https:\/\/nordicmart.andreevmaster.com\/sv\/wp-json\/wp\/v2\/product_brand?post=16093"},{"taxonomy":"product_cat","embeddable":true,"href":"https:\/\/nordicmart.andreevmaster.com\/sv\/wp-json\/wp\/v2\/product_cat?post=16093"},{"taxonomy":"product_tag","embeddable":true,"href":"https:\/\/nordicmart.andreevmaster.com\/sv\/wp-json\/wp\/v2\/product_tag?post=16093"}],"curies":[{"name":"wp","href":"https:\/\/api.w.org\/{rel}","templated":true}]}}