{"id":16087,"date":"2026-02-27T00:29:04","date_gmt":"2026-02-27T00:29:04","guid":{"rendered":"https:\/\/nordicmart.andreevmaster.com\/product\/songmics-skokartonger-12-pack-av-plast-for-skor-upp-till-storlek-43\/"},"modified":"2026-02-27T08:19:50","modified_gmt":"2026-02-27T08:19:50","slug":"songmics-skokartonger-12-pack-av-plast-for-skor-upp-till-storlek-43","status":"publish","type":"product","link":"https:\/\/nordicmart.andreevmaster.com\/sv\/produkt\/songmics-skokartonger-12-pack-av-plast-for-skor-upp-till-storlek-43\/","title":{"rendered":"SONGMICS skokartonger, 12-pack, av plast, f\u00f6r skor upp till storlek 43"},"content":{"rendered":"<p>SONGMICS skokartonger, skoorganiserare av plast, med d\u00f6rr, genomskinliga, 12-pack, stapelbara, enkel montering, 33,2 x 23 x 14,5 cm, f\u00f6r skor upp till storlek 43, transparent molnvit LSP312W01<br \/>\nF\u00e4rg: Transparent bl\u00e4ck svart<br \/>\nMaterial: PP-plast (polypropen)<br \/>\nStorlek per skokartong: 33,2 x 23 x 14,5 cm (L x B x H)<br \/>\nTotalvikt: 2,7 kg<\/p>\n","protected":false},"excerpt":{"rendered":"<p>SONGMICS skokartonger, skoorganiserare av plast, med d\u00f6rr, genomskinliga, 12-pack, stapelbara, enkel montering, 33,2 x 23 x 14,5 cm, f\u00f6r skor upp till storlek 43, transparent molnvit LSP312W01<\/p>\n","protected":false},"featured_media":43816,"comment_status":"open","ping_status":"closed","template":"","meta":[],"product_brand":[],"product_cat":[33],"product_tag":[],"class_list":{"0":"post-16087","1":"product","2":"type-product","3":"status-publish","4":"has-post-thumbnail","6":"product_cat-okategoriserad","8":"first","9":"instock","10":"shipping-taxable","11":"purchasable","12":"product-type-simple"},"_links":{"self":[{"href":"https:\/\/nordicmart.andreevmaster.com\/sv\/wp-json\/wp\/v2\/product\/16087","targetHints":{"allow":["GET"]}}],"collection":[{"href":"https:\/\/nordicmart.andreevmaster.com\/sv\/wp-json\/wp\/v2\/product"}],"about":[{"href":"https:\/\/nordicmart.andreevmaster.com\/sv\/wp-json\/wp\/v2\/types\/product"}],"replies":[{"embeddable":true,"href":"https:\/\/nordicmart.andreevmaster.com\/sv\/wp-json\/wp\/v2\/comments?post=16087"}],"wp:featuredmedia":[{"embeddable":true,"href":"https:\/\/nordicmart.andreevmaster.com\/sv\/wp-json\/wp\/v2\/media\/43816"}],"wp:attachment":[{"href":"https:\/\/nordicmart.andreevmaster.com\/sv\/wp-json\/wp\/v2\/media?parent=16087"}],"wp:term":[{"taxonomy":"product_brand","embeddable":true,"href":"https:\/\/nordicmart.andreevmaster.com\/sv\/wp-json\/wp\/v2\/product_brand?post=16087"},{"taxonomy":"product_cat","embeddable":true,"href":"https:\/\/nordicmart.andreevmaster.com\/sv\/wp-json\/wp\/v2\/product_cat?post=16087"},{"taxonomy":"product_tag","embeddable":true,"href":"https:\/\/nordicmart.andreevmaster.com\/sv\/wp-json\/wp\/v2\/product_tag?post=16087"}],"curies":[{"name":"wp","href":"https:\/\/api.w.org\/{rel}","templated":true}]}}