{"id":16086,"date":"2026-02-27T00:29:04","date_gmt":"2026-02-27T00:29:04","guid":{"rendered":"https:\/\/nordicmart.andreevmaster.com\/product\/songmics-skokartonger-20-stycken-upp-till-storlek-41\/"},"modified":"2026-02-27T08:19:50","modified_gmt":"2026-02-27T08:19:50","slug":"songmics-skokartonger-20-stycken-upp-till-storlek-41","status":"publish","type":"product","link":"https:\/\/nordicmart.andreevmaster.com\/sv\/produkt\/songmics-skokartonger-20-stycken-upp-till-storlek-41\/","title":{"rendered":"SONGMICS skokartonger 20 stycken upp till storlek 41"},"content":{"rendered":"<p>En praktisk f\u00f6rvaringshj\u00e4lp som ocks\u00e5 sparar plats Stapla enkelt en l\u00e5da \u00f6ver en annan, ingen montering kr\u00e4vs Produktdetaljer: F\u00e4rg: Transparent, vit Material: PP-plast (polypropen) Storlek p\u00e5 varje l\u00e5da: 35 x 20 x 12,5 cm (L x B x H) Innerm\u00e5tt p\u00e5 varje l\u00e5da: 29,5 x 16,5 x 12,5 cm (L x B x H)Vikt: 4,8 kgLeveransomfattning:20 x skokartongSONGMICS Anm\u00e4rkningar:M\u00e4t dina skor f\u00f6re k\u00f6pet och kontrollera att de passar i dessa skokartonger.<\/p>\n","protected":false},"excerpt":{"rendered":"<p>SONGMICS skokartonger med lock, 20-pack, stapelbara skokartonger, genomskinliga skoorganiserare, m\u00e5ngsidig skof\u00f6rvaring, f\u00f6r skor upp till storlek 41 och andra tillbeh\u00f6r, transparent LSP20WT<\/p>\n","protected":false},"featured_media":43815,"comment_status":"open","ping_status":"closed","template":"","meta":[],"product_brand":[],"product_cat":[33],"product_tag":[],"class_list":{"0":"post-16086","1":"product","2":"type-product","3":"status-publish","4":"has-post-thumbnail","6":"product_cat-okategoriserad","8":"first","9":"instock","10":"shipping-taxable","11":"purchasable","12":"product-type-simple"},"_links":{"self":[{"href":"https:\/\/nordicmart.andreevmaster.com\/sv\/wp-json\/wp\/v2\/product\/16086","targetHints":{"allow":["GET"]}}],"collection":[{"href":"https:\/\/nordicmart.andreevmaster.com\/sv\/wp-json\/wp\/v2\/product"}],"about":[{"href":"https:\/\/nordicmart.andreevmaster.com\/sv\/wp-json\/wp\/v2\/types\/product"}],"replies":[{"embeddable":true,"href":"https:\/\/nordicmart.andreevmaster.com\/sv\/wp-json\/wp\/v2\/comments?post=16086"}],"wp:featuredmedia":[{"embeddable":true,"href":"https:\/\/nordicmart.andreevmaster.com\/sv\/wp-json\/wp\/v2\/media\/43815"}],"wp:attachment":[{"href":"https:\/\/nordicmart.andreevmaster.com\/sv\/wp-json\/wp\/v2\/media?parent=16086"}],"wp:term":[{"taxonomy":"product_brand","embeddable":true,"href":"https:\/\/nordicmart.andreevmaster.com\/sv\/wp-json\/wp\/v2\/product_brand?post=16086"},{"taxonomy":"product_cat","embeddable":true,"href":"https:\/\/nordicmart.andreevmaster.com\/sv\/wp-json\/wp\/v2\/product_cat?post=16086"},{"taxonomy":"product_tag","embeddable":true,"href":"https:\/\/nordicmart.andreevmaster.com\/sv\/wp-json\/wp\/v2\/product_tag?post=16086"}],"curies":[{"name":"wp","href":"https:\/\/api.w.org\/{rel}","templated":true}]}}