{"id":16081,"date":"2026-02-27T00:29:02","date_gmt":"2026-02-27T00:29:02","guid":{"rendered":"https:\/\/nordicmart.andreevmaster.com\/product\/songmics-skoskap-med-6-skokartonger-transparent-molnvit\/"},"modified":"2026-02-27T08:19:49","modified_gmt":"2026-02-27T08:19:49","slug":"songmics-skoskap-med-6-skokartonger-transparent-molnvit","status":"publish","type":"product","link":"https:\/\/nordicmart.andreevmaster.com\/sv\/produkt\/songmics-skoskap-med-6-skokartonger-transparent-molnvit\/","title":{"rendered":"SONGMICS skosk\u00e5p med 6 skokartonger, transparent molnvit"},"content":{"rendered":"<p>SONGMICS skosk\u00e5p, med 6 skokartonger, integrerad skoorganiserare, hopf\u00e4llbar, b\u00e4rbar, f\u00f6r skor upp till storlek 46, 1 minuts montering, transparent-bl\u00e4ck svart LSP205B01<br \/>\nF\u00e4rg: Transparent molnvit<br \/>\nMaterial: Kropp av PP-plast (polypropen), d\u00f6rr av PS-plast (polystyren)<br \/>\nStorlek: 35,5 x 25,5 x 105 cm (L x B x H)<br \/>\nInnerm\u00e5tt per l\u00e5da: 34,5 x 25,5 x 17 cm (L x B x H)<br \/>\nVikt: 3 kg<br \/>\nMax. statisk belastningskapacitet per l\u00e5da: 2,5 kg<br \/>\nMax. statisk belastningskapacitet totalt: 23 kg<\/p>\n","protected":false},"excerpt":{"rendered":"<p>SONGMICS skosk\u00e5p, med 6 skokartonger, integrerad skoorganiserare, hopf\u00e4llbar, b\u00e4rbar, f\u00f6r skor upp till storlek 46, 1 minuts montering, transparent-bl\u00e4ck svart LSP205B01<\/p>\n","protected":false},"featured_media":43810,"comment_status":"open","ping_status":"closed","template":"","meta":[],"product_brand":[],"product_cat":[33],"product_tag":[],"class_list":{"0":"post-16081","1":"product","2":"type-product","3":"status-publish","4":"has-post-thumbnail","6":"product_cat-okategoriserad","8":"first","9":"instock","10":"shipping-taxable","11":"purchasable","12":"product-type-simple"},"_links":{"self":[{"href":"https:\/\/nordicmart.andreevmaster.com\/sv\/wp-json\/wp\/v2\/product\/16081","targetHints":{"allow":["GET"]}}],"collection":[{"href":"https:\/\/nordicmart.andreevmaster.com\/sv\/wp-json\/wp\/v2\/product"}],"about":[{"href":"https:\/\/nordicmart.andreevmaster.com\/sv\/wp-json\/wp\/v2\/types\/product"}],"replies":[{"embeddable":true,"href":"https:\/\/nordicmart.andreevmaster.com\/sv\/wp-json\/wp\/v2\/comments?post=16081"}],"wp:featuredmedia":[{"embeddable":true,"href":"https:\/\/nordicmart.andreevmaster.com\/sv\/wp-json\/wp\/v2\/media\/43810"}],"wp:attachment":[{"href":"https:\/\/nordicmart.andreevmaster.com\/sv\/wp-json\/wp\/v2\/media?parent=16081"}],"wp:term":[{"taxonomy":"product_brand","embeddable":true,"href":"https:\/\/nordicmart.andreevmaster.com\/sv\/wp-json\/wp\/v2\/product_brand?post=16081"},{"taxonomy":"product_cat","embeddable":true,"href":"https:\/\/nordicmart.andreevmaster.com\/sv\/wp-json\/wp\/v2\/product_cat?post=16081"},{"taxonomy":"product_tag","embeddable":true,"href":"https:\/\/nordicmart.andreevmaster.com\/sv\/wp-json\/wp\/v2\/product_tag?post=16081"}],"curies":[{"name":"wp","href":"https:\/\/api.w.org\/{rel}","templated":true}]}}