{"id":16073,"date":"2026-02-27T00:29:00","date_gmt":"2026-02-27T00:29:00","guid":{"rendered":"https:\/\/nordicmart.andreevmaster.com\/product\/songmics-stapelbara-skokartonger-18-pack\/"},"modified":"2026-02-27T08:19:47","modified_gmt":"2026-02-27T08:19:47","slug":"songmics-stapelbara-skokartonger-18-pack","status":"publish","type":"product","link":"https:\/\/nordicmart.andreevmaster.com\/sv\/produkt\/songmics-stapelbara-skokartonger-18-pack\/","title":{"rendered":"SONGMICS Stapelbara skokartonger, 18-pack"},"content":{"rendered":"<p>Produktdetaljer: F\u00e4rg: Transparent kropp, vit Material: Kropp av PP (polypropen), d\u00f6rr av PS (polystyren) Storlek per l\u00e5da: 35 x 25 x 18,5 cm (L x B x H) Innerm\u00e5tt per l\u00e5da: 31 x 24,5 x 17,5 cm (L x B x H) Vikt: 7,7 kg Leveransomfattning: 18 x skokartong 1 x bruksanvisning (DE, EN, FR, ES, IT) SONGMICS Anm\u00e4rkningar: F\u00f6lj monteringsanvisningarna i bruksanvisningen och i videon f\u00f6r att montera produkten. Demontera inte produkten med v\u00e5ld. M\u00e4t dina skor f\u00f6re k\u00f6pet och kontrollera att de passar i dessa skokartonger.<\/p>\n","protected":false},"excerpt":{"rendered":"<p>SONGMICS skokartonger, 18-pack, f\u00f6rvaringsl\u00e5dor f\u00f6r skor, skoorganiserare, plastl\u00e5dor, vikbara och stapelbara, f\u00f6r skor upp till storlek 44, transparentvit LSP18MWT<\/p>\n","protected":false},"featured_media":43803,"comment_status":"open","ping_status":"closed","template":"","meta":[],"product_brand":[],"product_cat":[33],"product_tag":[],"class_list":{"0":"post-16073","1":"product","2":"type-product","3":"status-publish","4":"has-post-thumbnail","6":"product_cat-okategoriserad","8":"first","9":"instock","10":"shipping-taxable","11":"purchasable","12":"product-type-simple"},"_links":{"self":[{"href":"https:\/\/nordicmart.andreevmaster.com\/sv\/wp-json\/wp\/v2\/product\/16073","targetHints":{"allow":["GET"]}}],"collection":[{"href":"https:\/\/nordicmart.andreevmaster.com\/sv\/wp-json\/wp\/v2\/product"}],"about":[{"href":"https:\/\/nordicmart.andreevmaster.com\/sv\/wp-json\/wp\/v2\/types\/product"}],"replies":[{"embeddable":true,"href":"https:\/\/nordicmart.andreevmaster.com\/sv\/wp-json\/wp\/v2\/comments?post=16073"}],"wp:featuredmedia":[{"embeddable":true,"href":"https:\/\/nordicmart.andreevmaster.com\/sv\/wp-json\/wp\/v2\/media\/43803"}],"wp:attachment":[{"href":"https:\/\/nordicmart.andreevmaster.com\/sv\/wp-json\/wp\/v2\/media?parent=16073"}],"wp:term":[{"taxonomy":"product_brand","embeddable":true,"href":"https:\/\/nordicmart.andreevmaster.com\/sv\/wp-json\/wp\/v2\/product_brand?post=16073"},{"taxonomy":"product_cat","embeddable":true,"href":"https:\/\/nordicmart.andreevmaster.com\/sv\/wp-json\/wp\/v2\/product_cat?post=16073"},{"taxonomy":"product_tag","embeddable":true,"href":"https:\/\/nordicmart.andreevmaster.com\/sv\/wp-json\/wp\/v2\/product_tag?post=16073"}],"curies":[{"name":"wp","href":"https:\/\/api.w.org\/{rel}","templated":true}]}}