{"id":16071,"date":"2026-02-27T00:29:00","date_gmt":"2026-02-27T00:29:00","guid":{"rendered":"https:\/\/nordicmart.andreevmaster.com\/product\/songmics-skokartonger-12-stycken-upp-till-storlek-43\/"},"modified":"2026-02-27T08:19:47","modified_gmt":"2026-02-27T08:19:47","slug":"songmics-skokartonger-12-stycken-upp-till-storlek-43","status":"publish","type":"product","link":"https:\/\/nordicmart.andreevmaster.com\/sv\/produkt\/songmics-skokartonger-12-stycken-upp-till-storlek-43\/","title":{"rendered":"SONGMICS skokartonger 12 stycken upp till storlek 43"},"content":{"rendered":"<p>Det l\u00e4tt\u00f6ppnade locket ger dig enkel \u00e5tkomst till skorna som f\u00f6rvaras inuti. Tack vare den transparenta l\u00e5dan kan du snabbt hitta alla skor. Flera l\u00e5dor kan staplas p\u00e5 varandra. P\u00e5 s\u00e5 s\u00e4tt utnyttjas det vertikala utrymmet optimalt och det skapas mer plats p\u00e5 golvet. Ventilations\u00f6ppningarna s\u00e4kerst\u00e4ller god luftcirkulation och h\u00e5ller dina skor fr\u00e4scha och torra. Produktdetaljer: F\u00e4rg: vitt lock + transparent l\u00e5da Material: PP Produktm\u00e5tt: 36 x 13,5 x 22 cm (B x H x D)Vikt per l\u00e5da: 300 gLeveransomfattning:12 skokartonger1 x bruksanvisning (DE, EN, FR, ES, IT)SONGMICS Anm\u00e4rkningar:Var uppm\u00e4rksam p\u00e5 skokartongens storlek n\u00e4r du k\u00f6per och best\u00e4ll kartongerna efter din egen skostorlek.<\/p>\n","protected":false},"excerpt":{"rendered":"<p>SONGMICS 12-pack skokartonger f\u00f6rvaringsl\u00e5dor f\u00f6r skor skof\u00f6rvaring f\u00f6rvaringsl\u00e5da transparent med lock plast f\u00f6r skor upp till storlek 43 LSP13WT<\/p>\n","protected":false},"featured_media":43801,"comment_status":"open","ping_status":"closed","template":"","meta":[],"product_brand":[],"product_cat":[33],"product_tag":[],"class_list":{"0":"post-16071","1":"product","2":"type-product","3":"status-publish","4":"has-post-thumbnail","6":"product_cat-okategoriserad","8":"first","9":"instock","10":"shipping-taxable","11":"purchasable","12":"product-type-simple"},"_links":{"self":[{"href":"https:\/\/nordicmart.andreevmaster.com\/sv\/wp-json\/wp\/v2\/product\/16071","targetHints":{"allow":["GET"]}}],"collection":[{"href":"https:\/\/nordicmart.andreevmaster.com\/sv\/wp-json\/wp\/v2\/product"}],"about":[{"href":"https:\/\/nordicmart.andreevmaster.com\/sv\/wp-json\/wp\/v2\/types\/product"}],"replies":[{"embeddable":true,"href":"https:\/\/nordicmart.andreevmaster.com\/sv\/wp-json\/wp\/v2\/comments?post=16071"}],"wp:featuredmedia":[{"embeddable":true,"href":"https:\/\/nordicmart.andreevmaster.com\/sv\/wp-json\/wp\/v2\/media\/43801"}],"wp:attachment":[{"href":"https:\/\/nordicmart.andreevmaster.com\/sv\/wp-json\/wp\/v2\/media?parent=16071"}],"wp:term":[{"taxonomy":"product_brand","embeddable":true,"href":"https:\/\/nordicmart.andreevmaster.com\/sv\/wp-json\/wp\/v2\/product_brand?post=16071"},{"taxonomy":"product_cat","embeddable":true,"href":"https:\/\/nordicmart.andreevmaster.com\/sv\/wp-json\/wp\/v2\/product_cat?post=16071"},{"taxonomy":"product_tag","embeddable":true,"href":"https:\/\/nordicmart.andreevmaster.com\/sv\/wp-json\/wp\/v2\/product_tag?post=16071"}],"curies":[{"name":"wp","href":"https:\/\/api.w.org\/{rel}","templated":true}]}}