{"id":16064,"date":"2026-02-27T00:28:58","date_gmt":"2026-02-27T00:28:58","guid":{"rendered":"https:\/\/nordicmart.andreevmaster.com\/product\/songmics-skokartonger-8-pack\/"},"modified":"2026-02-27T08:19:45","modified_gmt":"2026-02-27T08:19:45","slug":"songmics-skokartonger-8-pack","status":"publish","type":"product","link":"https:\/\/nordicmart.andreevmaster.com\/sv\/produkt\/songmics-skokartonger-8-pack\/","title":{"rendered":"SONGMICS skokartonger, 8-pack"},"content":{"rendered":"<p>Din kl\u00e4dkammare var s\u00e5 snyggt st\u00e4dad, men eftersom du letade efter ett visst par skor ser allt ut som ett totalt kaos igen? H\u00e4r kommer 8 transparenta skokartonger fr\u00e5n SONGMICS! Du kan se skorna som f\u00f6rvaras i l\u00e5dorna utan att beh\u00f6va \u00f6ppna locket. \u00c4r din garderob inte tillr\u00e4ckligt stor? Stapla bara dessa skokartonger p\u00e5 varandra och st\u00e4ll dem i din garderob, p\u00e5 en hylla eller i ett h\u00f6rn av ditt kl\u00e4drum. P\u00e5 s\u00e5 s\u00e4tt kan du spara mycket utrymme och samtidigt h\u00e5lla ordning.Allt i ordning:&nbsp;Med dessa stapelbara l\u00e5dor kan du f\u00f6rvara pysselsaker, strumpor, sysatser eller till och med v\u00e4xtfr\u00f6n p\u00e5 ett ordnat s\u00e4tt. Dessutom kan du dekorera l\u00e5dorna eller m\u00e4rka dem med etiketter.Produktdetaljer:F\u00e4rg: Transparent, vitMaterial: PP-plast (polypropen)Storlek p\u00e5 varje l\u00e5da: 35 x 20 x 12,5 cm (L x B x H) Innerm\u00e5tt f\u00f6r varje l\u00e5da: 29,5 x 16,5 x 12,5 cm (L x B x H) Vikt f\u00f6r varje l\u00e5da: 235 g Leveransomfattning: 8 x skokartong 1 x bruksanvisning (DE, DE, FR, ES, IT) SONGMICS Anm\u00e4rkningar:M\u00e4t dina skor f\u00f6re k\u00f6pet och kontrollera att de passar i dessa skokartonger.<\/p>\n","protected":false},"excerpt":{"rendered":"<p>SONGMICS skokartonger med lock, 8-pack, stapelbara skokartonger, genomskinliga skoorganiserare, skof\u00f6rvaring, f\u00f6r skor upp till storlek 41 och andra tillbeh\u00f6r, transparent LSP11WT<\/p>\n","protected":false},"featured_media":43794,"comment_status":"open","ping_status":"closed","template":"","meta":[],"product_brand":[],"product_cat":[33],"product_tag":[],"class_list":{"0":"post-16064","1":"product","2":"type-product","3":"status-publish","4":"has-post-thumbnail","6":"product_cat-okategoriserad","8":"first","9":"instock","10":"shipping-taxable","11":"purchasable","12":"product-type-simple"},"_links":{"self":[{"href":"https:\/\/nordicmart.andreevmaster.com\/sv\/wp-json\/wp\/v2\/product\/16064","targetHints":{"allow":["GET"]}}],"collection":[{"href":"https:\/\/nordicmart.andreevmaster.com\/sv\/wp-json\/wp\/v2\/product"}],"about":[{"href":"https:\/\/nordicmart.andreevmaster.com\/sv\/wp-json\/wp\/v2\/types\/product"}],"replies":[{"embeddable":true,"href":"https:\/\/nordicmart.andreevmaster.com\/sv\/wp-json\/wp\/v2\/comments?post=16064"}],"wp:featuredmedia":[{"embeddable":true,"href":"https:\/\/nordicmart.andreevmaster.com\/sv\/wp-json\/wp\/v2\/media\/43794"}],"wp:attachment":[{"href":"https:\/\/nordicmart.andreevmaster.com\/sv\/wp-json\/wp\/v2\/media?parent=16064"}],"wp:term":[{"taxonomy":"product_brand","embeddable":true,"href":"https:\/\/nordicmart.andreevmaster.com\/sv\/wp-json\/wp\/v2\/product_brand?post=16064"},{"taxonomy":"product_cat","embeddable":true,"href":"https:\/\/nordicmart.andreevmaster.com\/sv\/wp-json\/wp\/v2\/product_cat?post=16064"},{"taxonomy":"product_tag","embeddable":true,"href":"https:\/\/nordicmart.andreevmaster.com\/sv\/wp-json\/wp\/v2\/product_tag?post=16064"}],"curies":[{"name":"wp","href":"https:\/\/api.w.org\/{rel}","templated":true}]}}