{"id":16063,"date":"2026-02-27T00:28:58","date_gmt":"2026-02-27T00:28:58","guid":{"rendered":"https:\/\/nordicmart.andreevmaster.com\/product\/songmics-skokartonger-vita\/"},"modified":"2026-02-27T08:19:45","modified_gmt":"2026-02-27T08:19:45","slug":"songmics-skokartonger-vita","status":"publish","type":"product","link":"https:\/\/nordicmart.andreevmaster.com\/sv\/produkt\/songmics-skokartonger-vita\/","title":{"rendered":"SONGMICS skokartonger vita"},"content":{"rendered":"<p>Skor i ordning En stor skokollektion \u00e4r fantastiskt, men att organisera den \u00e4r inte s\u00e4rskilt roligt. F\u00f6r att inte tala om hur sv\u00e5rt det \u00e4r att hitta skor som man inte har anv\u00e4nt p\u00e5 l\u00e4nge. Med dessa 12 skokartonger f\u00e5r du ordning p\u00e5 alla dina skor och h\u00e5ller huset snyggt och prydligt. Skorna \u00e4r l\u00e4tta att hitta Tack vare de genomskinliga frontluckorna, som du kan f\u00e4lla upp och skjuta in i kartongerna, ser du dina skor p\u00e5 ett \u00f6gonblick och kan v\u00e4lja r\u00e4tt par p\u00e5 nolltid. Den stapelbara och utrymmesbesparande designen g\u00f6r din st\u00e4dning mer effektiv. Produktdetaljer: &#8211; F\u00e4rg: Vit &#8211; Material: PP-plast &#8211; Storlek per l\u00e5da: 23,5 x 34 x 13,5 cm (L x B x H) &#8211; Innerm\u00e5tt per l\u00e5da: 19,5 x 32 x 12 cm (L x B x H) &#8211; Totalvikt: 4,9 kg Leveransomfattning: &#8211; 12 x skokartong &#8211; 1 x bruksanvisning (DE, EN, FR, IT, ES) SONGMICS Anm\u00e4rkningar: &#8211; M\u00e4t dina skor f\u00f6re k\u00f6pet och kontrollera att de passar i dessa skokartonger.<\/p>\n","protected":false},"excerpt":{"rendered":"<p>SONGMICS skokartonger, 12-pack, skoorganiserare, stapelbara, skof\u00f6rvaring, av plast, f\u00e4llbar lucka, vita LSP112W01<\/p>\n","protected":false},"featured_media":43793,"comment_status":"open","ping_status":"closed","template":"","meta":[],"product_brand":[],"product_cat":[33],"product_tag":[],"class_list":{"0":"post-16063","1":"product","2":"type-product","3":"status-publish","4":"has-post-thumbnail","6":"product_cat-okategoriserad","8":"first","9":"instock","10":"shipping-taxable","11":"purchasable","12":"product-type-simple"},"_links":{"self":[{"href":"https:\/\/nordicmart.andreevmaster.com\/sv\/wp-json\/wp\/v2\/product\/16063","targetHints":{"allow":["GET"]}}],"collection":[{"href":"https:\/\/nordicmart.andreevmaster.com\/sv\/wp-json\/wp\/v2\/product"}],"about":[{"href":"https:\/\/nordicmart.andreevmaster.com\/sv\/wp-json\/wp\/v2\/types\/product"}],"replies":[{"embeddable":true,"href":"https:\/\/nordicmart.andreevmaster.com\/sv\/wp-json\/wp\/v2\/comments?post=16063"}],"wp:featuredmedia":[{"embeddable":true,"href":"https:\/\/nordicmart.andreevmaster.com\/sv\/wp-json\/wp\/v2\/media\/43793"}],"wp:attachment":[{"href":"https:\/\/nordicmart.andreevmaster.com\/sv\/wp-json\/wp\/v2\/media?parent=16063"}],"wp:term":[{"taxonomy":"product_brand","embeddable":true,"href":"https:\/\/nordicmart.andreevmaster.com\/sv\/wp-json\/wp\/v2\/product_brand?post=16063"},{"taxonomy":"product_cat","embeddable":true,"href":"https:\/\/nordicmart.andreevmaster.com\/sv\/wp-json\/wp\/v2\/product_cat?post=16063"},{"taxonomy":"product_tag","embeddable":true,"href":"https:\/\/nordicmart.andreevmaster.com\/sv\/wp-json\/wp\/v2\/product_tag?post=16063"}],"curies":[{"name":"wp","href":"https:\/\/api.w.org\/{rel}","templated":true}]}}