{"id":16062,"date":"2026-02-27T00:28:57","date_gmt":"2026-02-27T00:28:57","guid":{"rendered":"https:\/\/nordicmart.andreevmaster.com\/product\/songmics-skokartonger-18-pack-vikbara-och-stapelbara-transparent-vita\/"},"modified":"2026-02-27T08:19:45","modified_gmt":"2026-02-27T08:19:45","slug":"songmics-skokartonger-18-pack-vikbara-och-stapelbara-transparent-vita","status":"publish","type":"product","link":"https:\/\/nordicmart.andreevmaster.com\/sv\/produkt\/songmics-skokartonger-18-pack-vikbara-och-stapelbara-transparent-vita\/","title":{"rendered":"SONGMICS skokartonger, 18-pack, vikbara och stapelbara, transparent-vita"},"content":{"rendered":"<p>SONGMICS skokartonger, 18-pack, f\u00f6rvaringsl\u00e5da f\u00f6r skor, skoorganiserare, vikbar och stapelbar, f\u00f6r skor upp till storlek 44, sportskor, h\u00f6gklackade skor, platta skor, transparent-svart LSP106B18<br \/>\nF\u00e4rg: Transparent vit<br \/>\nMaterial: PET-kropp, HIPS-ram (h\u00f6gslagfast polystyren)<br \/>\nStorlek per skokartong: 35 x 25,5 x 19 cm (D x B x H)<br \/>\nInnerm\u00e5tt per skokartong: 32,7 x 24,5 x 17,8 cm (D x B x H)<br \/>\nTotalvikt: 9,8 kg<\/p>\n","protected":false},"excerpt":{"rendered":"<p>SONGMICS skokartonger, 18-pack, f\u00f6rvaringsl\u00e5da f\u00f6r skor, skoorganiserare, vikbar och stapelbar, f\u00f6r skor upp till storlek 44, sportskor, h\u00f6gklackade skor, platta skor, transparent-svart LSP106B18<\/p>\n","protected":false},"featured_media":43792,"comment_status":"open","ping_status":"closed","template":"","meta":[],"product_brand":[],"product_cat":[33],"product_tag":[],"class_list":{"0":"post-16062","1":"product","2":"type-product","3":"status-publish","4":"has-post-thumbnail","6":"product_cat-okategoriserad","8":"first","9":"instock","10":"shipping-taxable","11":"purchasable","12":"product-type-simple"},"_links":{"self":[{"href":"https:\/\/nordicmart.andreevmaster.com\/sv\/wp-json\/wp\/v2\/product\/16062","targetHints":{"allow":["GET"]}}],"collection":[{"href":"https:\/\/nordicmart.andreevmaster.com\/sv\/wp-json\/wp\/v2\/product"}],"about":[{"href":"https:\/\/nordicmart.andreevmaster.com\/sv\/wp-json\/wp\/v2\/types\/product"}],"replies":[{"embeddable":true,"href":"https:\/\/nordicmart.andreevmaster.com\/sv\/wp-json\/wp\/v2\/comments?post=16062"}],"wp:featuredmedia":[{"embeddable":true,"href":"https:\/\/nordicmart.andreevmaster.com\/sv\/wp-json\/wp\/v2\/media\/43792"}],"wp:attachment":[{"href":"https:\/\/nordicmart.andreevmaster.com\/sv\/wp-json\/wp\/v2\/media?parent=16062"}],"wp:term":[{"taxonomy":"product_brand","embeddable":true,"href":"https:\/\/nordicmart.andreevmaster.com\/sv\/wp-json\/wp\/v2\/product_brand?post=16062"},{"taxonomy":"product_cat","embeddable":true,"href":"https:\/\/nordicmart.andreevmaster.com\/sv\/wp-json\/wp\/v2\/product_cat?post=16062"},{"taxonomy":"product_tag","embeddable":true,"href":"https:\/\/nordicmart.andreevmaster.com\/sv\/wp-json\/wp\/v2\/product_tag?post=16062"}],"curies":[{"name":"wp","href":"https:\/\/api.w.org\/{rel}","templated":true}]}}