{"id":16058,"date":"2026-02-27T00:28:56","date_gmt":"2026-02-27T00:28:56","guid":{"rendered":"https:\/\/nordicmart.andreevmaster.com\/product\/songmics-18-pack-skokartonger-for-skor-upp-till-storlek-44\/"},"modified":"2026-02-27T08:19:44","modified_gmt":"2026-02-27T08:19:44","slug":"songmics-18-pack-skokartonger-for-skor-upp-till-storlek-44","status":"publish","type":"product","link":"https:\/\/nordicmart.andreevmaster.com\/sv\/produkt\/songmics-18-pack-skokartonger-for-skor-upp-till-storlek-44\/","title":{"rendered":"SONGMICS 18-pack skokartonger f\u00f6r skor upp till storlek 44"},"content":{"rendered":"<p>Produktdetaljer: &#8211; F\u00e4rg: transparent-svart &#8211; Material: PET-kropp, ABS-ram &#8211; Storlek per skokartong: 33,5 x 23 x 14 cm (D x B x H) &#8211; Innerm\u00e5tt per skokartong: 30 x 22,6 x 13,5 cm (D x B x H) &#8211; Totalvikt: 6,9 kg Leveransomfattning: &#8211; 18 x skokartong &#8211; 1 x bruksanvisning SONGMICS Anm\u00e4rkningar: &#8211; Montera produkten enligt bruksanvisningen. &#8211; M\u00e4t dina skor f\u00f6re k\u00f6pet och kontrollera att de passar i skokartongerna.<\/p>\n","protected":false},"excerpt":{"rendered":"<p>SONGMICS skokartonger, 18-pack, f\u00f6rvaringsl\u00e5da f\u00f6r skor, skoorganiserare, vikbar och stapelbar, f\u00f6r skor upp till storlek 44, sportskor, h\u00f6gklackade skor, platta skor, transparent-svart LSP106B18<\/p>\n","protected":false},"featured_media":43788,"comment_status":"open","ping_status":"closed","template":"","meta":[],"product_brand":[],"product_cat":[33],"product_tag":[],"class_list":{"0":"post-16058","1":"product","2":"type-product","3":"status-publish","4":"has-post-thumbnail","6":"product_cat-okategoriserad","8":"first","9":"instock","10":"shipping-taxable","11":"purchasable","12":"product-type-simple"},"_links":{"self":[{"href":"https:\/\/nordicmart.andreevmaster.com\/sv\/wp-json\/wp\/v2\/product\/16058","targetHints":{"allow":["GET"]}}],"collection":[{"href":"https:\/\/nordicmart.andreevmaster.com\/sv\/wp-json\/wp\/v2\/product"}],"about":[{"href":"https:\/\/nordicmart.andreevmaster.com\/sv\/wp-json\/wp\/v2\/types\/product"}],"replies":[{"embeddable":true,"href":"https:\/\/nordicmart.andreevmaster.com\/sv\/wp-json\/wp\/v2\/comments?post=16058"}],"wp:featuredmedia":[{"embeddable":true,"href":"https:\/\/nordicmart.andreevmaster.com\/sv\/wp-json\/wp\/v2\/media\/43788"}],"wp:attachment":[{"href":"https:\/\/nordicmart.andreevmaster.com\/sv\/wp-json\/wp\/v2\/media?parent=16058"}],"wp:term":[{"taxonomy":"product_brand","embeddable":true,"href":"https:\/\/nordicmart.andreevmaster.com\/sv\/wp-json\/wp\/v2\/product_brand?post=16058"},{"taxonomy":"product_cat","embeddable":true,"href":"https:\/\/nordicmart.andreevmaster.com\/sv\/wp-json\/wp\/v2\/product_cat?post=16058"},{"taxonomy":"product_tag","embeddable":true,"href":"https:\/\/nordicmart.andreevmaster.com\/sv\/wp-json\/wp\/v2\/product_tag?post=16058"}],"curies":[{"name":"wp","href":"https:\/\/api.w.org\/{rel}","templated":true}]}}