{"id":16057,"date":"2026-02-27T00:28:56","date_gmt":"2026-02-27T00:28:56","guid":{"rendered":"https:\/\/nordicmart.andreevmaster.com\/product\/songmics-skokartonger-i-plast-8-pack\/"},"modified":"2026-02-27T08:19:44","modified_gmt":"2026-02-27T08:19:44","slug":"songmics-skokartonger-i-plast-8-pack","status":"publish","type":"product","link":"https:\/\/nordicmart.andreevmaster.com\/sv\/produkt\/songmics-skokartonger-i-plast-8-pack\/","title":{"rendered":"SONGMICS skokartonger i plast, 8-pack"},"content":{"rendered":"<p>Dessa stapelbara skokartonger fr\u00e5n SONGMICS hj\u00e4lper dig inte bara att f\u00f6rvara dina skor p\u00e5 ett snyggt s\u00e4tt, utan g\u00f6r det ocks\u00e5 m\u00f6jligt f\u00f6r dig att se alla skor som f\u00f6rvaras i kartongerna p\u00e5 ett \u00f6gonblick och snabbt komma \u00e5t dem. F\u00f6rvara alla dina skor i dessa plastkartonger fr\u00e5n SONGMICS s\u00e5 att du inte l\u00e4ngre snubblar \u00f6ver kaotiskt utspridda skor i din hall!Stapla l\u00e5dorna och dina skor p\u00e5 varandra:&nbsp;Dessa skoorganiserare \u00e4r tillverkade av robust PP-plast, har l\u00e5ng livsl\u00e4ngd och skyddar dina skor fr\u00e5n damm och fukt. Tack vare den smarta designen, d\u00e4r l\u00e5dornas \u00f6ver- och undersidor passar perfekt ihop, kan flera plastl\u00e5dor staplas stabilt p\u00e5 varandra. P\u00e5 s\u00e5 s\u00e4tt f\u00e5r du ett platsbesparande skosk\u00e5p. L\u00e4mpliga f\u00f6r skor upp till storlek 41: Med en innerstorlek p\u00e5 19,5 x 27,5 x 10,5 cm \u00e4r v\u00e5ra skokartonger tillr\u00e4ckligt stora f\u00f6r att f\u00f6rvara skor upp till storlek 41. Dessutom \u00e4r dessa l\u00e5dor m\u00e5ngsidiga och l\u00e4mpar sig \u00e4ven f\u00f6r f\u00f6rvaring av skokr\u00e4m eller skoborstar. Produktdetaljer: F\u00e4rg: Transparent, vit Material: PP-plast (polypropen) Storlek per l\u00e5da: 21,5 x 32,5 x 13,5 cm (L x B x H) Innerm\u00e5tt per l\u00e5da: 19,5 x 27,5 x 10,5 cm (L x B x H) Vikt: 3,8 kg Leveransomfattning: 8 x skokartong SONGMICS Anm\u00e4rkningar: M\u00e4t dina skor f\u00f6re k\u00f6pet och kontrollera att de passar i dessa skokartonger.<\/p>\n","protected":false},"excerpt":{"rendered":"<p>SONGMICS skokartonger, 8-pack, f\u00f6rvaringsl\u00e5dor f\u00f6r skor, skoorganiserare, plastl\u00e5dor, vikbara och stapelbara, f\u00f6r skor upp till storlek 42, transparent-vit LSP08SWT<\/p>\n","protected":false},"featured_media":43787,"comment_status":"open","ping_status":"closed","template":"","meta":[],"product_brand":[],"product_cat":[33],"product_tag":[],"class_list":{"0":"post-16057","1":"product","2":"type-product","3":"status-publish","4":"has-post-thumbnail","6":"product_cat-okategoriserad","8":"first","9":"instock","10":"shipping-taxable","11":"purchasable","12":"product-type-simple"},"_links":{"self":[{"href":"https:\/\/nordicmart.andreevmaster.com\/sv\/wp-json\/wp\/v2\/product\/16057","targetHints":{"allow":["GET"]}}],"collection":[{"href":"https:\/\/nordicmart.andreevmaster.com\/sv\/wp-json\/wp\/v2\/product"}],"about":[{"href":"https:\/\/nordicmart.andreevmaster.com\/sv\/wp-json\/wp\/v2\/types\/product"}],"replies":[{"embeddable":true,"href":"https:\/\/nordicmart.andreevmaster.com\/sv\/wp-json\/wp\/v2\/comments?post=16057"}],"wp:featuredmedia":[{"embeddable":true,"href":"https:\/\/nordicmart.andreevmaster.com\/sv\/wp-json\/wp\/v2\/media\/43787"}],"wp:attachment":[{"href":"https:\/\/nordicmart.andreevmaster.com\/sv\/wp-json\/wp\/v2\/media?parent=16057"}],"wp:term":[{"taxonomy":"product_brand","embeddable":true,"href":"https:\/\/nordicmart.andreevmaster.com\/sv\/wp-json\/wp\/v2\/product_brand?post=16057"},{"taxonomy":"product_cat","embeddable":true,"href":"https:\/\/nordicmart.andreevmaster.com\/sv\/wp-json\/wp\/v2\/product_cat?post=16057"},{"taxonomy":"product_tag","embeddable":true,"href":"https:\/\/nordicmart.andreevmaster.com\/sv\/wp-json\/wp\/v2\/product_tag?post=16057"}],"curies":[{"name":"wp","href":"https:\/\/api.w.org\/{rel}","templated":true}]}}