{"id":16055,"date":"2026-02-27T00:28:56","date_gmt":"2026-02-27T00:28:56","guid":{"rendered":"https:\/\/nordicmart.andreevmaster.com\/product\/songmics-12-pack-skokartonger-for-skor-upp-till-storlek-46\/"},"modified":"2026-02-27T08:19:43","modified_gmt":"2026-02-27T08:19:43","slug":"songmics-12-pack-skokartonger-for-skor-upp-till-storlek-46","status":"publish","type":"product","link":"https:\/\/nordicmart.andreevmaster.com\/sv\/produkt\/songmics-12-pack-skokartonger-for-skor-upp-till-storlek-46\/","title":{"rendered":"SONGMICS 12-pack skokartonger f\u00f6r skor upp till storlek 46"},"content":{"rendered":"<p>Sluta med r\u00f6ran: \u00c4r du en person som sl\u00e4nger dina skor i garderoben och l\u00e4mnar dem i h\u00f6gar i vardagsrummet och sovrummet? Dina gamla vanor ska inte st\u00e5 i v\u00e4gen f\u00f6r dig. F\u00f6rvara dem rena och torra i dessa 12 skokartonger tills du beh\u00f6ver dem n\u00e4sta g\u00e5ng. H\u00f6g organisationseffektivitet: Varje f\u00f6rvaringsl\u00e5da rymmer skor upp till storlek 46 och skyddar dem fr\u00e5n damm. Du kan omedelbart hitta det par du vill ha p\u00e5 dig, \u00f6ppna ytterd\u00f6rren och ta dem med l\u00e4tthet f\u00f6r att b\u00f6rja din dag. Det b\u00e4sta \u00e4r att dessa l\u00e5dor \u00e4r stapelbara och passar i hallen, garderoben eller p\u00e5 hyllan. Produktdetaljer: F\u00e4rg: Transparent vit Material: Kropp av PP (polypropen), d\u00f6rr av PP (polypropen) M\u00e5tt f\u00f6r varje l\u00e5da: 35 x 25,0 x 18,5 cm (D x B x H) Inre m\u00e5tt f\u00f6r varje l\u00e5da: 31 x 24,5 x 17,5 cm (D x B x H) Vikt: 5,2 kg Leveransomfattning: 12 x skokartong 1 x instruktioner SONGMICS Anm\u00e4rkningar: F\u00f6lj stegen i instruktionerna och monteringsvideon n\u00e4r du monterar produkten. Demontera inte produkten med v\u00e5ld. M\u00e4t dina skor och kontrollera storleken p\u00e5 motsvarande l\u00e5dor innan du k\u00f6per.<\/p>\n","protected":false},"excerpt":{"rendered":"<p>SONGMICS 12-pack skokartonger F\u00f6rvaringsl\u00e5dor f\u00f6r skor Skof\u00f6rvaring F\u00f6rvaringsl\u00e5da Transparent Med lock Plast f\u00f6r skor upp till storlek 41 LSP12WT<\/p>\n","protected":false},"featured_media":43785,"comment_status":"open","ping_status":"closed","template":"","meta":[],"product_brand":[],"product_cat":[33],"product_tag":[],"class_list":{"0":"post-16055","1":"product","2":"type-product","3":"status-publish","4":"has-post-thumbnail","6":"product_cat-okategoriserad","8":"first","9":"instock","10":"shipping-taxable","11":"purchasable","12":"product-type-simple"},"_links":{"self":[{"href":"https:\/\/nordicmart.andreevmaster.com\/sv\/wp-json\/wp\/v2\/product\/16055","targetHints":{"allow":["GET"]}}],"collection":[{"href":"https:\/\/nordicmart.andreevmaster.com\/sv\/wp-json\/wp\/v2\/product"}],"about":[{"href":"https:\/\/nordicmart.andreevmaster.com\/sv\/wp-json\/wp\/v2\/types\/product"}],"replies":[{"embeddable":true,"href":"https:\/\/nordicmart.andreevmaster.com\/sv\/wp-json\/wp\/v2\/comments?post=16055"}],"wp:featuredmedia":[{"embeddable":true,"href":"https:\/\/nordicmart.andreevmaster.com\/sv\/wp-json\/wp\/v2\/media\/43785"}],"wp:attachment":[{"href":"https:\/\/nordicmart.andreevmaster.com\/sv\/wp-json\/wp\/v2\/media?parent=16055"}],"wp:term":[{"taxonomy":"product_brand","embeddable":true,"href":"https:\/\/nordicmart.andreevmaster.com\/sv\/wp-json\/wp\/v2\/product_brand?post=16055"},{"taxonomy":"product_cat","embeddable":true,"href":"https:\/\/nordicmart.andreevmaster.com\/sv\/wp-json\/wp\/v2\/product_cat?post=16055"},{"taxonomy":"product_tag","embeddable":true,"href":"https:\/\/nordicmart.andreevmaster.com\/sv\/wp-json\/wp\/v2\/product_tag?post=16055"}],"curies":[{"name":"wp","href":"https:\/\/api.w.org\/{rel}","templated":true}]}}