{"id":16054,"date":"2026-02-27T00:28:55","date_gmt":"2026-02-27T00:28:55","guid":{"rendered":"https:\/\/nordicmart.andreevmaster.com\/product\/songmics-skokartonger-6-st-upp-till-storlek-46\/"},"modified":"2026-02-27T08:19:43","modified_gmt":"2026-02-27T08:19:43","slug":"songmics-skokartonger-6-st-upp-till-storlek-46","status":"publish","type":"product","link":"https:\/\/nordicmart.andreevmaster.com\/sv\/produkt\/songmics-skokartonger-6-st-upp-till-storlek-46\/","title":{"rendered":"SONGMICS skokartonger 6 st upp till storlek 46"},"content":{"rendered":"<p>Stapelbara skokartonger av plast fr\u00e5n SONGMICS \u2013 sm\u00e5 tillbeh\u00f6r, stor effekt! Dessa transparenta kartonger eliminerar inte bara skokoset i ditt hem. Du kan ocks\u00e5 hitta de skor som passar till dagens outfit med ett \u00f6gonkast. Den praktiska luckan g\u00f6r det dessutom enkelt att komma \u00e5t skorna. H\u00e5llbara och stapelbara: V\u00e5ra skoorganiserare \u00e4r tillverkade av robust plast, vilket garanterar l\u00e5ng livsl\u00e4ngd. I boxen skyddas dina skor fr\u00e5n damm och mal. Dessutom kan l\u00e5dorna staplas p\u00e5 varandra. P\u00e5 s\u00e5 s\u00e4tt skapar du ett komplett skosk\u00e5p och sparar mer plats. Skor upp till storlek 46 f\u00e5r plats: Skol\u00e5dorna med stor kapacitet (inre m\u00e5tt: 25,5 x 33,5 x 19 cm L\/B\/H) ger dig gott om plats att f\u00f6rvara dina skor. Du kan till och med f\u00f6rvara extra stora basketskor h\u00e4r! Dessutom kan dessa l\u00e5dor \u00e4ven anv\u00e4ndas f\u00f6r f\u00f6rvaring av leksaker, kl\u00e4der etc. F\u00f6rvara dina skor i l\u00e5dorna och skapa ordning i din hall. P\u00e5 s\u00e5 s\u00e4tt undviker du snubbelrisker. Missa inte detta praktiska plastl\u00e5deset fr\u00e5n SONGMICS! Produktdetaljer: F\u00e4rg: Transparent Material: PP, PS M\u00e5tt per skobox: 28 x 36 x 22 cm (L x B x H) Innerm\u00e5tt per skobox: 25,5 x 33,5 x 19 cm (L x B x H) Totalvikt: 7,4 kg Leveransomfattning: 6 x skobox 1 x bruksanvisning (DE, EN, FR, IT, ES) SONGMICS Anm\u00e4rkningar:Montera produkten enligt monteringsvideon och instruktionerna. M\u00e4t dina skor f\u00f6re k\u00f6pet och kontrollera att de passar i dessa skokartonger.<\/p>\n","protected":false},"excerpt":{"rendered":"<p>SONGMICS skokartong, stapelbar skoorganiserare, plastl\u00e5da med genomskinlig d\u00f6rr, skof\u00f6rvaring, enkel montering, 6-pack, 28 x 36 x 22 cm, f\u00f6r skor upp till storlek 46, transparent LSP06TP<\/p>\n","protected":false},"featured_media":43784,"comment_status":"open","ping_status":"closed","template":"","meta":[],"product_brand":[],"product_cat":[33],"product_tag":[],"class_list":{"0":"post-16054","1":"product","2":"type-product","3":"status-publish","4":"has-post-thumbnail","6":"product_cat-okategoriserad","8":"first","9":"instock","10":"shipping-taxable","11":"purchasable","12":"product-type-simple"},"_links":{"self":[{"href":"https:\/\/nordicmart.andreevmaster.com\/sv\/wp-json\/wp\/v2\/product\/16054","targetHints":{"allow":["GET"]}}],"collection":[{"href":"https:\/\/nordicmart.andreevmaster.com\/sv\/wp-json\/wp\/v2\/product"}],"about":[{"href":"https:\/\/nordicmart.andreevmaster.com\/sv\/wp-json\/wp\/v2\/types\/product"}],"replies":[{"embeddable":true,"href":"https:\/\/nordicmart.andreevmaster.com\/sv\/wp-json\/wp\/v2\/comments?post=16054"}],"wp:featuredmedia":[{"embeddable":true,"href":"https:\/\/nordicmart.andreevmaster.com\/sv\/wp-json\/wp\/v2\/media\/43784"}],"wp:attachment":[{"href":"https:\/\/nordicmart.andreevmaster.com\/sv\/wp-json\/wp\/v2\/media?parent=16054"}],"wp:term":[{"taxonomy":"product_brand","embeddable":true,"href":"https:\/\/nordicmart.andreevmaster.com\/sv\/wp-json\/wp\/v2\/product_brand?post=16054"},{"taxonomy":"product_cat","embeddable":true,"href":"https:\/\/nordicmart.andreevmaster.com\/sv\/wp-json\/wp\/v2\/product_cat?post=16054"},{"taxonomy":"product_tag","embeddable":true,"href":"https:\/\/nordicmart.andreevmaster.com\/sv\/wp-json\/wp\/v2\/product_tag?post=16054"}],"curies":[{"name":"wp","href":"https:\/\/api.w.org\/{rel}","templated":true}]}}