{"id":16052,"date":"2026-02-27T00:28:55","date_gmt":"2026-02-27T00:28:55","guid":{"rendered":"https:\/\/nordicmart.andreevmaster.com\/product\/songmics-skokartonger-6-pack-svarta\/"},"modified":"2026-02-27T08:19:43","modified_gmt":"2026-02-27T08:19:43","slug":"songmics-skokartonger-6-pack-svarta","status":"publish","type":"product","link":"https:\/\/nordicmart.andreevmaster.com\/sv\/produkt\/songmics-skokartonger-6-pack-svarta\/","title":{"rendered":"SONGMICS skokartonger, 6-pack, svarta"},"content":{"rendered":"<p>L\u00e4mplig f\u00f6r olika skor: Skor upp till storlek 46, oavsett om det \u00e4r sneakers, h\u00f6gklackade skor eller st\u00f6vletter, passar perfekt i dessa plastl\u00e5dor och kan presenteras p\u00e5 ett stilfullt s\u00e4tt. Stapelbar: Tack vare den smarta designen, d\u00e4r l\u00e5dornas \u00f6ver- och undersidor passar perfekt ihop, kan flera plastl\u00e5dor staplas stabilt p\u00e5 varandra. P\u00e5 s\u00e5 s\u00e4tt skapar du ett komplett skosk\u00e5p och sparar mer utrymme. Dessutom garanterar det f\u00f6rst\u00e4rkta materialet en l\u00e5ng livsl\u00e4ngd. Produktdetaljer: F\u00e4rg: Svart, transparent Material: Kropp av PP (polypropen), d\u00f6rr av PS (polystyren) Storlek per l\u00e5da: 36 x 28 x 22 cm (L x B x H) Innerm\u00e5tt per l\u00e5da: 33,5 x 25,5 x 19 cm (L x B x H) Vikt: 6,1 kg Leveransomfattning: 6 x skokartong 1 x bruksanvisning (DE, EN, FR, IT, ES) SONGMICS Anm\u00e4rkningar: Montera produkten enligt bruksanvisningen. M\u00e4t dina skor f\u00f6re k\u00f6pet och kontrollera att de passar i dessa skokartonger.<\/p>\n","protected":false},"excerpt":{"rendered":"<p>SONGMICS skokartong, stapelbar skoorganiserare, plastl\u00e5da med genomskinlig d\u00f6rr, skof\u00f6rvaring, enkel montering, 6-pack, 28 x 36 x 22 cm, f\u00f6r skor upp till storlek 46, transparent LSP06TP<\/p>\n","protected":false},"featured_media":43782,"comment_status":"open","ping_status":"closed","template":"","meta":[],"product_brand":[],"product_cat":[33],"product_tag":[],"class_list":{"0":"post-16052","1":"product","2":"type-product","3":"status-publish","4":"has-post-thumbnail","6":"product_cat-okategoriserad","8":"first","9":"instock","10":"shipping-taxable","11":"purchasable","12":"product-type-simple"},"_links":{"self":[{"href":"https:\/\/nordicmart.andreevmaster.com\/sv\/wp-json\/wp\/v2\/product\/16052","targetHints":{"allow":["GET"]}}],"collection":[{"href":"https:\/\/nordicmart.andreevmaster.com\/sv\/wp-json\/wp\/v2\/product"}],"about":[{"href":"https:\/\/nordicmart.andreevmaster.com\/sv\/wp-json\/wp\/v2\/types\/product"}],"replies":[{"embeddable":true,"href":"https:\/\/nordicmart.andreevmaster.com\/sv\/wp-json\/wp\/v2\/comments?post=16052"}],"wp:featuredmedia":[{"embeddable":true,"href":"https:\/\/nordicmart.andreevmaster.com\/sv\/wp-json\/wp\/v2\/media\/43782"}],"wp:attachment":[{"href":"https:\/\/nordicmart.andreevmaster.com\/sv\/wp-json\/wp\/v2\/media?parent=16052"}],"wp:term":[{"taxonomy":"product_brand","embeddable":true,"href":"https:\/\/nordicmart.andreevmaster.com\/sv\/wp-json\/wp\/v2\/product_brand?post=16052"},{"taxonomy":"product_cat","embeddable":true,"href":"https:\/\/nordicmart.andreevmaster.com\/sv\/wp-json\/wp\/v2\/product_cat?post=16052"},{"taxonomy":"product_tag","embeddable":true,"href":"https:\/\/nordicmart.andreevmaster.com\/sv\/wp-json\/wp\/v2\/product_tag?post=16052"}],"curies":[{"name":"wp","href":"https:\/\/api.w.org\/{rel}","templated":true}]}}