{"id":16050,"date":"2026-02-27T00:28:54","date_gmt":"2026-02-27T00:28:54","guid":{"rendered":"https:\/\/nordicmart.andreevmaster.com\/product\/songmics-stapelbara-skokartongset\/"},"modified":"2026-02-27T08:19:42","modified_gmt":"2026-02-27T08:19:42","slug":"songmics-stapelbara-skokartongset","status":"publish","type":"product","link":"https:\/\/nordicmart.andreevmaster.com\/sv\/produkt\/songmics-stapelbara-skokartongset\/","title":{"rendered":"SONGMICS stapelbara skokartongset"},"content":{"rendered":"<p>H\u00e5llbara och stapelbara: V\u00e5ra skoorganiserare \u00e4r tillverkade av robust plast, vilket garanterar l\u00e5ng livsl\u00e4ngd. I boxen skyddas dina skor fr\u00e5n damm och mal. Dessutom kan boxarna staplas p\u00e5 varandra. P\u00e5 s\u00e5 s\u00e4tt skapar du ett komplett skosk\u00e5p och sparar mer plats.<\/p>\n<p>Skor upp till storlek 46 f\u00e5r plats: Skokartongerna med stor kapacitet (inre m\u00e5tt: 25,5 x 33,5 x 19 cm L\/B\/H) ger dig gott om plats att f\u00f6rvara dina skor. Du kan till och med f\u00f6rvara extra stora basketskor h\u00e4r! Dessutom kan dessa kartonger \u00e4ven anv\u00e4ndas f\u00f6r f\u00f6rvaring av leksaker, kl\u00e4der etc.<\/p>\n<p>F\u00f6rvara dina skor i l\u00e5dorna och skapa ordning i din hall. P\u00e5 s\u00e5 s\u00e4tt undviker du snubbelrisker. Missa inte detta praktiska plastl\u00e5deset fr\u00e5n SONGMICS! Produktdetaljer:<br \/>\nF\u00e4rg: Transparent<br \/>\nMaterial: PP, PS<br \/>\nM\u00e5tt per skobox: 28 x 36 x 22 cm (L x B x H)<br \/>\nInnerm\u00e5tt per skobox: 26,5 x 19 x 33 cm (B x H x D)<br \/>\nTotalvikt: 3,5 kg<\/p>\n<p>Leveransomfattning:<br \/>\n3 x skokartong<br \/>\n1 x bruksanvisning (DE, EN, FR, IT, ES)<\/p>\n<p>SONGMICS Anm\u00e4rkningar:<br \/>\nMontera produkten enligt monteringsvideon och instruktionerna.<br \/>\nM\u00e4t dina skor f\u00f6re k\u00f6pet och kontrollera att de passar i dessa skokartonger.<\/p>\n","protected":false},"excerpt":{"rendered":"<p>SONGMICS skokartong, 3-pack, stapelbar skoorganiserare, plastl\u00e5da med genomskinlig d\u00f6rr, skof\u00f6rvaring, f\u00f6r skor upp till storlek 46, 36 x 28 x 22 cm, transparent LSP03CW<\/p>\n","protected":false},"featured_media":43780,"comment_status":"open","ping_status":"closed","template":"","meta":[],"product_brand":[],"product_cat":[33],"product_tag":[],"class_list":{"0":"post-16050","1":"product","2":"type-product","3":"status-publish","4":"has-post-thumbnail","6":"product_cat-okategoriserad","8":"first","9":"instock","10":"shipping-taxable","11":"purchasable","12":"product-type-simple"},"_links":{"self":[{"href":"https:\/\/nordicmart.andreevmaster.com\/sv\/wp-json\/wp\/v2\/product\/16050","targetHints":{"allow":["GET"]}}],"collection":[{"href":"https:\/\/nordicmart.andreevmaster.com\/sv\/wp-json\/wp\/v2\/product"}],"about":[{"href":"https:\/\/nordicmart.andreevmaster.com\/sv\/wp-json\/wp\/v2\/types\/product"}],"replies":[{"embeddable":true,"href":"https:\/\/nordicmart.andreevmaster.com\/sv\/wp-json\/wp\/v2\/comments?post=16050"}],"wp:featuredmedia":[{"embeddable":true,"href":"https:\/\/nordicmart.andreevmaster.com\/sv\/wp-json\/wp\/v2\/media\/43780"}],"wp:attachment":[{"href":"https:\/\/nordicmart.andreevmaster.com\/sv\/wp-json\/wp\/v2\/media?parent=16050"}],"wp:term":[{"taxonomy":"product_brand","embeddable":true,"href":"https:\/\/nordicmart.andreevmaster.com\/sv\/wp-json\/wp\/v2\/product_brand?post=16050"},{"taxonomy":"product_cat","embeddable":true,"href":"https:\/\/nordicmart.andreevmaster.com\/sv\/wp-json\/wp\/v2\/product_cat?post=16050"},{"taxonomy":"product_tag","embeddable":true,"href":"https:\/\/nordicmart.andreevmaster.com\/sv\/wp-json\/wp\/v2\/product_tag?post=16050"}],"curies":[{"name":"wp","href":"https:\/\/api.w.org\/{rel}","templated":true}]}}