{"id":16048,"date":"2026-02-27T00:28:54","date_gmt":"2026-02-27T00:28:54","guid":{"rendered":"https:\/\/nordicmart.andreevmaster.com\/product\/songmics-skokartonger-med-genomskinlig-dorr\/"},"modified":"2026-02-27T08:19:42","modified_gmt":"2026-02-27T08:19:42","slug":"songmics-skokartonger-med-genomskinlig-dorr","status":"publish","type":"product","link":"https:\/\/nordicmart.andreevmaster.com\/sv\/produkt\/songmics-skokartonger-med-genomskinlig-dorr\/","title":{"rendered":"SONGMICS skokartonger med genomskinlig d\u00f6rr"},"content":{"rendered":"<p>VERKLIGA F\u00d6RVARINGSHJ\u00c4LTAR: \u201dVar har jag lagt mina vita sandaler?\u201d \u201d\u00c5h nej, mina ballerinaskor \u00e4r borta igen!\u201d Oroa dig inte, dina hj\u00e4ltar \u00e4r p\u00e5 v\u00e4g \u2013 dessa praktiska skokartonger fr\u00e5n SONGMICS! De kommer att se till att det besv\u00e4rliga letandet \u00e4ntligen tar slut! Genom den genomskinliga luckan kan du snabbt se vilka skor du beh\u00f6ver och enkelt komma \u00e5t dem. L\u00c4MPLIGA F\u00d6R OLIKA SKOR: Skor upp till storlek 46, oavsett om det \u00e4r sneakers, h\u00f6gklackade skor eller st\u00f6vletter, passar perfekt i dessa plastl\u00e5dor och kan presenteras p\u00e5 ett stilfullt s\u00e4tt. STAPELBARA: Tack vare den smarta designen, d\u00e4r l\u00e5dornas \u00f6ver- och undersidor passar exakt in i varandra, kan flera plastl\u00e5dor staplas stabilt p\u00e5 varandra. P\u00e5 s\u00e5 s\u00e4tt skapar du ett komplett skosk\u00e5p och sparar mer plats. Dessutom garanterar den f\u00f6rst\u00e4rkta plasten en l\u00e5ng livsl\u00e4ngd. Produktdetaljer: F\u00e4rg: Svart Material: Kropp av PP (polypropen), d\u00f6rr av PS (polystyren) Storlek per l\u00e5da: 36 x 28 x 22 cm (L x B x H) Innerm\u00e5tt per l\u00e5da: 33,5 x 25,5 x 19 cm (L x B x H) Vikt: 3 kg Leveransomfattning: 3 x skokartong 1 x bruksanvisning (DE, EN, FR, IT, ES) SONGMICS Anm\u00e4rkningar:Montera produkten enligt anvisningarna. M\u00e4t dina skor f\u00f6re k\u00f6pet och kontrollera att de passar i dessa skokartonger.<\/p>\n","protected":false},"excerpt":{"rendered":"<p>SONGMICS skokartong, 3-pack, stapelbar skoorganiserare, plastl\u00e5da med genomskinlig d\u00f6rr, skof\u00f6rvaring, f\u00f6r skor upp till storlek 46, 36 x 28 x 22 cm, transparent LSP03CW<\/p>\n","protected":false},"featured_media":43778,"comment_status":"open","ping_status":"closed","template":"","meta":[],"product_brand":[],"product_cat":[33],"product_tag":[],"class_list":{"0":"post-16048","1":"product","2":"type-product","3":"status-publish","4":"has-post-thumbnail","6":"product_cat-okategoriserad","8":"first","9":"instock","10":"shipping-taxable","11":"purchasable","12":"product-type-simple"},"_links":{"self":[{"href":"https:\/\/nordicmart.andreevmaster.com\/sv\/wp-json\/wp\/v2\/product\/16048","targetHints":{"allow":["GET"]}}],"collection":[{"href":"https:\/\/nordicmart.andreevmaster.com\/sv\/wp-json\/wp\/v2\/product"}],"about":[{"href":"https:\/\/nordicmart.andreevmaster.com\/sv\/wp-json\/wp\/v2\/types\/product"}],"replies":[{"embeddable":true,"href":"https:\/\/nordicmart.andreevmaster.com\/sv\/wp-json\/wp\/v2\/comments?post=16048"}],"wp:featuredmedia":[{"embeddable":true,"href":"https:\/\/nordicmart.andreevmaster.com\/sv\/wp-json\/wp\/v2\/media\/43778"}],"wp:attachment":[{"href":"https:\/\/nordicmart.andreevmaster.com\/sv\/wp-json\/wp\/v2\/media?parent=16048"}],"wp:term":[{"taxonomy":"product_brand","embeddable":true,"href":"https:\/\/nordicmart.andreevmaster.com\/sv\/wp-json\/wp\/v2\/product_brand?post=16048"},{"taxonomy":"product_cat","embeddable":true,"href":"https:\/\/nordicmart.andreevmaster.com\/sv\/wp-json\/wp\/v2\/product_cat?post=16048"},{"taxonomy":"product_tag","embeddable":true,"href":"https:\/\/nordicmart.andreevmaster.com\/sv\/wp-json\/wp\/v2\/product_tag?post=16048"}],"curies":[{"name":"wp","href":"https:\/\/api.w.org\/{rel}","templated":true}]}}