{"id":16047,"date":"2026-02-27T00:28:53","date_gmt":"2026-02-27T00:28:53","guid":{"rendered":"https:\/\/nordicmart.andreevmaster.com\/product\/songmics-skokartonger-3-pack-upp-till-storlek-46-svart\/"},"modified":"2026-02-27T08:19:42","modified_gmt":"2026-02-27T08:19:42","slug":"songmics-skokartonger-3-pack-upp-till-storlek-46-svart","status":"publish","type":"product","link":"https:\/\/nordicmart.andreevmaster.com\/sv\/produkt\/songmics-skokartonger-3-pack-upp-till-storlek-46-svart\/","title":{"rendered":"SONGMICS skokartonger 3-pack upp till storlek 46 Svart"},"content":{"rendered":"<p>Passar skor upp till storlek 46: Skokartongerna med stor kapacitet (inre m\u00e5tt: 25,5 x 33,5 x 19 cm L\/B\/H) erbjuder mycket utrymme f\u00f6r f\u00f6rvaring av dina skor. Du kan till och med f\u00f6rvara extra stora basketskor h\u00e4r! Dessutom kan dessa l\u00e5dor \u00e4ven anv\u00e4ndas f\u00f6r f\u00f6rvaring av leksaker, kl\u00e4der etc. F\u00f6rvara dina skor i l\u00e5dorna och skapa ordning i din hall. P\u00e5 s\u00e5 s\u00e4tt undviker du att snubbla. Missa inte detta praktiska set med plastl\u00e5dor fr\u00e5n SONGMICS! Produktdetaljer: F\u00e4rg: Svart Material: PP, PS M\u00e5tt per skobox: 28 x 36 x 22 cm (L x B x H) Innerm\u00e5tt per skobox: 25,5 x 33,5 x 19 cm (L x B x H) Totalvikt: 3,5 kg Leveransomfattning: 3 x skobox 1 x bruksanvisning (DE, EN, FR, IT, ES) SONGMICS Anm\u00e4rkningar:Montera produkten enligt monteringsvideon och instruktionerna. M\u00e4t dina skor f\u00f6re k\u00f6pet och kontrollera att de passar i dessa skokartonger.<\/p>\n","protected":false},"excerpt":{"rendered":"<p>SONGMICS skokartong, 3-pack, stapelbar skoorganiserare, plastl\u00e5da med genomskinlig d\u00f6rr, skof\u00f6rvaring, f\u00f6r skor upp till storlek 46, 36 x 28 x 22 cm, transparent LSP03CW<\/p>\n","protected":false},"featured_media":43777,"comment_status":"open","ping_status":"closed","template":"","meta":[],"product_brand":[],"product_cat":[33],"product_tag":[],"class_list":{"0":"post-16047","1":"product","2":"type-product","3":"status-publish","4":"has-post-thumbnail","6":"product_cat-okategoriserad","8":"first","9":"instock","10":"shipping-taxable","11":"purchasable","12":"product-type-simple"},"_links":{"self":[{"href":"https:\/\/nordicmart.andreevmaster.com\/sv\/wp-json\/wp\/v2\/product\/16047","targetHints":{"allow":["GET"]}}],"collection":[{"href":"https:\/\/nordicmart.andreevmaster.com\/sv\/wp-json\/wp\/v2\/product"}],"about":[{"href":"https:\/\/nordicmart.andreevmaster.com\/sv\/wp-json\/wp\/v2\/types\/product"}],"replies":[{"embeddable":true,"href":"https:\/\/nordicmart.andreevmaster.com\/sv\/wp-json\/wp\/v2\/comments?post=16047"}],"wp:featuredmedia":[{"embeddable":true,"href":"https:\/\/nordicmart.andreevmaster.com\/sv\/wp-json\/wp\/v2\/media\/43777"}],"wp:attachment":[{"href":"https:\/\/nordicmart.andreevmaster.com\/sv\/wp-json\/wp\/v2\/media?parent=16047"}],"wp:term":[{"taxonomy":"product_brand","embeddable":true,"href":"https:\/\/nordicmart.andreevmaster.com\/sv\/wp-json\/wp\/v2\/product_brand?post=16047"},{"taxonomy":"product_cat","embeddable":true,"href":"https:\/\/nordicmart.andreevmaster.com\/sv\/wp-json\/wp\/v2\/product_cat?post=16047"},{"taxonomy":"product_tag","embeddable":true,"href":"https:\/\/nordicmart.andreevmaster.com\/sv\/wp-json\/wp\/v2\/product_tag?post=16047"}],"curies":[{"name":"wp","href":"https:\/\/api.w.org\/{rel}","templated":true}]}}