{"id":16045,"date":"2026-02-27T00:28:53","date_gmt":"2026-02-27T00:28:53","guid":{"rendered":"https:\/\/nordicmart.andreevmaster.com\/product\/skoaesker-hvide-2\/"},"modified":"2026-02-27T08:19:41","modified_gmt":"2026-02-27T08:19:41","slug":"skoaesker-hvide-2","status":"publish","type":"product","link":"https:\/\/nordicmart.andreevmaster.com\/sv\/produkt\/skoaesker-hvide-2\/","title":{"rendered":"Sko\u00e6sker hvide"},"content":{"rendered":"<p>Produktdetaljer:F\u00e4rg: VitMaterial: PP-plast (polypropen), ABS-plastYttre m\u00e5tt per l\u00e5da: 27 x 34,5 x 19 cm (L x B x H)Inre m\u00e5tt per l\u00e5da: 25,5 x 33 x 17,5 cm (L x B x H)Vikt per l\u00e5da: 0,74 kgLeveransomf\u00e5ng:12 x skokartong1 x bruksanvisning (DE, EN, FR, IT, ES)SONGMICS Anm\u00e4rkningar:Montera produkten enligt bruksanvisningen. M\u00e4t dina skor f\u00f6re k\u00f6p och kontrollera att de passar i dessa skokartonger.<\/p>\n","protected":false},"excerpt":{"rendered":"<p>Produktdetaljer:F\u00e4rg: VitMaterial: PP-plast (polypropen), ABS-plastYttre m\u00e5tt per l\u00e5da: 27 x 34,5 x 19 cm (L x B x H)Inre m\u00e5tt per l\u00e5da: 25,5 x 33 x 17,5 cm (L x B x H)Vikt per l\u00e5da: 0,74 kgLeveransomf\u00e5ng:12 x skokartong1 x bruksanvisning (DE, EN, FR, IT, ES)SONGMICS Anm\u00e4rkningar:Montera produkten enligt bruksanvisningen. M\u00e4t dina skor f\u00f6re k\u00f6p [&hellip;]<\/p>\n","protected":false},"featured_media":0,"comment_status":"open","ping_status":"closed","template":"","meta":[],"product_brand":[],"product_cat":[33],"product_tag":[],"class_list":{"0":"post-16045","1":"product","2":"type-product","3":"status-publish","5":"product_cat-okategoriserad","7":"first","8":"instock","9":"shipping-taxable","10":"product-type-simple"},"_links":{"self":[{"href":"https:\/\/nordicmart.andreevmaster.com\/sv\/wp-json\/wp\/v2\/product\/16045","targetHints":{"allow":["GET"]}}],"collection":[{"href":"https:\/\/nordicmart.andreevmaster.com\/sv\/wp-json\/wp\/v2\/product"}],"about":[{"href":"https:\/\/nordicmart.andreevmaster.com\/sv\/wp-json\/wp\/v2\/types\/product"}],"replies":[{"embeddable":true,"href":"https:\/\/nordicmart.andreevmaster.com\/sv\/wp-json\/wp\/v2\/comments?post=16045"}],"wp:attachment":[{"href":"https:\/\/nordicmart.andreevmaster.com\/sv\/wp-json\/wp\/v2\/media?parent=16045"}],"wp:term":[{"taxonomy":"product_brand","embeddable":true,"href":"https:\/\/nordicmart.andreevmaster.com\/sv\/wp-json\/wp\/v2\/product_brand?post=16045"},{"taxonomy":"product_cat","embeddable":true,"href":"https:\/\/nordicmart.andreevmaster.com\/sv\/wp-json\/wp\/v2\/product_cat?post=16045"},{"taxonomy":"product_tag","embeddable":true,"href":"https:\/\/nordicmart.andreevmaster.com\/sv\/wp-json\/wp\/v2\/product_tag?post=16045"}],"curies":[{"name":"wp","href":"https:\/\/api.w.org\/{rel}","templated":true}]}}