{"id":16041,"date":"2026-02-27T00:28:52","date_gmt":"2026-02-27T00:28:52","guid":{"rendered":"https:\/\/nordicmart.andreevmaster.com\/product\/songmics-transparent-svart-skokartong\/"},"modified":"2026-02-27T08:19:40","modified_gmt":"2026-02-27T08:19:40","slug":"songmics-transparent-svart-skokartong","status":"publish","type":"product","link":"https:\/\/nordicmart.andreevmaster.com\/sv\/produkt\/songmics-transparent-svart-skokartong\/","title":{"rendered":"SONGMICS Transparent svart skokartong"},"content":{"rendered":"<p>Stapelbara skokartonger i plast fr\u00e5n SONGMICS \u2013 sm\u00e5 tillbeh\u00f6r, stor effekt! Dessa transparenta kartonger eliminerar inte bara skokoset i ditt hem. Du kan ocks\u00e5 hitta de skor som passar till dagens outfit med ett \u00f6gonkast. Den praktiska luckan g\u00f6r det dessutom enkelt att komma \u00e5t skorna. H\u00e5llbara och stapelbara: V\u00e5ra skoorganiserare \u00e4r tillverkade av robust plast, vilket garanterar l\u00e5ng livsl\u00e4ngd. I l\u00e5dan skyddas dina skor fr\u00e5n damm. Dessutom kan flera l\u00e5dor kopplas ihop p\u00e5 ett stabilt s\u00e4tt tack vare de medf\u00f6ljande sm\u00e5 kopplingsdelarna. P\u00e5 s\u00e5 s\u00e4tt skapar du ett komplett skosk\u00e5p och sparar mer plats.Passar skor upp till storlek 45: Skol\u00e5dorna med stor kapacitet (inre m\u00e5tt: 25,5 x 33 x 17,5 cm L\/B\/H) ger dig gott om plats att f\u00f6rvara dina skor. Produktdetaljer: F\u00e4rg: Svart Material: PP-plast (polypropen), ABS-plast Ytterm\u00e5tt per l\u00e5da: 27 x 34,5 x 19 cm (L x B x H) Innerm\u00e5tt per l\u00e5da: 25,5 x 33 x 17,5 cm (L x B x H) Vikt per l\u00e5da: 0,74 kg Leveransomfattning: 6 x skokartong 1 x bruksanvisning (DE, EN, FR, IT, ES) SONGMICS Anm\u00e4rkningar:Montera produkten enligt anvisningarna. M\u00e4t dina skor f\u00f6re k\u00f6pet och kontrollera att de passar i dessa skokartonger.<\/p>\n","protected":false},"excerpt":{"rendered":"<p>SONGMICS skokartonger, skoorganiserare av plast, med d\u00f6rr, genomskinliga, plastl\u00e5dor, 6-pack, stapelbara, enkel montering, 27 x 34,5 x 19 cm, f\u00f6r skor upp till storlek 45, svart LSP032B06<\/p>\n","protected":false},"featured_media":43773,"comment_status":"open","ping_status":"closed","template":"","meta":[],"product_brand":[],"product_cat":[33],"product_tag":[],"class_list":{"0":"post-16041","1":"product","2":"type-product","3":"status-publish","4":"has-post-thumbnail","6":"product_cat-okategoriserad","8":"first","9":"instock","10":"shipping-taxable","11":"purchasable","12":"product-type-simple"},"_links":{"self":[{"href":"https:\/\/nordicmart.andreevmaster.com\/sv\/wp-json\/wp\/v2\/product\/16041","targetHints":{"allow":["GET"]}}],"collection":[{"href":"https:\/\/nordicmart.andreevmaster.com\/sv\/wp-json\/wp\/v2\/product"}],"about":[{"href":"https:\/\/nordicmart.andreevmaster.com\/sv\/wp-json\/wp\/v2\/types\/product"}],"replies":[{"embeddable":true,"href":"https:\/\/nordicmart.andreevmaster.com\/sv\/wp-json\/wp\/v2\/comments?post=16041"}],"wp:featuredmedia":[{"embeddable":true,"href":"https:\/\/nordicmart.andreevmaster.com\/sv\/wp-json\/wp\/v2\/media\/43773"}],"wp:attachment":[{"href":"https:\/\/nordicmart.andreevmaster.com\/sv\/wp-json\/wp\/v2\/media?parent=16041"}],"wp:term":[{"taxonomy":"product_brand","embeddable":true,"href":"https:\/\/nordicmart.andreevmaster.com\/sv\/wp-json\/wp\/v2\/product_brand?post=16041"},{"taxonomy":"product_cat","embeddable":true,"href":"https:\/\/nordicmart.andreevmaster.com\/sv\/wp-json\/wp\/v2\/product_cat?post=16041"},{"taxonomy":"product_tag","embeddable":true,"href":"https:\/\/nordicmart.andreevmaster.com\/sv\/wp-json\/wp\/v2\/product_tag?post=16041"}],"curies":[{"name":"wp","href":"https:\/\/api.w.org\/{rel}","templated":true}]}}