{"id":16040,"date":"2026-02-27T00:28:51","date_gmt":"2026-02-27T00:28:51","guid":{"rendered":"https:\/\/nordicmart.andreevmaster.com\/product\/songmics-skokartonger-gra\/"},"modified":"2026-02-27T08:19:40","modified_gmt":"2026-02-27T08:19:40","slug":"songmics-skokartonger-gra","status":"publish","type":"product","link":"https:\/\/nordicmart.andreevmaster.com\/sv\/produkt\/songmics-skokartonger-gra\/","title":{"rendered":"SONGMICS skokartonger gr\u00e5"},"content":{"rendered":"<p>L\u00e4mpliga f\u00f6r olika skor Skor upp till storlek 46, oavsett om det \u00e4r sneakers, h\u00f6gklackade skor eller st\u00f6vletter, passar perfekt i dessa plastl\u00e5dor och kan presenteras p\u00e5 ett stilfullt s\u00e4tt. Stapelbara Tack vare den smarta designen, d\u00e4r l\u00e5dornas \u00f6ver- och undersidor passar perfekt ihop, kan flera plastl\u00e5dor staplas stabilt p\u00e5 varandra. P\u00e5 s\u00e5 s\u00e4tt skapar du ett komplett skosk\u00e5p och sparar mer plats. Dessutom garanterar det f\u00f6rst\u00e4rkta materialet en l\u00e5ng livsl\u00e4ngd. Produktdetaljer:- F\u00e4rg: Gr\u00e5 &#8211; Material: Kropp av PP (polypropen), d\u00f6rr av PS (polystyren) &#8211; Storlek per l\u00e5da: 36 x 28 x 22 cm (L x B x H) &#8211; Innerm\u00e5tt per l\u00e5da: 33,5 x 25,5 x 19 cm (L x B x H) &#8211; Vikt: 6,1 kg Leveransomfattning:- 6 x skokartong &#8211; 1 x bruksanvisning (DE, EN, FR, IT, ES) SONGMICS Anm\u00e4rkningar: &#8211; Montera produkten enligt bruksanvisningen. &#8211; M\u00e4t dina skor f\u00f6re k\u00f6pet och kontrollera att de passar i skokartongerna.<\/p>\n","protected":false},"excerpt":{"rendered":"<p>SONGMICS skokartonger, 6-pack, stapelbara skoorganiserare, plastl\u00e5dor med genomskinlig d\u00f6rr, skof\u00f6rvaring, f\u00f6r skor upp till storlek 46, 36 x 28 x 22 cm, gr\u00e5 LSP031B06<\/p>\n","protected":false},"featured_media":43772,"comment_status":"open","ping_status":"closed","template":"","meta":[],"product_brand":[],"product_cat":[33],"product_tag":[],"class_list":{"0":"post-16040","1":"product","2":"type-product","3":"status-publish","4":"has-post-thumbnail","6":"product_cat-okategoriserad","8":"first","9":"instock","10":"shipping-taxable","11":"purchasable","12":"product-type-simple"},"_links":{"self":[{"href":"https:\/\/nordicmart.andreevmaster.com\/sv\/wp-json\/wp\/v2\/product\/16040","targetHints":{"allow":["GET"]}}],"collection":[{"href":"https:\/\/nordicmart.andreevmaster.com\/sv\/wp-json\/wp\/v2\/product"}],"about":[{"href":"https:\/\/nordicmart.andreevmaster.com\/sv\/wp-json\/wp\/v2\/types\/product"}],"replies":[{"embeddable":true,"href":"https:\/\/nordicmart.andreevmaster.com\/sv\/wp-json\/wp\/v2\/comments?post=16040"}],"wp:featuredmedia":[{"embeddable":true,"href":"https:\/\/nordicmart.andreevmaster.com\/sv\/wp-json\/wp\/v2\/media\/43772"}],"wp:attachment":[{"href":"https:\/\/nordicmart.andreevmaster.com\/sv\/wp-json\/wp\/v2\/media?parent=16040"}],"wp:term":[{"taxonomy":"product_brand","embeddable":true,"href":"https:\/\/nordicmart.andreevmaster.com\/sv\/wp-json\/wp\/v2\/product_brand?post=16040"},{"taxonomy":"product_cat","embeddable":true,"href":"https:\/\/nordicmart.andreevmaster.com\/sv\/wp-json\/wp\/v2\/product_cat?post=16040"},{"taxonomy":"product_tag","embeddable":true,"href":"https:\/\/nordicmart.andreevmaster.com\/sv\/wp-json\/wp\/v2\/product_tag?post=16040"}],"curies":[{"name":"wp","href":"https:\/\/api.w.org\/{rel}","templated":true}]}}