{"id":16038,"date":"2026-02-27T00:28:51","date_gmt":"2026-02-27T00:28:51","guid":{"rendered":"https:\/\/nordicmart.andreevmaster.com\/product\/songmics-transparenta-skokartonger\/"},"modified":"2026-02-27T08:19:40","modified_gmt":"2026-02-27T08:19:40","slug":"songmics-transparenta-skokartonger","status":"publish","type":"product","link":"https:\/\/nordicmart.andreevmaster.com\/sv\/produkt\/songmics-transparenta-skokartonger\/","title":{"rendered":"SONGMICS transparenta skokartonger"},"content":{"rendered":"<p>Skor i ordning Kastar du dina skor i garderoben varje g\u00e5ng, s\u00e5 att det efter ett tag bildas en kaotisk skoh\u00f6g? Du b\u00f6r bli av med denna d\u00e5liga vana! Skaffa dessa 10 skokartonger och f\u00f6rvara alla dina skor efter typ p\u00e5 ett snyggt och ordnat s\u00e4tt. Ett hem f\u00f6r alla dina skor Skor av olika typer och storlekar passar i dessa l\u00e5dor och kan f\u00f6rvaras dammfritt. Oavsett om det \u00e4r herr- eller damskor, sandaler eller l\u00f6parskor, kan detta 10-pack skokartonger (4 sm\u00e5 och 6 stora) rymma alla. \u00c4nnu b\u00e4ttre \u00e4r att flera av dessa l\u00e5dor kan staplas p\u00e5 varandra f\u00f6r att spara utrymme, vilket g\u00f6r dem perfekta f\u00f6r din hall, garderob eller f\u00f6rvaringshylla. Produktdetaljer: &#8211; F\u00e4rg: Transparent &#8211; Material: Kropp av PP (polypropen), d\u00f6rr av PS (polystyren) &#8211; M\u00e5tt per liten l\u00e5da: 23 x 36 x 14 cm (L x B x H) &#8211; M\u00e5tt per stor l\u00e5da: 28 x 36 x 21 cm (L x B x H) &#8211; Innerm\u00e5tt per liten l\u00e5da: 22,5 x 32,5 x 13,5 cm (L x B x H) &#8211; Innerm\u00e5tt per stor l\u00e5da: 27,5 x 32,5 x 20 cm (L x B x H) &#8211; Totalvikt: 3,8 kg Leveransomfattning:- 6 x liten skobox &#8211; 4 x stor skobox &#8211; 1 x bruksanvisning (DE, EN, FR, ES, IT) SONGMICS Anm\u00e4rkningar: &#8211; F\u00f6lj monteringsanvisningarna i bruksanvisningen och videon f\u00f6r att montera produkten. Demontera den inte med v\u00e5ld. &#8211; M\u00e4t dina skor f\u00f6re k\u00f6pet och kontrollera att de passar i dessa skoboxar.<\/p>\n","protected":false},"excerpt":{"rendered":"<p>SONGMICS skokartonger, 10-pack, f\u00f6rvaringsl\u00e5dor f\u00f6r skor, skoorganiserare med 6 sm\u00e5 och 4 stora l\u00e5dor, stapelbara, f\u00f6r skor i olika storlekar och typer, transparenta LSP010W01<\/p>\n","protected":false},"featured_media":43770,"comment_status":"open","ping_status":"closed","template":"","meta":[],"product_brand":[],"product_cat":[33],"product_tag":[],"class_list":{"0":"post-16038","1":"product","2":"type-product","3":"status-publish","4":"has-post-thumbnail","6":"product_cat-okategoriserad","8":"first","9":"instock","10":"shipping-taxable","11":"purchasable","12":"product-type-simple"},"_links":{"self":[{"href":"https:\/\/nordicmart.andreevmaster.com\/sv\/wp-json\/wp\/v2\/product\/16038","targetHints":{"allow":["GET"]}}],"collection":[{"href":"https:\/\/nordicmart.andreevmaster.com\/sv\/wp-json\/wp\/v2\/product"}],"about":[{"href":"https:\/\/nordicmart.andreevmaster.com\/sv\/wp-json\/wp\/v2\/types\/product"}],"replies":[{"embeddable":true,"href":"https:\/\/nordicmart.andreevmaster.com\/sv\/wp-json\/wp\/v2\/comments?post=16038"}],"wp:featuredmedia":[{"embeddable":true,"href":"https:\/\/nordicmart.andreevmaster.com\/sv\/wp-json\/wp\/v2\/media\/43770"}],"wp:attachment":[{"href":"https:\/\/nordicmart.andreevmaster.com\/sv\/wp-json\/wp\/v2\/media?parent=16038"}],"wp:term":[{"taxonomy":"product_brand","embeddable":true,"href":"https:\/\/nordicmart.andreevmaster.com\/sv\/wp-json\/wp\/v2\/product_brand?post=16038"},{"taxonomy":"product_cat","embeddable":true,"href":"https:\/\/nordicmart.andreevmaster.com\/sv\/wp-json\/wp\/v2\/product_cat?post=16038"},{"taxonomy":"product_tag","embeddable":true,"href":"https:\/\/nordicmart.andreevmaster.com\/sv\/wp-json\/wp\/v2\/product_tag?post=16038"}],"curies":[{"name":"wp","href":"https:\/\/api.w.org\/{rel}","templated":true}]}}