{"id":16033,"date":"2026-02-27T00:28:49","date_gmt":"2026-02-27T00:28:49","guid":{"rendered":"https:\/\/nordicmart.andreevmaster.com\/product\/songmics-18-pack-skokartonger\/"},"modified":"2026-02-27T08:19:39","modified_gmt":"2026-02-27T08:19:39","slug":"songmics-18-pack-skokartonger","status":"publish","type":"product","link":"https:\/\/nordicmart.andreevmaster.com\/sv\/produkt\/songmics-18-pack-skokartonger\/","title":{"rendered":"SONGMICS 18-pack skokartonger"},"content":{"rendered":"<p>SONGMICS skokartonger, 18-pack, f\u00f6rvaringsl\u00e5dor f\u00f6r skor, skoorganiserare, plastl\u00e5dor, vikbara och stapelbara, f\u00f6r skor upp till storlek 44, svart LSP007H18<br \/>\nF\u00e4rg: Transparentgr\u00e5<br \/>\nMaterial: Kropp av PP (polypropen), d\u00f6rr av PP (polypropen), ram av ABS-plast<br \/>\nStorlek per l\u00e5da: 33,5 x 23,2 x 14,3 cm (L x B x H)<br \/>\nInnerm\u00e5tt per l\u00e5da: 31,2 x 22,5 x 13,5 cm (L x B x H)<br \/>\nTotalvikt: 5,3 kg<\/p>\n","protected":false},"excerpt":{"rendered":"<p>SONGMICS skokartonger, 18-pack, f\u00f6rvaringsl\u00e5dor f\u00f6r skor, skoorganiserare, plastl\u00e5dor, vikbara och stapelbara, f\u00f6r skor upp till storlek 44, svart LSP007H18<\/p>\n","protected":false},"featured_media":43765,"comment_status":"open","ping_status":"closed","template":"","meta":[],"product_brand":[],"product_cat":[33],"product_tag":[],"class_list":{"0":"post-16033","1":"product","2":"type-product","3":"status-publish","4":"has-post-thumbnail","6":"product_cat-okategoriserad","8":"first","9":"instock","10":"shipping-taxable","11":"purchasable","12":"product-type-simple"},"_links":{"self":[{"href":"https:\/\/nordicmart.andreevmaster.com\/sv\/wp-json\/wp\/v2\/product\/16033","targetHints":{"allow":["GET"]}}],"collection":[{"href":"https:\/\/nordicmart.andreevmaster.com\/sv\/wp-json\/wp\/v2\/product"}],"about":[{"href":"https:\/\/nordicmart.andreevmaster.com\/sv\/wp-json\/wp\/v2\/types\/product"}],"replies":[{"embeddable":true,"href":"https:\/\/nordicmart.andreevmaster.com\/sv\/wp-json\/wp\/v2\/comments?post=16033"}],"wp:featuredmedia":[{"embeddable":true,"href":"https:\/\/nordicmart.andreevmaster.com\/sv\/wp-json\/wp\/v2\/media\/43765"}],"wp:attachment":[{"href":"https:\/\/nordicmart.andreevmaster.com\/sv\/wp-json\/wp\/v2\/media?parent=16033"}],"wp:term":[{"taxonomy":"product_brand","embeddable":true,"href":"https:\/\/nordicmart.andreevmaster.com\/sv\/wp-json\/wp\/v2\/product_brand?post=16033"},{"taxonomy":"product_cat","embeddable":true,"href":"https:\/\/nordicmart.andreevmaster.com\/sv\/wp-json\/wp\/v2\/product_cat?post=16033"},{"taxonomy":"product_tag","embeddable":true,"href":"https:\/\/nordicmart.andreevmaster.com\/sv\/wp-json\/wp\/v2\/product_tag?post=16033"}],"curies":[{"name":"wp","href":"https:\/\/api.w.org\/{rel}","templated":true}]}}