{"id":16032,"date":"2026-02-27T00:28:49","date_gmt":"2026-02-27T00:28:49","guid":{"rendered":"https:\/\/nordicmart.andreevmaster.com\/product\/songmics-skokartonger-12-pack-i-plast-upp-till-storlek-44\/"},"modified":"2026-02-27T08:19:38","modified_gmt":"2026-02-27T08:19:38","slug":"songmics-skokartonger-12-pack-i-plast-upp-till-storlek-44","status":"publish","type":"product","link":"https:\/\/nordicmart.andreevmaster.com\/sv\/produkt\/songmics-skokartonger-12-pack-i-plast-upp-till-storlek-44\/","title":{"rendered":"SONGMICS skokartonger, 12-pack i plast, upp till storlek 44"},"content":{"rendered":"<p>SONGMICS skokartonger, 18-pack, f\u00f6rvaringsl\u00e5dor f\u00f6r skor, skoorganiserare, plastl\u00e5dor, vikbara och stapelbara, f\u00f6r skor upp till storlek 42, svarta LSP006H18<br \/>\nF\u00e4rg: Transparent-bl\u00e4ck svart<br \/>\nMaterial: Kropp av PP-plast (polypropen), frontlucka av polystyren<br \/>\nStorlek per skokartong: 33,5 x 23,2 x 14,3 cm (L x B x H)<br \/>\nInnerm\u00e5tt per skobox: 31,2 x 22,5 x 13,5 cm (L x B x H)<br \/>\nVikt: 3,5 kg<\/p>\n","protected":false},"excerpt":{"rendered":"<p>SONGMICS skokartonger, 18-pack, f\u00f6rvaringsl\u00e5dor f\u00f6r skor, skoorganiserare, plastl\u00e5dor, vikbara och stapelbara, f\u00f6r skor upp till storlek 42, svarta LSP006H18<\/p>\n","protected":false},"featured_media":43764,"comment_status":"open","ping_status":"closed","template":"","meta":[],"product_brand":[],"product_cat":[33],"product_tag":[],"class_list":{"0":"post-16032","1":"product","2":"type-product","3":"status-publish","4":"has-post-thumbnail","6":"product_cat-okategoriserad","8":"first","9":"instock","10":"shipping-taxable","11":"purchasable","12":"product-type-simple"},"_links":{"self":[{"href":"https:\/\/nordicmart.andreevmaster.com\/sv\/wp-json\/wp\/v2\/product\/16032","targetHints":{"allow":["GET"]}}],"collection":[{"href":"https:\/\/nordicmart.andreevmaster.com\/sv\/wp-json\/wp\/v2\/product"}],"about":[{"href":"https:\/\/nordicmart.andreevmaster.com\/sv\/wp-json\/wp\/v2\/types\/product"}],"replies":[{"embeddable":true,"href":"https:\/\/nordicmart.andreevmaster.com\/sv\/wp-json\/wp\/v2\/comments?post=16032"}],"wp:featuredmedia":[{"embeddable":true,"href":"https:\/\/nordicmart.andreevmaster.com\/sv\/wp-json\/wp\/v2\/media\/43764"}],"wp:attachment":[{"href":"https:\/\/nordicmart.andreevmaster.com\/sv\/wp-json\/wp\/v2\/media?parent=16032"}],"wp:term":[{"taxonomy":"product_brand","embeddable":true,"href":"https:\/\/nordicmart.andreevmaster.com\/sv\/wp-json\/wp\/v2\/product_brand?post=16032"},{"taxonomy":"product_cat","embeddable":true,"href":"https:\/\/nordicmart.andreevmaster.com\/sv\/wp-json\/wp\/v2\/product_cat?post=16032"},{"taxonomy":"product_tag","embeddable":true,"href":"https:\/\/nordicmart.andreevmaster.com\/sv\/wp-json\/wp\/v2\/product_tag?post=16032"}],"curies":[{"name":"wp","href":"https:\/\/api.w.org\/{rel}","templated":true}]}}