{"id":16030,"date":"2026-02-27T00:28:49","date_gmt":"2026-02-27T00:28:49","guid":{"rendered":"https:\/\/nordicmart.andreevmaster.com\/product\/songmics-skokartonger-for-hogklackade-skor-svarta\/"},"modified":"2026-02-27T08:19:38","modified_gmt":"2026-02-27T08:19:38","slug":"songmics-skokartonger-for-hogklackade-skor-svarta","status":"publish","type":"product","link":"https:\/\/nordicmart.andreevmaster.com\/sv\/produkt\/songmics-skokartonger-for-hogklackade-skor-svarta\/","title":{"rendered":"SONGMICS skokartonger f\u00f6r h\u00f6gklackade skor, svarta"},"content":{"rendered":"<p>Sluta med kaotiska skoh\u00f6gar: Kastar du dina h\u00f6gklackade skor i garderoben varje g\u00e5ng, s\u00e5 att det efter ett tag bildas en kaotisk skoh\u00f6g? Du b\u00f6r bli av med denna d\u00e5liga vana! Skaffa dessa 10 skokartonger och f\u00f6rvara alla dina h\u00f6gklackade skor snyggt och prydligt tills n\u00e4sta tillf\u00e4lle att b\u00e4ra dem kommer. Ordna skor effektivt: Alla dina h\u00f6gklackade skor, st\u00f6vletter och h\u00f6gskor passar i dessa l\u00e5dor och kan f\u00f6rvaras dammfria. Beh\u00f6ver du dina vita st\u00f6vlar? Hitta dem med ett \u00f6gonkast, \u00f6ppna d\u00f6rren till respektive l\u00e5da och ta enkelt ut dina skor \u2013 perfekt n\u00e4r du har br\u00e5ttom p\u00e5 morgonen! \u00c4nnu b\u00e4ttre \u00e4r att flera av dessa l\u00e5dor kan staplas ovanp\u00e5 varandra f\u00f6r att spara utrymme, vilket g\u00f6r dem v\u00e4l l\u00e4mpade f\u00f6r din hall, garderob eller f\u00f6rvaringshylla. Produktdetaljer: &#8211; F\u00e4rg: Svart &#8211; Material: Kropp av PP (polypropen), d\u00f6rrar av PS (polystyren) &#8211; Ytterm\u00e5tt per l\u00e5da: 21 x 33,4 x 22,5 cm (L x B x H) &#8211; Innerm\u00e5tt per l\u00e5da: 20,5 x 28 x 21,5 cm (L x B x H) &#8211; Vikt: 4,2 kg Leveransomfattning: &#8211; 10 x skokartong &#8211; 1 x bruksanvisning SONGMICS Anm\u00e4rkningar:- F\u00f6lj monteringsanvisningarna i bruksanvisningen och videon f\u00f6r att montera produkten. Demontera den inte med v\u00e5ld. &#8211; M\u00e4t dina skor f\u00f6re k\u00f6pet och kontrollera att de passar i dessa skokartonger.<\/p>\n","protected":false},"excerpt":{"rendered":"<p>SONGMICS skokartonger f\u00f6r h\u00f6gklackade skor, 10-pack, skoorganiserare, av plast f\u00f6r h\u00f6gklackade skor, ankelskor, pumps, h\u00f6gskor, stapelbara, genomskinlig frontlucka, transparent LSP001W01<\/p>\n","protected":false},"featured_media":43762,"comment_status":"open","ping_status":"closed","template":"","meta":[],"product_brand":[],"product_cat":[33],"product_tag":[],"class_list":{"0":"post-16030","1":"product","2":"type-product","3":"status-publish","4":"has-post-thumbnail","6":"product_cat-okategoriserad","8":"first","9":"instock","10":"shipping-taxable","11":"purchasable","12":"product-type-simple"},"_links":{"self":[{"href":"https:\/\/nordicmart.andreevmaster.com\/sv\/wp-json\/wp\/v2\/product\/16030","targetHints":{"allow":["GET"]}}],"collection":[{"href":"https:\/\/nordicmart.andreevmaster.com\/sv\/wp-json\/wp\/v2\/product"}],"about":[{"href":"https:\/\/nordicmart.andreevmaster.com\/sv\/wp-json\/wp\/v2\/types\/product"}],"replies":[{"embeddable":true,"href":"https:\/\/nordicmart.andreevmaster.com\/sv\/wp-json\/wp\/v2\/comments?post=16030"}],"wp:featuredmedia":[{"embeddable":true,"href":"https:\/\/nordicmart.andreevmaster.com\/sv\/wp-json\/wp\/v2\/media\/43762"}],"wp:attachment":[{"href":"https:\/\/nordicmart.andreevmaster.com\/sv\/wp-json\/wp\/v2\/media?parent=16030"}],"wp:term":[{"taxonomy":"product_brand","embeddable":true,"href":"https:\/\/nordicmart.andreevmaster.com\/sv\/wp-json\/wp\/v2\/product_brand?post=16030"},{"taxonomy":"product_cat","embeddable":true,"href":"https:\/\/nordicmart.andreevmaster.com\/sv\/wp-json\/wp\/v2\/product_cat?post=16030"},{"taxonomy":"product_tag","embeddable":true,"href":"https:\/\/nordicmart.andreevmaster.com\/sv\/wp-json\/wp\/v2\/product_tag?post=16030"}],"curies":[{"name":"wp","href":"https:\/\/api.w.org\/{rel}","templated":true}]}}