{"id":16028,"date":"2026-02-27T00:28:48","date_gmt":"2026-02-27T00:28:48","guid":{"rendered":"https:\/\/nordicmart.andreevmaster.com\/product\/songmics-kubhylla-med-5-tygboxar-svart\/"},"modified":"2026-02-27T08:19:38","modified_gmt":"2026-02-27T08:19:38","slug":"songmics-kubhylla-med-5-tygboxar-svart","status":"publish","type":"product","link":"https:\/\/nordicmart.andreevmaster.com\/sv\/produkt\/songmics-kubhylla-med-5-tygboxar-svart\/","title":{"rendered":"SONGMICS kubhylla med 5 tygboxar Svart"},"content":{"rendered":"<p>Produktdetaljer: F\u00e4rg: Svart Material: Non-woven tyg, j\u00e4rnr\u00f6r, plastkopplingar Storlek: 105 x 30 x 105 cm (L x B x H) Vikt: 7,2 kg Max. belastningskapacitet per kub: 8 kg Max. belastningskapacitet f\u00f6r hela hyllan: 72 kg Leveransomfattning: 1 x kubhylla 5 x f\u00f6rvaringsl\u00e5da 1 x hammare 1 x bruksanvisning (DE, EN, FR, ES, IT) SONGMICS Anm\u00e4rkningar:Anv\u00e4nd inte produkten utomhus. F\u00e4st hyllan p\u00e5 v\u00e4ggen med den medf\u00f6ljande tippskyddet f\u00f6r att garantera produktens s\u00e4kerhet.<\/p>\n","protected":false},"excerpt":{"rendered":"<p>SONGMICS kubhyllor, 9 kubhyllor, trapphyllor med 5 f\u00f6rvaringsl\u00e5dor, DIY-f\u00f6rvaring f\u00f6r kl\u00e4der, med robust metallram, inklusive gummihammare, 105 x 30 x 105 cm, svart LSN95BK<\/p>\n","protected":false},"featured_media":43760,"comment_status":"open","ping_status":"closed","template":"","meta":[],"product_brand":[],"product_cat":[33],"product_tag":[],"class_list":{"0":"post-16028","1":"product","2":"type-product","3":"status-publish","4":"has-post-thumbnail","6":"product_cat-okategoriserad","8":"first","9":"instock","10":"shipping-taxable","11":"purchasable","12":"product-type-simple"},"_links":{"self":[{"href":"https:\/\/nordicmart.andreevmaster.com\/sv\/wp-json\/wp\/v2\/product\/16028","targetHints":{"allow":["GET"]}}],"collection":[{"href":"https:\/\/nordicmart.andreevmaster.com\/sv\/wp-json\/wp\/v2\/product"}],"about":[{"href":"https:\/\/nordicmart.andreevmaster.com\/sv\/wp-json\/wp\/v2\/types\/product"}],"replies":[{"embeddable":true,"href":"https:\/\/nordicmart.andreevmaster.com\/sv\/wp-json\/wp\/v2\/comments?post=16028"}],"wp:featuredmedia":[{"embeddable":true,"href":"https:\/\/nordicmart.andreevmaster.com\/sv\/wp-json\/wp\/v2\/media\/43760"}],"wp:attachment":[{"href":"https:\/\/nordicmart.andreevmaster.com\/sv\/wp-json\/wp\/v2\/media?parent=16028"}],"wp:term":[{"taxonomy":"product_brand","embeddable":true,"href":"https:\/\/nordicmart.andreevmaster.com\/sv\/wp-json\/wp\/v2\/product_brand?post=16028"},{"taxonomy":"product_cat","embeddable":true,"href":"https:\/\/nordicmart.andreevmaster.com\/sv\/wp-json\/wp\/v2\/product_cat?post=16028"},{"taxonomy":"product_tag","embeddable":true,"href":"https:\/\/nordicmart.andreevmaster.com\/sv\/wp-json\/wp\/v2\/product_tag?post=16028"}],"curies":[{"name":"wp","href":"https:\/\/api.w.org\/{rel}","templated":true}]}}