{"id":16027,"date":"2026-02-27T00:28:48","date_gmt":"2026-02-27T00:28:48","guid":{"rendered":"https:\/\/nordicmart.andreevmaster.com\/product\/songmics-plugghylla-med-6-kuber-gra\/"},"modified":"2026-02-27T08:19:37","modified_gmt":"2026-02-27T08:19:37","slug":"songmics-plugghylla-med-6-kuber-gra","status":"publish","type":"product","link":"https:\/\/nordicmart.andreevmaster.com\/sv\/produkt\/songmics-plugghylla-med-6-kuber-gra\/","title":{"rendered":"SONGMICS plugghylla med 6 kuber Gr\u00e5"},"content":{"rendered":"<p>F\u00f6r mycket prylar, men inte tillr\u00e4ckligt med f\u00f6rvaringsutrymme? L\u00f6sningen: Hyllan med 6 kuber och 6 matchande tygboxar \u2013 h\u00e4r f\u00f6rsvinner r\u00f6ran som genom ett trollslag och f\u00f6rem\u00e5l ligger inte l\u00e4ngre utspridda i rummet. Bokhylla Botten av non-woven-tyg och 4 r\u00f6r i den nedre delen ger varje fack ett bra grepp, s\u00e5 att du \u00e4ven kan placera tyngre f\u00f6rem\u00e5l i dem. hyllan \u00f6vertygar ocks\u00e5 med sin stabilitet, \u00e4ven n\u00e4r den \u00e4r fylld med b\u00f6cker. Tygboxarna kan anv\u00e4ndas separat och vikas ihop n\u00e4r de inte anv\u00e4nds. Skohylla Tack vare den \u00f6ppna designen kan du f\u00f6rvara dina skor inom r\u00e4ckh\u00e5ll i hyllan och f\u00f6rvara skoh\u00e5lare, skosn\u00f6ren etc. i tygboxarna.Leksaksf\u00f6rvaring F\u00e4st hyllan p\u00e5 v\u00e4ggen f\u00f6r \u00f6kad s\u00e4kerhet. Med hj\u00e4lp av denna m\u00f6bel kan ditt barn snabbt st\u00e4da undan sina leksaker, s\u00e5 att det l\u00e4tt kan hitta allt det beh\u00f6ver. Dessutom l\u00e4r det sig att ordna sina saker. Garderobshylla Som ett praktiskt tillbeh\u00f6r i kl\u00e4dkammaren hj\u00e4lper hyllan dig att h\u00e5lla ordning p\u00e5 dina kl\u00e4der. Produktdetaljer:- F\u00e4rg: svart &#8211; Material: j\u00e4rnr\u00f6r, plastkopplingar, non-woven-tyg &#8211; M\u00e5tt: 105 x 105 x 30 cm (B x H x D) &#8211; Vikt: 6,5 kg &#8211; Max. belastbarhet: 48 kg &#8211; Max. belastningskapacitet per kub: 8 kg Leveransomfattning: &#8211; 1 x f\u00f6rvaringshylla &#8211; 6 x tygboxar &#8211; 1 x gummiklubba &#8211; 2 x tippskydd &#8211; 1 x bruksanvisning (DE, EN, FR, ES, IT) SONGMICS Anm\u00e4rkning &#8211; F\u00e4st produkten p\u00e5 v\u00e4ggen med det medf\u00f6ljande tippskyddet f\u00f6r att garantera s\u00e4kerheten.- Uts\u00e4tt inte produkten f\u00f6r direkt solljus f\u00f6r att undvika skador fr\u00e5n v\u00e4derp\u00e5verkan. &#8211; Torka av tygboxarna med en fuktig trasa f\u00f6r reng\u00f6ring.<\/p>\n","protected":false},"excerpt":{"rendered":"<p>SONGMICS plugghylla 6 kubers f\u00f6rvaringssystem med 6 tygboxar DIY-sk\u00e5p multifunktionellt med robust metallram Gummihammer 105 x 105 x 30 (B x H x D) Svart LSN66BK<\/p>\n","protected":false},"featured_media":43759,"comment_status":"open","ping_status":"closed","template":"","meta":[],"product_brand":[],"product_cat":[33],"product_tag":[],"class_list":{"0":"post-16027","1":"product","2":"type-product","3":"status-publish","4":"has-post-thumbnail","6":"product_cat-okategoriserad","8":"first","9":"instock","10":"shipping-taxable","11":"purchasable","12":"product-type-simple"},"_links":{"self":[{"href":"https:\/\/nordicmart.andreevmaster.com\/sv\/wp-json\/wp\/v2\/product\/16027","targetHints":{"allow":["GET"]}}],"collection":[{"href":"https:\/\/nordicmart.andreevmaster.com\/sv\/wp-json\/wp\/v2\/product"}],"about":[{"href":"https:\/\/nordicmart.andreevmaster.com\/sv\/wp-json\/wp\/v2\/types\/product"}],"replies":[{"embeddable":true,"href":"https:\/\/nordicmart.andreevmaster.com\/sv\/wp-json\/wp\/v2\/comments?post=16027"}],"wp:featuredmedia":[{"embeddable":true,"href":"https:\/\/nordicmart.andreevmaster.com\/sv\/wp-json\/wp\/v2\/media\/43759"}],"wp:attachment":[{"href":"https:\/\/nordicmart.andreevmaster.com\/sv\/wp-json\/wp\/v2\/media?parent=16027"}],"wp:term":[{"taxonomy":"product_brand","embeddable":true,"href":"https:\/\/nordicmart.andreevmaster.com\/sv\/wp-json\/wp\/v2\/product_brand?post=16027"},{"taxonomy":"product_cat","embeddable":true,"href":"https:\/\/nordicmart.andreevmaster.com\/sv\/wp-json\/wp\/v2\/product_cat?post=16027"},{"taxonomy":"product_tag","embeddable":true,"href":"https:\/\/nordicmart.andreevmaster.com\/sv\/wp-json\/wp\/v2\/product_tag?post=16027"}],"curies":[{"name":"wp","href":"https:\/\/api.w.org\/{rel}","templated":true}]}}