{"id":16025,"date":"2026-02-27T00:28:47","date_gmt":"2026-02-27T00:28:47","guid":{"rendered":"https:\/\/nordicmart.andreevmaster.com\/product\/songmics-plasthylla-6-kuber-svart\/"},"modified":"2026-02-27T08:19:37","modified_gmt":"2026-02-27T08:19:37","slug":"songmics-plasthylla-6-kuber-svart","status":"publish","type":"product","link":"https:\/\/nordicmart.andreevmaster.com\/sv\/produkt\/songmics-plasthylla-6-kuber-svart\/","title":{"rendered":"SONGMICS plasthylla 6 kuber svart"},"content":{"rendered":"<p>F\u00f6rvaringsutrymme p\u00e5 ett annat s\u00e4tt: I sovrummet mittemot s\u00e4ngen? Eller var vill du placera detta f\u00f6rvaringshyllsystem? Oavsett om det \u00e4r i arbetsrummet som bokhylla, i barnrummet f\u00f6r f\u00f6rvaring av leksaker, i f\u00f6rr\u00e5det eller i garaget, finns det inga gr\u00e4nser f\u00f6r din fantasi! Vad ska du g\u00f6ra om tyghyllan blir smutsig? Ingen fara! Fleece-tyget \u00e4r l\u00e4ttsk\u00f6tt och vattenavvisande, en fuktig trasa r\u00e4cker f\u00f6r att reng\u00f6ra det.Produktdetaljer: F\u00e4rg: Svart Material: Fleece (100 g\/m\u00b2), st\u00e5lr\u00f6r (\u00d8 12 mm), plastkopplingar Storlek: 105 x 30 x 105 cm (L x B x H) Vikt: 1,7 kg Max. statisk belastningskapacitet per hylla: 8 kg Max. statisk belastningskapacitet: 48 kgLeveransomfattning:1 x f\u00f6rvaringshylla1 x bruksanvisning (DE, EN, FR, ES, IT)SONGMICS Anm\u00e4rkningar:St\u00e4ll hyllan mot v\u00e4ggen n\u00e4r du anv\u00e4nder den och f\u00f6rvara tunga f\u00f6rem\u00e5l i de nedre facken.Anv\u00e4nd inte denna produkt utomhus.<\/p>\n","protected":false},"excerpt":{"rendered":"<p>SONGMICS bokhylla, 6-kubshylla, DIY, trapphylla, organisat\u00f6r f\u00f6r vardagsrummet, f\u00f6rvaringshylla f\u00f6r sovrummet, barnrummet, badrummet, f\u00f6r leksaker, rumsavdelare, svart LSN63H<\/p>\n","protected":false},"featured_media":43757,"comment_status":"open","ping_status":"closed","template":"","meta":[],"product_brand":[],"product_cat":[33],"product_tag":[],"class_list":{"0":"post-16025","1":"product","2":"type-product","3":"status-publish","4":"has-post-thumbnail","6":"product_cat-okategoriserad","8":"first","9":"instock","10":"shipping-taxable","11":"purchasable","12":"product-type-simple"},"_links":{"self":[{"href":"https:\/\/nordicmart.andreevmaster.com\/sv\/wp-json\/wp\/v2\/product\/16025","targetHints":{"allow":["GET"]}}],"collection":[{"href":"https:\/\/nordicmart.andreevmaster.com\/sv\/wp-json\/wp\/v2\/product"}],"about":[{"href":"https:\/\/nordicmart.andreevmaster.com\/sv\/wp-json\/wp\/v2\/types\/product"}],"replies":[{"embeddable":true,"href":"https:\/\/nordicmart.andreevmaster.com\/sv\/wp-json\/wp\/v2\/comments?post=16025"}],"wp:featuredmedia":[{"embeddable":true,"href":"https:\/\/nordicmart.andreevmaster.com\/sv\/wp-json\/wp\/v2\/media\/43757"}],"wp:attachment":[{"href":"https:\/\/nordicmart.andreevmaster.com\/sv\/wp-json\/wp\/v2\/media?parent=16025"}],"wp:term":[{"taxonomy":"product_brand","embeddable":true,"href":"https:\/\/nordicmart.andreevmaster.com\/sv\/wp-json\/wp\/v2\/product_brand?post=16025"},{"taxonomy":"product_cat","embeddable":true,"href":"https:\/\/nordicmart.andreevmaster.com\/sv\/wp-json\/wp\/v2\/product_cat?post=16025"},{"taxonomy":"product_tag","embeddable":true,"href":"https:\/\/nordicmart.andreevmaster.com\/sv\/wp-json\/wp\/v2\/product_tag?post=16025"}],"curies":[{"name":"wp","href":"https:\/\/api.w.org\/{rel}","templated":true}]}}