{"id":16024,"date":"2026-02-27T00:28:47","date_gmt":"2026-02-27T00:28:47","guid":{"rendered":"https:\/\/nordicmart.andreevmaster.com\/product\/plasthylde-6-kuber-sort-2\/"},"modified":"2026-02-27T08:19:37","modified_gmt":"2026-02-27T08:19:37","slug":"plasthylde-6-kuber-sort-2","status":"publish","type":"product","link":"https:\/\/nordicmart.andreevmaster.com\/sv\/produkt\/plasthylde-6-kuber-sort-2\/","title":{"rendered":"Plasthylde 6 kuber sort"},"content":{"rendered":"<p>En anderledes form for opbevaringsplads: i sovev\u00e6relset overfor sengen? Eller hvor vil du gerne placere denne opbevaringshylde? I arbetsrummet som bokhylla, i barnrummet f\u00f6r f\u00f6rvaring av leksaker, i f\u00f6rr\u00e5det eller i garaget \u2013 bara fantasin s\u00e4tter gr\u00e4nser! Vad ska man g\u00f6ra om tyghyllan blir smutsig? Det beh\u00f6ver du inte oroa dig f\u00f6r! Det icke-v\u00e4vda tyget \u00e4r l\u00e4tt att underh\u00e5lla och vattenavvisande, en fuktig trasa \u00e4r allt du beh\u00f6ver f\u00f6r att reng\u00f6ra den. Produktdetaljer: F\u00e4rg: Svart Material: Icke-v\u00e4vt tyg (100 g\/m\u00b2), st\u00e5lr\u00f6r (\u00d8 12 mm), plastkopplingar Storlek: 105 x 30 x 105 cm (L x B x H) Vikt: 1,7 kg Max. statisk belastningskapacitet per hylla: 8 kg Max. statisk belastningskapacitet: 48 kgLeveransomfattning:1 x f\u00f6rvaringshylla1 x bruksanvisning (DE, EN, FR, ES, IT)SONGMICS Anm\u00e4rkningar:N\u00e4r du anv\u00e4nder hyllan ska du placera den mot v\u00e4ggen och f\u00f6rvara tunga f\u00f6rem\u00e5l i de nedre facken.Anv\u00e4nd inte denna produkt utomhus.<\/p>\n","protected":false},"excerpt":{"rendered":"<p>En anderledes form for opbevaringsplads: i sovev\u00e6relset overfor sengen? Eller hvor vil du gerne placere denne opbevaringshylde? I arbetsrummet som bokhylla, i barnrummet f\u00f6r f\u00f6rvaring av leksaker, i f\u00f6rr\u00e5det eller i garaget \u2013 bara fantasin s\u00e4tter gr\u00e4nser! Vad ska man g\u00f6ra om tyghyllan blir smutsig? Det beh\u00f6ver du inte oroa dig f\u00f6r! Det icke-v\u00e4vda tyget [&hellip;]<\/p>\n","protected":false},"featured_media":0,"comment_status":"open","ping_status":"closed","template":"","meta":[],"product_brand":[],"product_cat":[33],"product_tag":[],"class_list":{"0":"post-16024","1":"product","2":"type-product","3":"status-publish","5":"product_cat-okategoriserad","7":"first","8":"instock","9":"shipping-taxable","10":"product-type-simple"},"_links":{"self":[{"href":"https:\/\/nordicmart.andreevmaster.com\/sv\/wp-json\/wp\/v2\/product\/16024","targetHints":{"allow":["GET"]}}],"collection":[{"href":"https:\/\/nordicmart.andreevmaster.com\/sv\/wp-json\/wp\/v2\/product"}],"about":[{"href":"https:\/\/nordicmart.andreevmaster.com\/sv\/wp-json\/wp\/v2\/types\/product"}],"replies":[{"embeddable":true,"href":"https:\/\/nordicmart.andreevmaster.com\/sv\/wp-json\/wp\/v2\/comments?post=16024"}],"wp:attachment":[{"href":"https:\/\/nordicmart.andreevmaster.com\/sv\/wp-json\/wp\/v2\/media?parent=16024"}],"wp:term":[{"taxonomy":"product_brand","embeddable":true,"href":"https:\/\/nordicmart.andreevmaster.com\/sv\/wp-json\/wp\/v2\/product_brand?post=16024"},{"taxonomy":"product_cat","embeddable":true,"href":"https:\/\/nordicmart.andreevmaster.com\/sv\/wp-json\/wp\/v2\/product_cat?post=16024"},{"taxonomy":"product_tag","embeddable":true,"href":"https:\/\/nordicmart.andreevmaster.com\/sv\/wp-json\/wp\/v2\/product_tag?post=16024"}],"curies":[{"name":"wp","href":"https:\/\/api.w.org\/{rel}","templated":true}]}}