{"id":16023,"date":"2026-02-27T00:28:47","date_gmt":"2026-02-27T00:28:47","guid":{"rendered":"https:\/\/nordicmart.andreevmaster.com\/product\/songmics-plugghylla-med-tygboxar\/"},"modified":"2026-02-27T08:19:36","modified_gmt":"2026-02-27T08:19:36","slug":"songmics-plugghylla-med-tygboxar","status":"publish","type":"product","link":"https:\/\/nordicmart.andreevmaster.com\/sv\/produkt\/songmics-plugghylla-med-tygboxar\/","title":{"rendered":"SONGMICS plugghylla med tygboxar"},"content":{"rendered":"<p>Produktdetaljer: &#8211; F\u00e4rg: Gr\u00e5 melerad &#8211; Material: Non-woven tyg, st\u00e5lr\u00f6r, plastkopplingar &#8211; Storlek: 83,5 x 30 x 79,5 cm (L x B x H) &#8211; Storlek p\u00e5 varje stor l\u00e5da: 26 x 26 x 28 cm (L x B x H) &#8211; Storlek p\u00e5 varje liten l\u00e5da: 26 x 26 x 13 cm (L x B x H) &#8211; Vikt: 6,5 kg &#8211; Max. statisk belastningskapacitet per fack: 5 kg Leveransomfattning: &#8211; 1 x f\u00f6rvaringshylla &#8211; 6 x stor l\u00e5da &#8211; 3 x liten l\u00e5da &#8211; 1 x tippskydd &#8211; 1 x tillbeh\u00f6rspaket &#8211; 1 x bruksanvisning SONGMICS Anm\u00e4rkningar:- Av s\u00e4kerhetssk\u00e4l \u00e4r det f\u00f6rbjudet f\u00f6r barn att kl\u00e4ttra p\u00e5 eller leka med produkten. &#8211; F\u00e4st produkten p\u00e5 v\u00e4ggen med det medf\u00f6ljande tippskyddet f\u00f6r att garantera s\u00e4ker anv\u00e4ndning. &#8211; Produkten \u00e4r inte tv\u00e4ttbar. Reng\u00f6r bokhyllan med en fuktig trasa och torka sedan av den.<\/p>\n","protected":false},"excerpt":{"rendered":"<p>SONGMICS DIY-f\u00f6rvaringshylla med 9 fack, \u00f6ppen bokhylla f\u00f6r arbetsrum, f\u00f6rvaringsl\u00f6sning f\u00f6r vardagsrum, gr\u00e5 LSN603G12<\/p>\n","protected":false},"featured_media":43756,"comment_status":"open","ping_status":"closed","template":"","meta":[],"product_brand":[],"product_cat":[33],"product_tag":[],"class_list":{"0":"post-16023","1":"product","2":"type-product","3":"status-publish","4":"has-post-thumbnail","6":"product_cat-okategoriserad","8":"first","9":"instock","10":"shipping-taxable","11":"purchasable","12":"product-type-simple"},"_links":{"self":[{"href":"https:\/\/nordicmart.andreevmaster.com\/sv\/wp-json\/wp\/v2\/product\/16023","targetHints":{"allow":["GET"]}}],"collection":[{"href":"https:\/\/nordicmart.andreevmaster.com\/sv\/wp-json\/wp\/v2\/product"}],"about":[{"href":"https:\/\/nordicmart.andreevmaster.com\/sv\/wp-json\/wp\/v2\/types\/product"}],"replies":[{"embeddable":true,"href":"https:\/\/nordicmart.andreevmaster.com\/sv\/wp-json\/wp\/v2\/comments?post=16023"}],"wp:featuredmedia":[{"embeddable":true,"href":"https:\/\/nordicmart.andreevmaster.com\/sv\/wp-json\/wp\/v2\/media\/43756"}],"wp:attachment":[{"href":"https:\/\/nordicmart.andreevmaster.com\/sv\/wp-json\/wp\/v2\/media?parent=16023"}],"wp:term":[{"taxonomy":"product_brand","embeddable":true,"href":"https:\/\/nordicmart.andreevmaster.com\/sv\/wp-json\/wp\/v2\/product_brand?post=16023"},{"taxonomy":"product_cat","embeddable":true,"href":"https:\/\/nordicmart.andreevmaster.com\/sv\/wp-json\/wp\/v2\/product_cat?post=16023"},{"taxonomy":"product_tag","embeddable":true,"href":"https:\/\/nordicmart.andreevmaster.com\/sv\/wp-json\/wp\/v2\/product_tag?post=16023"}],"curies":[{"name":"wp","href":"https:\/\/api.w.org\/{rel}","templated":true}]}}