{"id":16021,"date":"2026-02-27T00:28:46","date_gmt":"2026-02-27T00:28:46","guid":{"rendered":"https:\/\/nordicmart.andreevmaster.com\/product\/songmics-plaststall-9-kuber-svart\/"},"modified":"2026-02-27T08:19:36","modified_gmt":"2026-02-27T08:19:36","slug":"songmics-plaststall-9-kuber-svart","status":"publish","type":"product","link":"https:\/\/nordicmart.andreevmaster.com\/sv\/produkt\/songmics-plaststall-9-kuber-svart\/","title":{"rendered":"SONGMICS plastst\u00e4ll 9 kuber svart"},"content":{"rendered":"<p>Tv\u00e5v\u00e4gsplastdelar f\u00f6r enkel och individuell monteringVattenavvisande och dammfri, l\u00e4tt att reng\u00f6raVarje fack h\u00e5lls p\u00e5 plats av 4 st\u00e5lr\u00f6r, stabilt och t\u00e5ligt.Produktdetaljer:F\u00e4rg: svart Material: 100 g\/m2 non-woven-tyg, j\u00e4rnr\u00f6r, plastkopplingar M\u00e5tt: 105 x 105 x 30 cm (B x H x D) Innerm\u00e5tt f\u00f6r varje fack: 32 x 32 x 30 cm (B x H x D) Max. belastningskapacitet f\u00f6r hela hyllan: 80 kg Max. belastningskapacitet f\u00f6r varje fack: 8 kg Vikt: 3,7 kg Leveransomfattning: 1 x f\u00f6rvaringshylla 1 x hammare 1 x bruksanvisning (DE, EN, FR, ES, IT)<\/p>\n","protected":false},"excerpt":{"rendered":"<p>SONGMICS DIY-f\u00f6rvaringshylla med 9 fack \u00f6ppen bokhylla f\u00f6r hemmakontoret Organizer f\u00f6r vardagsrummet Svart LSN45BK<\/p>\n","protected":false},"featured_media":43754,"comment_status":"open","ping_status":"closed","template":"","meta":[],"product_brand":[],"product_cat":[33],"product_tag":[],"class_list":{"0":"post-16021","1":"product","2":"type-product","3":"status-publish","4":"has-post-thumbnail","6":"product_cat-okategoriserad","8":"first","9":"instock","10":"shipping-taxable","11":"purchasable","12":"product-type-simple"},"_links":{"self":[{"href":"https:\/\/nordicmart.andreevmaster.com\/sv\/wp-json\/wp\/v2\/product\/16021","targetHints":{"allow":["GET"]}}],"collection":[{"href":"https:\/\/nordicmart.andreevmaster.com\/sv\/wp-json\/wp\/v2\/product"}],"about":[{"href":"https:\/\/nordicmart.andreevmaster.com\/sv\/wp-json\/wp\/v2\/types\/product"}],"replies":[{"embeddable":true,"href":"https:\/\/nordicmart.andreevmaster.com\/sv\/wp-json\/wp\/v2\/comments?post=16021"}],"wp:featuredmedia":[{"embeddable":true,"href":"https:\/\/nordicmart.andreevmaster.com\/sv\/wp-json\/wp\/v2\/media\/43754"}],"wp:attachment":[{"href":"https:\/\/nordicmart.andreevmaster.com\/sv\/wp-json\/wp\/v2\/media?parent=16021"}],"wp:term":[{"taxonomy":"product_brand","embeddable":true,"href":"https:\/\/nordicmart.andreevmaster.com\/sv\/wp-json\/wp\/v2\/product_brand?post=16021"},{"taxonomy":"product_cat","embeddable":true,"href":"https:\/\/nordicmart.andreevmaster.com\/sv\/wp-json\/wp\/v2\/product_cat?post=16021"},{"taxonomy":"product_tag","embeddable":true,"href":"https:\/\/nordicmart.andreevmaster.com\/sv\/wp-json\/wp\/v2\/product_tag?post=16021"}],"curies":[{"name":"wp","href":"https:\/\/api.w.org\/{rel}","templated":true}]}}