{"id":16020,"date":"2026-02-27T00:28:46","date_gmt":"2026-02-27T00:28:46","guid":{"rendered":"https:\/\/nordicmart.andreevmaster.com\/product\/songmics-plugghylla-12-kuber-4-lador-gra\/"},"modified":"2026-02-27T08:19:36","modified_gmt":"2026-02-27T08:19:36","slug":"songmics-plugghylla-12-kuber-4-lador-gra","status":"publish","type":"product","link":"https:\/\/nordicmart.andreevmaster.com\/sv\/produkt\/songmics-plugghylla-12-kuber-4-lador-gra\/","title":{"rendered":"SONGMICS plugghylla 12 kuber 4 l\u00e5dor gr\u00e5"},"content":{"rendered":"<p>Produktdetaljer: F\u00e4rg: svart Material: j\u00e4rnr\u00f6r, plastkopplingar, non-woven-tyg M\u00e5tt: 105 x 140 x 30 cm (B x H x D) Vikt: 7,2 kg Max. belastbarhet: 100 kg Max. belastningskapacitet per kub: 8 kg Leveransomfattning: 1 x f\u00f6rvaringshylla 4 x tygboxar 1 x gummiklubba 2 x tippskydd 1 x bruksanvisning (DE, EN, FR, ES, IT) SONGMICS Anm\u00e4rkningar: F\u00e4st produkten p\u00e5 v\u00e4ggen med det medf\u00f6ljande tippskyddet f\u00f6r att garantera s\u00e4kerheten.<\/p>\n","protected":false},"excerpt":{"rendered":"<p>SONGMICS DIY-hyllsystem med 4 tygboxar 12 kuber F\u00f6rvaringssystem Multifunktionellt bokhyllsystem Skohylla med robust metallram Gummihammare 105 x 140 x 30 (B x H x D) svart LSN34BK<\/p>\n","protected":false},"featured_media":43753,"comment_status":"open","ping_status":"closed","template":"","meta":[],"product_brand":[],"product_cat":[33],"product_tag":[],"class_list":{"0":"post-16020","1":"product","2":"type-product","3":"status-publish","4":"has-post-thumbnail","6":"product_cat-okategoriserad","8":"first","9":"instock","10":"shipping-taxable","11":"purchasable","12":"product-type-simple"},"_links":{"self":[{"href":"https:\/\/nordicmart.andreevmaster.com\/sv\/wp-json\/wp\/v2\/product\/16020","targetHints":{"allow":["GET"]}}],"collection":[{"href":"https:\/\/nordicmart.andreevmaster.com\/sv\/wp-json\/wp\/v2\/product"}],"about":[{"href":"https:\/\/nordicmart.andreevmaster.com\/sv\/wp-json\/wp\/v2\/types\/product"}],"replies":[{"embeddable":true,"href":"https:\/\/nordicmart.andreevmaster.com\/sv\/wp-json\/wp\/v2\/comments?post=16020"}],"wp:featuredmedia":[{"embeddable":true,"href":"https:\/\/nordicmart.andreevmaster.com\/sv\/wp-json\/wp\/v2\/media\/43753"}],"wp:attachment":[{"href":"https:\/\/nordicmart.andreevmaster.com\/sv\/wp-json\/wp\/v2\/media?parent=16020"}],"wp:term":[{"taxonomy":"product_brand","embeddable":true,"href":"https:\/\/nordicmart.andreevmaster.com\/sv\/wp-json\/wp\/v2\/product_brand?post=16020"},{"taxonomy":"product_cat","embeddable":true,"href":"https:\/\/nordicmart.andreevmaster.com\/sv\/wp-json\/wp\/v2\/product_cat?post=16020"},{"taxonomy":"product_tag","embeddable":true,"href":"https:\/\/nordicmart.andreevmaster.com\/sv\/wp-json\/wp\/v2\/product_tag?post=16020"}],"curies":[{"name":"wp","href":"https:\/\/api.w.org\/{rel}","templated":true}]}}